{"id":128158,"date":"2020-12-08T11:08:23","date_gmt":"2020-12-08T10:08:23","guid":{"rendered":"https:\/\/vivozebra.sk\/?post_type=product&#038;p=128158"},"modified":"2022-12-16T12:31:52","modified_gmt":"2022-12-16T11:31:52","slug":"smartflake-18v1","status":"publish","type":"product","link":"https:\/\/spinlama.com\/sk\/v\u00fdrobok\/smartflake-18v1\/","title":{"rendered":"Smartflake 18v1 &#8211; Multifunk\u010dn\u00fd n\u00e1stroj v tvare snehovej vlo\u010dky"},"content":{"rendered":"<p style=\"text-align: center\"><span style=\"font-size: 110%\"><strong>Inovat\u00edvny dizajn v tvare snehovej vlo\u010dky s a\u017e 18 r\u00f4znymi funkciami!<\/strong><br \/>\n<img fetchpriority=\"high\" decoding=\"async\" class=\"alignnone size-full wp-image-128161\" src=\"https:\/\/spinlama.com\/sk\/wp-content\/uploads\/sites\/5\/2020\/12\/ezgif.com-gif-maker-1.gif\" alt=\"\" width=\"320\" height=\"219\" \/><br \/>\n<strong>M\u00f4\u017ee by\u0165 pou\u017eit\u00fd na skrutkovanie, otv\u00e1ranie flia\u0161, opravu kolies, skateboardov, hra\u010diek,&#8230;<br \/>\n<img decoding=\"async\" class=\"alignnone wp-image-128162 size-medium\" src=\"https:\/\/spinlama.com\/sk\/wp-content\/uploads\/sites\/5\/2020\/12\/img4-400x400.jpg\" alt=\"\" width=\"400\" height=\"400\" srcset=\"https:\/\/spinlama.com\/sk\/wp-content\/uploads\/sites\/30\/2020\/12\/img4-400x400.jpg 400w, https:\/\/spinlama.com\/sk\/wp-content\/uploads\/sites\/30\/2020\/12\/img4-100x100.jpg 100w, https:\/\/spinlama.com\/sk\/wp-content\/uploads\/sites\/30\/2020\/12\/img4-510x510.jpg 510w, https:\/\/spinlama.com\/sk\/wp-content\/uploads\/sites\/30\/2020\/12\/img4-800x800.jpg 800w, https:\/\/spinlama.com\/sk\/wp-content\/uploads\/sites\/30\/2020\/12\/img4-280x280.jpg 280w, https:\/\/spinlama.com\/sk\/wp-content\/uploads\/sites\/30\/2020\/12\/img4-768x768.jpg 768w, https:\/\/spinlama.com\/sk\/wp-content\/uploads\/sites\/30\/2020\/12\/img4.jpg 1000w\" sizes=\"(max-width: 400px) 100vw, 400px\" \/><br \/>\n<\/strong><\/span><span style=\"font-size: 110%\"><strong>Je vyroben\u00fd z nehrdzavej\u00facej ocele.<br \/>\n<img decoding=\"async\" class=\"alignnone size-full wp-image-128164\" src=\"https:\/\/spinlama.com\/sk\/wp-content\/uploads\/sites\/5\/2020\/12\/giphy.gif\" alt=\"\" width=\"480\" height=\"255\" \/><br \/>\n<\/strong><\/span><\/p>\n<p style=\"text-align: center\"><span style=\"font-size: 110%\"><strong>V\u0161estrann\u00e9 n\u00e1radie<\/strong> &#8211; <strong>skrutkova\u010d<\/strong> (ploch\u00fd, kr\u00ed\u017eov\u00fd alebo \u0161es\u0165hrann\u00fd k\u013e\u00fa\u010d v 6 ve\u013ekostiach), <strong>n\u00f4\u017e<\/strong> (na strihanie p\u00e1sikov a \u0161n\u00far), <strong>o\u010dkov\u00fd k\u013e\u00fa\u010d na matice<\/strong> (7 ve\u013ekost\u00ed) a <strong>otv\u00e1ra\u010d na f\u013ea\u0161e<\/strong> s praktick\u00fdm otvorom, aby ste ho mohli nosi\u0165 na <strong>k\u013e\u00fa\u010denke<\/strong>.<br \/>\n<img loading=\"lazy\" decoding=\"async\" class=\"alignnone size-full wp-image-128166\" src=\"https:\/\/spinlama.com\/sk\/wp-content\/uploads\/sites\/5\/2020\/12\/8_b32e6649-55d0-4f7b-a72e-f0c955c51f49_480x480.gif\" alt=\"\" width=\"320\" height=\"208\" \/><br \/>\n<img loading=\"lazy\" decoding=\"async\" class=\"alignnone wp-image-128171 size-medium\" src=\"https:\/\/spinlama.com\/sk\/wp-content\/uploads\/sites\/5\/2020\/12\/funkcije-SK-400x400.jpg\" alt=\"\" width=\"400\" height=\"400\" srcset=\"https:\/\/spinlama.com\/sk\/wp-content\/uploads\/sites\/30\/2020\/12\/funkcije-SK-400x400.jpg 400w, https:\/\/spinlama.com\/sk\/wp-content\/uploads\/sites\/30\/2020\/12\/funkcije-SK-100x100.jpg 100w, https:\/\/spinlama.com\/sk\/wp-content\/uploads\/sites\/30\/2020\/12\/funkcije-SK-510x510.jpg 510w, https:\/\/spinlama.com\/sk\/wp-content\/uploads\/sites\/30\/2020\/12\/funkcije-SK-800x800.jpg 800w, https:\/\/spinlama.com\/sk\/wp-content\/uploads\/sites\/30\/2020\/12\/funkcije-SK-280x280.jpg 280w, https:\/\/spinlama.com\/sk\/wp-content\/uploads\/sites\/30\/2020\/12\/funkcije-SK-768x768.jpg 768w, https:\/\/spinlama.com\/sk\/wp-content\/uploads\/sites\/30\/2020\/12\/funkcije-SK.jpg 1000w\" sizes=\"(max-width: 400px) 100vw, 400px\" \/><br \/>\n<strong>Skvel\u00fd n\u00e1pad na dar\u010dek! Pote\u0161te svojich priate\u013eov a obdarujte ich \u0161ikovn\u00fdm dar\u010dekom.<\/strong><br \/>\n<img loading=\"lazy\" decoding=\"async\" class=\"alignnone size-full wp-image-128172\" src=\"https:\/\/spinlama.com\/sk\/wp-content\/uploads\/sites\/5\/2020\/12\/kolaz.png\" alt=\"\" width=\"1000\" height=\"500\" srcset=\"https:\/\/spinlama.com\/sk\/wp-content\/uploads\/sites\/30\/2020\/12\/kolaz.png 1000w, https:\/\/spinlama.com\/sk\/wp-content\/uploads\/sites\/30\/2020\/12\/kolaz-510x255.png 510w, https:\/\/spinlama.com\/sk\/wp-content\/uploads\/sites\/30\/2020\/12\/kolaz-800x400.png 800w, https:\/\/spinlama.com\/sk\/wp-content\/uploads\/sites\/30\/2020\/12\/kolaz-768x384.png 768w\" sizes=\"(max-width: 1000px) 100vw, 1000px\" \/><br \/>\n<\/span><\/p>\n<p style=\"text-align: center\"><span style=\"font-size: 110%\"><strong>Vezmite si ho so sebou kamko\u013evek idete.\u00a0<\/strong>V\u010faka svojej ve\u013ekosti a praktick\u00e9mu pou\u017eitiu sa d\u00e1 \u013eahko pripn\u00fa\u0165 na k\u013e\u00fa\u010de, vlo\u017ei\u0165 do vrecka alebo batohu.<br \/>\n<img loading=\"lazy\" decoding=\"async\" class=\"alignnone wp-image-128173 size-medium\" src=\"https:\/\/spinlama.com\/sk\/wp-content\/uploads\/sites\/5\/2020\/12\/img6-400x400.jpg\" alt=\"\" width=\"400\" height=\"400\" srcset=\"https:\/\/spinlama.com\/sk\/wp-content\/uploads\/sites\/30\/2020\/12\/img6-400x400.jpg 400w, https:\/\/spinlama.com\/sk\/wp-content\/uploads\/sites\/30\/2020\/12\/img6-100x100.jpg 100w, https:\/\/spinlama.com\/sk\/wp-content\/uploads\/sites\/30\/2020\/12\/img6-510x510.jpg 510w, https:\/\/spinlama.com\/sk\/wp-content\/uploads\/sites\/30\/2020\/12\/img6-800x800.jpg 800w, https:\/\/spinlama.com\/sk\/wp-content\/uploads\/sites\/30\/2020\/12\/img6-280x280.jpg 280w, https:\/\/spinlama.com\/sk\/wp-content\/uploads\/sites\/30\/2020\/12\/img6-768x768.jpg 768w, https:\/\/spinlama.com\/sk\/wp-content\/uploads\/sites\/30\/2020\/12\/img6.jpg 1000w\" sizes=\"(max-width: 400px) 100vw, 400px\" \/><br \/>\n<\/span><\/p>\n<p><span style=\"font-size: 110%\"><strong>Vlastnosti:<\/strong><\/span><br \/>\n<span style=\"font-size: 110%\">&#8211; Viac\u00fa\u010delov\u00fd n\u00e1stroj s 18 r\u00f4znymi funkciami<\/span><br \/>\n<span style=\"font-size: 110%\">&#8211; Skvel\u00fd n\u00e1pad na dar\u010dek<\/span><br \/>\n<span style=\"font-size: 110%\">&#8211; Mo\u017enos\u0165 pou\u017eitia kdeko\u013evek a kedyko\u013evek<\/span><br \/>\n<span style=\"font-size: 110%\">&#8211; Odoln\u00fd vo\u010di poveternostn\u00fdm vplyvom<\/span><br \/>\n<span style=\"font-size: 110%\">&#8211; K\u013e\u00fa\u010denka<\/span><\/p>\n<p><span style=\"font-size: 110%\"><strong>\u0160pecifik\u00e1cia<\/strong> <strong>:<\/strong><\/span><br \/>\n<span style=\"font-size: 110%\">&#8211; farba: strieborn\u00e1<\/span><br \/>\n<span style=\"font-size: 110%\">&#8211; materi\u00e1l: nehrdzavej\u00faca oce\u013e<\/span><br \/>\n<span style=\"font-size: 110%\">&#8211; rozmery: 4,6 cm x 4,6 cm<\/span><br \/>\n<span style=\"font-size: 110%\">&#8211; hmotnos\u0165: 78 g<\/span><\/p>\n<p style=\"text-align: center\"><span style=\"font-size: 110%\"><img loading=\"lazy\" decoding=\"async\" class=\"alignnone wp-image-128174 size-medium\" src=\"https:\/\/spinlama.com\/sk\/wp-content\/uploads\/sites\/5\/2020\/12\/img7-400x400.jpg\" alt=\"\" width=\"400\" height=\"400\" srcset=\"https:\/\/spinlama.com\/sk\/wp-content\/uploads\/sites\/30\/2020\/12\/img7-400x400.jpg 400w, https:\/\/spinlama.com\/sk\/wp-content\/uploads\/sites\/30\/2020\/12\/img7-100x100.jpg 100w, https:\/\/spinlama.com\/sk\/wp-content\/uploads\/sites\/30\/2020\/12\/img7-510x510.jpg 510w, https:\/\/spinlama.com\/sk\/wp-content\/uploads\/sites\/30\/2020\/12\/img7-800x800.jpg 800w, https:\/\/spinlama.com\/sk\/wp-content\/uploads\/sites\/30\/2020\/12\/img7-280x280.jpg 280w, https:\/\/spinlama.com\/sk\/wp-content\/uploads\/sites\/30\/2020\/12\/img7-768x768.jpg 768w, https:\/\/spinlama.com\/sk\/wp-content\/uploads\/sites\/30\/2020\/12\/img7.jpg 1000w\" sizes=\"(max-width: 400px) 100vw, 400px\" \/><\/span><\/p>\n<p>&nbsp;<\/p>\n<p><span style=\"font-size: 110%\"><strong>Balenie obsahuje<\/strong><\/span><br \/>\n<span style=\"font-size: 110%\">1x Smartflake 18 v 1<\/span><br \/>\n<span style=\"font-size: 110%\">1x kr\u00fa\u017eok na k\u013e\u00fa\u010de<\/span><br \/>\n<span style=\"font-size: 110%\">1x \u00falo\u017en\u00e9 puzdro<\/span><\/p>\n<p>&nbsp;<\/p>\n<p style=\"text-align: center\"><span style=\"font-size: 110%\"><img loading=\"lazy\" decoding=\"async\" class=\"aligncenter wp-image-128175 size-medium\" src=\"https:\/\/spinlama.com\/sk\/wp-content\/uploads\/sites\/5\/2020\/12\/img8-400x400.jpg\" alt=\"\" width=\"400\" height=\"400\" srcset=\"https:\/\/spinlama.com\/sk\/wp-content\/uploads\/sites\/30\/2020\/12\/img8-400x400.jpg 400w, https:\/\/spinlama.com\/sk\/wp-content\/uploads\/sites\/30\/2020\/12\/img8-100x100.jpg 100w, https:\/\/spinlama.com\/sk\/wp-content\/uploads\/sites\/30\/2020\/12\/img8-510x510.jpg 510w, https:\/\/spinlama.com\/sk\/wp-content\/uploads\/sites\/30\/2020\/12\/img8-800x800.jpg 800w, https:\/\/spinlama.com\/sk\/wp-content\/uploads\/sites\/30\/2020\/12\/img8-280x280.jpg 280w, https:\/\/spinlama.com\/sk\/wp-content\/uploads\/sites\/30\/2020\/12\/img8-768x768.jpg 768w, https:\/\/spinlama.com\/sk\/wp-content\/uploads\/sites\/30\/2020\/12\/img8.jpg 1000w\" sizes=\"(max-width: 400px) 100vw, 400px\" \/><\/span><\/p>\n<p style=\"text-align: center\"><span style=\"font-size: 110%\"><strong>\u00a0<\/strong><\/span><\/p>\n<p style=\"text-align: center\"><span style=\"font-size: 110%\">\u00a0<\/span><\/p>\n","protected":false},"excerpt":{"rendered":"<p><span style=\"font-size: 110%\">Viac\u00fa\u010delov\u00fd a mimoriadne praktick\u00fd n\u00e1stroj s a\u017e 18 r\u00f4znymi funkciami! M\u00f4\u017eete ho pou\u017ei\u0165 ako skrutkova\u010d alebo k\u013e\u00fa\u010d, a vyu\u017ei\u0165 napr\u00edklad pri otv\u00e1ran\u00ed krab\u00edc, flia\u0161, u\u0165ahovan\u00ed matice na kolese, strihan\u00ed \u0161n\u00fary alebo lepiacej p\u00e1sky a ove\u013ea viac.<\/span><\/p>\n<p><span style=\"font-size: 110%\">Je nenahradite\u013en\u00fdm doplnkom pri r\u00fdchlych dom\u00e1cich oprav\u00e1ch, na cest\u00e1ch, na dovolenke, na pikniku, pri kempingu alebo vonku.<\/span><\/p>\n<p><strong><span style=\"font-size: 110%\">\ud83c\udf81Skvel\u00fd n\u00e1pad na dar\u010dek!\ud83c\udf81<\/span><\/strong><\/p>\n","protected":false},"featured_media":128176,"comment_status":"closed","ping_status":"closed","template":"","meta":[],"product_cat":[468,499],"product_tag":[],"aioseo_notices":[],"_links":{"self":[{"href":"https:\/\/spinlama.com\/sk\/wp-json\/wp\/v2\/product\/128158"}],"collection":[{"href":"https:\/\/spinlama.com\/sk\/wp-json\/wp\/v2\/product"}],"about":[{"href":"https:\/\/spinlama.com\/sk\/wp-json\/wp\/v2\/types\/product"}],"replies":[{"embeddable":true,"href":"https:\/\/spinlama.com\/sk\/wp-json\/wp\/v2\/comments?post=128158"}],"version-history":[{"count":2,"href":"https:\/\/spinlama.com\/sk\/wp-json\/wp\/v2\/product\/128158\/revisions"}],"predecessor-version":[{"id":178215,"href":"https:\/\/spinlama.com\/sk\/wp-json\/wp\/v2\/product\/128158\/revisions\/178215"}],"wp:featuredmedia":[{"embeddable":true,"href":"https:\/\/spinlama.com\/sk\/wp-json\/wp\/v2\/media\/128176"}],"wp:attachment":[{"href":"https:\/\/spinlama.com\/sk\/wp-json\/wp\/v2\/media?parent=128158"}],"wp:term":[{"taxonomy":"product_cat","embeddable":true,"href":"https:\/\/spinlama.com\/sk\/wp-json\/wp\/v2\/product_cat?post=128158"},{"taxonomy":"product_tag","embeddable":true,"href":"https:\/\/spinlama.com\/sk\/wp-json\/wp\/v2\/product_tag?post=128158"}],"curies":[{"name":"wp","href":"https:\/\/api.w.org\/{rel}","templated":true}]}}