{"id":153340,"date":"2021-04-14T12:16:44","date_gmt":"2021-04-14T10:16:44","guid":{"rendered":"https:\/\/vivozebra.sk\/?post_type=product&#038;p=153340"},"modified":"2021-11-25T13:02:01","modified_gmt":"2021-11-25T12:02:01","slug":"scrubbie-brush","status":"publish","type":"product","link":"https:\/\/spinlama.com\/sk\/v\u00fdrobok\/scrubbie-brush\/","title":{"rendered":"Scrubbie Brush 3v1 &#8211; Kefa na um\u00fdvanie riadu s priestorom na tekut\u00fd prac\u00ed prostriedok"},"content":{"rendered":"<p><span style=\"font-size: 110%\"><strong>Multifunk\u010dn\u00e1 kefa Scrubbie Brush 3v1 s tromi r\u00f4znymi nadstavcami zaru\u010duje, \u017ee v\u00e1\u0161 riad bude v\u017edy \u010dist\u00fd.<\/strong> N\u00e1stavce s\u00fa vyroben\u00e9 z r\u00f4znych materi\u00e1lov a umo\u017e\u0148uj\u00fa v\u00e1m vy\u010disti\u0165 odoln\u00e9 \u0161kvrny na riade, r\u00fare, sklenen\u00fdch povrchoch, pultoch, um\u00fdvadl\u00e1ch&#8230; Kefa obsahuje aj priestor na prac\u00ed prostriedok, ktor\u00fd m\u00f4\u017eete spusti\u0165 a prida\u0165 jedin\u00fdm stla\u010den\u00edm tla\u010didla.\u00a0<\/span><\/p>\n<p><span style=\"font-size: 110%\"><img fetchpriority=\"high\" decoding=\"async\" class=\"size-full wp-image-153343 aligncenter\" src=\"https:\/\/spinlama.com\/sk\/wp-content\/uploads\/sites\/5\/2021\/04\/img5-SK.jpg\" alt=\"\" width=\"790\" height=\"790\" srcset=\"https:\/\/spinlama.com\/sk\/wp-content\/uploads\/sites\/30\/2021\/04\/img5-SK.jpg 790w, https:\/\/spinlama.com\/sk\/wp-content\/uploads\/sites\/30\/2021\/04\/img5-SK-100x100.jpg 100w, https:\/\/spinlama.com\/sk\/wp-content\/uploads\/sites\/30\/2021\/04\/img5-SK-510x510.jpg 510w, https:\/\/spinlama.com\/sk\/wp-content\/uploads\/sites\/30\/2021\/04\/img5-SK-400x400.jpg 400w, https:\/\/spinlama.com\/sk\/wp-content\/uploads\/sites\/30\/2021\/04\/img5-SK-280x280.jpg 280w, https:\/\/spinlama.com\/sk\/wp-content\/uploads\/sites\/30\/2021\/04\/img5-SK-768x768.jpg 768w\" sizes=\"(max-width: 790px) 100vw, 790px\" \/><\/span><\/p>\n<p><span style=\"font-size: 110%\"><strong>Kefa Scrubbie Brush 3v1 sa dod\u00e1va s tromi r\u00f4znymi nadstavcami<\/strong>.<\/span><\/p>\n<ul>\n<li><span style=\"font-size: 110%\"><strong>M\u00e4kk\u00e1 silik\u00f3nov\u00e1 kefa<\/strong> (ide\u00e1lna na keramiku a f\u013ea\u0161e)<\/span><\/li>\n<li><span style=\"font-size: 110%\"><strong>Celul\u00f3zov\u00e1 \u0161pongia<\/strong> (vhodn\u00e1 na sklo a potiahnut\u00e9 hrnce)<\/span><\/li>\n<li><span style=\"font-size: 110%\"><strong>Tvrd\u00e1 kefa<\/strong> (ide\u00e1lna pre um\u00fdvadl\u00e1 a \u0165a\u017eko dostupn\u00e9 rohy)<\/span><\/li>\n<\/ul>\n<p><span style=\"font-size: 110%\"><img decoding=\"async\" class=\"size-large wp-image-153345 aligncenter\" src=\"https:\/\/spinlama.com\/sk\/wp-content\/uploads\/sites\/5\/2021\/04\/img2-SK-800x800.jpg\" alt=\"\" width=\"800\" height=\"800\" srcset=\"https:\/\/spinlama.com\/sk\/wp-content\/uploads\/sites\/30\/2021\/04\/img2-SK-800x800.jpg 800w, https:\/\/spinlama.com\/sk\/wp-content\/uploads\/sites\/30\/2021\/04\/img2-SK-100x100.jpg 100w, https:\/\/spinlama.com\/sk\/wp-content\/uploads\/sites\/30\/2021\/04\/img2-SK-510x510.jpg 510w, https:\/\/spinlama.com\/sk\/wp-content\/uploads\/sites\/30\/2021\/04\/img2-SK-400x400.jpg 400w, https:\/\/spinlama.com\/sk\/wp-content\/uploads\/sites\/30\/2021\/04\/img2-SK-280x280.jpg 280w, https:\/\/spinlama.com\/sk\/wp-content\/uploads\/sites\/30\/2021\/04\/img2-SK-768x768.jpg 768w, https:\/\/spinlama.com\/sk\/wp-content\/uploads\/sites\/30\/2021\/04\/img2-SK.jpg 1500w\" sizes=\"(max-width: 800px) 100vw, 800px\" \/><\/span><\/p>\n<p>&nbsp;<\/p>\n<p><span style=\"font-size: 110%\">Kefa je navrhnut\u00e1 s d\u00f4razom na spo\u013eahlivos\u0165. Pri v\u00fdmene trysiek zarovnajte otvor na rukov\u00e4ti a tryske, jemne oto\u010dte hlavu trysky v rovnakom uhle ako rukov\u00e4\u0165 a zastavte ju, ke\u010f za\u010dujete zvuk \u201ekliknutia\u201c.<\/span><\/p>\n<p><span style=\"font-size: 110%\"><img decoding=\"async\" class=\"size-large wp-image-153346 aligncenter\" src=\"https:\/\/spinlama.com\/sk\/wp-content\/uploads\/sites\/5\/2021\/04\/img3a-800x800.jpg\" alt=\"\" width=\"800\" height=\"800\" srcset=\"https:\/\/spinlama.com\/sk\/wp-content\/uploads\/sites\/30\/2021\/04\/img3a-800x800.jpg 800w, https:\/\/spinlama.com\/sk\/wp-content\/uploads\/sites\/30\/2021\/04\/img3a-100x100.jpg 100w, https:\/\/spinlama.com\/sk\/wp-content\/uploads\/sites\/30\/2021\/04\/img3a-510x510.jpg 510w, https:\/\/spinlama.com\/sk\/wp-content\/uploads\/sites\/30\/2021\/04\/img3a-400x400.jpg 400w, https:\/\/spinlama.com\/sk\/wp-content\/uploads\/sites\/30\/2021\/04\/img3a-280x280.jpg 280w, https:\/\/spinlama.com\/sk\/wp-content\/uploads\/sites\/30\/2021\/04\/img3a-768x768.jpg 768w, https:\/\/spinlama.com\/sk\/wp-content\/uploads\/sites\/30\/2021\/04\/img3a.jpg 1000w\" sizes=\"(max-width: 800px) 100vw, 800px\" \/><\/span><\/p>\n<p><span style=\"font-size: 110%\">Je tie\u017e vybaven\u00fd priehradkou na mydlo, ktor\u00fa m\u00f4\u017eete jednoducho prida\u0165 na po\u017eadovan\u00e9 miesto stla\u010den\u00edm tla\u010didla.<\/span><br \/>\n<span style=\"font-size: 110%\">Ak chcete prida\u0165 mydlo, odskrutkujte spodok kefky a nalejte do nej sapon\u00e1t. V\u010faka kvalitn\u00e9mu tesneniu na spodnej strane s\u00fa obavy z \u00faniku \u010distiaceho prostriedku zbyto\u010dn\u00e9.<\/span><\/p>\n<p><span style=\"font-size: 110%\"><img loading=\"lazy\" decoding=\"async\" class=\"size-large wp-image-153348 aligncenter\" src=\"https:\/\/spinlama.com\/sk\/wp-content\/uploads\/sites\/5\/2021\/04\/img4-SK-1400x700.jpg\" alt=\"\" width=\"1020\" height=\"510\" srcset=\"https:\/\/spinlama.com\/sk\/wp-content\/uploads\/sites\/30\/2021\/04\/img4-SK-1400x700.jpg 1400w, https:\/\/spinlama.com\/sk\/wp-content\/uploads\/sites\/30\/2021\/04\/img4-SK-510x255.jpg 510w, https:\/\/spinlama.com\/sk\/wp-content\/uploads\/sites\/30\/2021\/04\/img4-SK-800x400.jpg 800w, https:\/\/spinlama.com\/sk\/wp-content\/uploads\/sites\/30\/2021\/04\/img4-SK-768x384.jpg 768w, https:\/\/spinlama.com\/sk\/wp-content\/uploads\/sites\/30\/2021\/04\/img4-SK-1536x768.jpg 1536w, https:\/\/spinlama.com\/sk\/wp-content\/uploads\/sites\/30\/2021\/04\/img4-SK.jpg 2000w\" sizes=\"(max-width: 1020px) 100vw, 1020px\" \/><\/span><br \/>\n<span style=\"font-size: 110%\"><img loading=\"lazy\" decoding=\"async\" class=\"aligncenter wp-image-153349 size-medium\" src=\"https:\/\/spinlama.com\/sk\/wp-content\/uploads\/sites\/5\/2021\/04\/img6-400x400.jpg\" alt=\"\" width=\"400\" height=\"400\" srcset=\"https:\/\/spinlama.com\/sk\/wp-content\/uploads\/sites\/30\/2021\/04\/img6-400x400.jpg 400w, https:\/\/spinlama.com\/sk\/wp-content\/uploads\/sites\/30\/2021\/04\/img6-100x100.jpg 100w, https:\/\/spinlama.com\/sk\/wp-content\/uploads\/sites\/30\/2021\/04\/img6-510x510.jpg 510w, https:\/\/spinlama.com\/sk\/wp-content\/uploads\/sites\/30\/2021\/04\/img6-800x800.jpg 800w, https:\/\/spinlama.com\/sk\/wp-content\/uploads\/sites\/30\/2021\/04\/img6-280x280.jpg 280w, https:\/\/spinlama.com\/sk\/wp-content\/uploads\/sites\/30\/2021\/04\/img6-768x768.jpg 768w, https:\/\/spinlama.com\/sk\/wp-content\/uploads\/sites\/30\/2021\/04\/img6.jpg 1000w\" sizes=\"(max-width: 400px) 100vw, 400px\" \/><\/span><br \/>\n<span style=\"font-size: 110%\"><img loading=\"lazy\" decoding=\"async\" class=\"size-large wp-image-153350 aligncenter\" src=\"https:\/\/spinlama.com\/sk\/wp-content\/uploads\/sites\/5\/2021\/04\/th1-spletna-819x800.jpg\" alt=\"\" width=\"819\" height=\"800\" srcset=\"https:\/\/spinlama.com\/sk\/wp-content\/uploads\/sites\/30\/2021\/04\/th1-spletna-819x800.jpg 819w, https:\/\/spinlama.com\/sk\/wp-content\/uploads\/sites\/30\/2021\/04\/th1-spletna-510x498.jpg 510w, https:\/\/spinlama.com\/sk\/wp-content\/uploads\/sites\/30\/2021\/04\/th1-spletna-410x400.jpg 410w, https:\/\/spinlama.com\/sk\/wp-content\/uploads\/sites\/30\/2021\/04\/th1-spletna-768x750.jpg 768w, https:\/\/spinlama.com\/sk\/wp-content\/uploads\/sites\/30\/2021\/04\/th1-spletna.jpg 1500w\" sizes=\"(max-width: 819px) 100vw, 819px\" \/>Rukov\u00e4\u0165 kefky je vyroben\u00e1 z nehrdzavej\u00facej ocele.<\/span><\/p>\n<p><span style=\"font-size: 110%\">Na v\u0161etk\u00fdch n\u00e1stavcoch je tie\u017e \u0161krabka na najodolnej\u0161ie \u0161kvrny na hrncoch.\u00a0<\/span><\/p>\n<p><span style=\"font-size: 110%\"><img loading=\"lazy\" decoding=\"async\" class=\"size-full wp-image-153351 aligncenter\" src=\"https:\/\/spinlama.com\/sk\/wp-content\/uploads\/sites\/5\/2021\/04\/img8.jpg\" alt=\"\" width=\"800\" height=\"800\" srcset=\"https:\/\/spinlama.com\/sk\/wp-content\/uploads\/sites\/30\/2021\/04\/img8.jpg 800w, https:\/\/spinlama.com\/sk\/wp-content\/uploads\/sites\/30\/2021\/04\/img8-100x100.jpg 100w, https:\/\/spinlama.com\/sk\/wp-content\/uploads\/sites\/30\/2021\/04\/img8-510x510.jpg 510w, https:\/\/spinlama.com\/sk\/wp-content\/uploads\/sites\/30\/2021\/04\/img8-400x400.jpg 400w, https:\/\/spinlama.com\/sk\/wp-content\/uploads\/sites\/30\/2021\/04\/img8-280x280.jpg 280w, https:\/\/spinlama.com\/sk\/wp-content\/uploads\/sites\/30\/2021\/04\/img8-768x768.jpg 768w\" sizes=\"(max-width: 800px) 100vw, 800px\" \/><\/span><\/p>\n<p><span style=\"font-size: 110%\"><strong>Vlastnosti:<\/strong><\/span><\/p>\n<ul>\n<li><span style=\"font-size: 110%\">Multifunk\u010dn\u00e1 kefa na um\u00fdvanie riadu<\/span><\/li>\n<li><span style=\"font-size: 110%\">3 r\u00f4zne n\u00e1stavce<\/span><\/li>\n<li><span style=\"font-size: 110%\">priehradka na prac\u00ed prostriedok<\/span><\/li>\n<li><span style=\"font-size: 110%\">vyroben\u00e9 z plastu, nehrdzavej\u00facej ocele a silik\u00f3nu<\/span><\/li>\n<\/ul>\n<p><span style=\"font-size: 110%\"><strong>Farba:<\/strong> zelen\u00e1<\/span><br \/>\n<span style=\"font-size: 110%\"><strong>Rozmery:<\/strong><\/span><\/p>\n<table width=\"1050\">\n<tbody>\n<tr>\n<td width=\"263\"><\/td>\n<td width=\"263\"><span style=\"font-size: 110%\">D\u0139\u017dKA<\/span><\/td>\n<td width=\"262\"><span style=\"font-size: 110%\">\u0160\u00cdRKA<\/span><\/td>\n<td width=\"262\"><span style=\"font-size: 110%\">V\u00dd\u0160KA<\/span><\/td>\n<\/tr>\n<tr>\n<td width=\"263\"><span style=\"font-size: 110%\">Cel\u00e1 kefa<\/span><\/td>\n<td width=\"263\"><span style=\"font-size: 110%\">29,5 cm<\/span><\/td>\n<td width=\"262\"><\/td>\n<td width=\"262\"><\/td>\n<\/tr>\n<tr>\n<td width=\"263\"><span style=\"font-size: 110%\">N\u00e1stavec 1<\/span><\/td>\n<td width=\"263\"><span style=\"font-size: 110%\">8 cm<\/span><\/td>\n<td width=\"262\"><span style=\"font-size: 110%\">5 cm<\/span><\/td>\n<td width=\"262\"><span style=\"font-size: 110%\">4 cm<\/span><\/td>\n<\/tr>\n<tr>\n<td width=\"263\"><span style=\"font-size: 110%\">N\u00e1stavec 2<\/span><\/td>\n<td width=\"263\"><span style=\"font-size: 110%\">7,6 cm<\/span><\/td>\n<td width=\"262\"><span style=\"font-size: 110%\">4,5 cm<\/span><\/td>\n<td width=\"262\"><span style=\"font-size: 110%\">3 cm<\/span><\/td>\n<\/tr>\n<tr>\n<td width=\"263\"><span style=\"font-size: 110%\">N\u00e1stavec 3<\/span><\/td>\n<td width=\"263\"><span style=\"font-size: 110%\">9 cm<\/span><\/td>\n<td width=\"262\"><span style=\"font-size: 110%\">5 cm<\/span><\/td>\n<td width=\"262\"><span style=\"font-size: 110%\">3,5 cm<\/span><\/td>\n<\/tr>\n<\/tbody>\n<\/table>\n<p><span style=\"font-size: 110%\"><img loading=\"lazy\" decoding=\"async\" class=\"size-large wp-image-153352 aligncenter\" src=\"https:\/\/spinlama.com\/sk\/wp-content\/uploads\/sites\/5\/2021\/04\/dimenzije-1-731x800.jpg\" alt=\"\" width=\"731\" height=\"800\" srcset=\"https:\/\/spinlama.com\/sk\/wp-content\/uploads\/sites\/30\/2021\/04\/dimenzije-1-731x800.jpg 731w, https:\/\/spinlama.com\/sk\/wp-content\/uploads\/sites\/30\/2021\/04\/dimenzije-1-510x558.jpg 510w, https:\/\/spinlama.com\/sk\/wp-content\/uploads\/sites\/30\/2021\/04\/dimenzije-1-365x400.jpg 365w, https:\/\/spinlama.com\/sk\/wp-content\/uploads\/sites\/30\/2021\/04\/dimenzije-1-768x841.jpg 768w, https:\/\/spinlama.com\/sk\/wp-content\/uploads\/sites\/30\/2021\/04\/dimenzije-1.jpg 1370w\" sizes=\"(max-width: 731px) 100vw, 731px\" \/><\/span><\/p>\n<p><span style=\"font-size: 110%\"><strong>Materi\u00e1l:<\/strong> plast, nehrdzavej\u00faca oce\u013e, celul\u00f3za, silik\u00f3n<\/span><\/p>\n<p><span style=\"font-size: 110%\"><strong>Balenie obsahuje:<\/strong><\/span><br \/>\n<span style=\"font-size: 110%\">1x Scrubbie Brush 3v1<\/span><br \/>\n<span style=\"font-size: 110%\">3x n\u00e1stavec (tvrd\u00e9 \u0161tetiny, celul\u00f3zov\u00e1 \u0161pongia a m\u00e4kk\u00e9 silik\u00f3nov\u00e9 \u0161tetiny)<\/span><\/p>\n<p><span style=\"font-size: 110%\"><img loading=\"lazy\" decoding=\"async\" class=\"size-full wp-image-153354 aligncenter\" src=\"https:\/\/spinlama.com\/sk\/wp-content\/uploads\/sites\/5\/2021\/04\/3v1.jpg\" alt=\"\" width=\"1000\" height=\"500\" srcset=\"https:\/\/spinlama.com\/sk\/wp-content\/uploads\/sites\/30\/2021\/04\/3v1.jpg 1000w, https:\/\/spinlama.com\/sk\/wp-content\/uploads\/sites\/30\/2021\/04\/3v1-510x255.jpg 510w, https:\/\/spinlama.com\/sk\/wp-content\/uploads\/sites\/30\/2021\/04\/3v1-800x400.jpg 800w, https:\/\/spinlama.com\/sk\/wp-content\/uploads\/sites\/30\/2021\/04\/3v1-768x384.jpg 768w\" sizes=\"(max-width: 1000px) 100vw, 1000px\" \/><\/span><\/p>\n<p><span style=\"font-size: 110%\"><img loading=\"lazy\" decoding=\"async\" class=\"size-large wp-image-153355 aligncenter\" src=\"https:\/\/spinlama.com\/sk\/wp-content\/uploads\/sites\/5\/2021\/04\/product-photo-800x800.jpg\" alt=\"\" width=\"800\" height=\"800\" srcset=\"https:\/\/spinlama.com\/sk\/wp-content\/uploads\/sites\/30\/2021\/04\/product-photo-800x800.jpg 800w, https:\/\/spinlama.com\/sk\/wp-content\/uploads\/sites\/30\/2021\/04\/product-photo-100x100.jpg 100w, https:\/\/spinlama.com\/sk\/wp-content\/uploads\/sites\/30\/2021\/04\/product-photo-510x510.jpg 510w, https:\/\/spinlama.com\/sk\/wp-content\/uploads\/sites\/30\/2021\/04\/product-photo-400x400.jpg 400w, https:\/\/spinlama.com\/sk\/wp-content\/uploads\/sites\/30\/2021\/04\/product-photo-280x280.jpg 280w, https:\/\/spinlama.com\/sk\/wp-content\/uploads\/sites\/30\/2021\/04\/product-photo-768x768.jpg 768w, https:\/\/spinlama.com\/sk\/wp-content\/uploads\/sites\/30\/2021\/04\/product-photo.jpg 1000w\" sizes=\"(max-width: 800px) 100vw, 800px\" \/><\/span><\/p>\n","protected":false},"excerpt":{"rendered":"<p><span style=\"font-size: 110%\"><strong>Multifunk\u010dn\u00e1 kefa Scrubbie Brush 3v1 s tromi r\u00f4znymi nadstavcami zaru\u010duje, \u017ee v\u00e1\u0161 riad bude v\u017edy \u010dist\u00fd. N\u00e1stavce s\u00fa vyroben\u00e9 z r\u00f4znych materi\u00e1lov a umo\u017e\u0148uj\u00fa v\u00e1m vy\u010disti\u0165 odoln\u00e9 \u0161kvrny na riadoch, r\u00farach, sklenen\u00fdch povrchoch, dosk\u00e1ch, drezoch&#8230; Obsahuje tie\u017e priestor na prac\u00ed prostriedok, ktor\u00fd m\u00f4\u017eete spusti\u0165 a prida\u0165 jedin\u00fdm stla\u010den\u00edm tla\u010didla.<\/strong><\/span><\/p>\n<p><span style=\"font-size: 110%\">3 r\u00f4zne n\u00e1stavce, ktor\u00e9 s\u00fa s\u00fa\u010das\u0165ou balenia:<\/span><\/p>\n<ul>\n<li><span style=\"font-size: 110%\">Tvrd\u00e1 kefa<\/span><\/li>\n<li><span style=\"font-size: 110%\">M\u00e4kk\u00e1 silik\u00f3nov\u00e1 kefa<\/span><\/li>\n<li><span style=\"font-size: 110%\">Celul\u00f3zov\u00e1 \u0161pongia<\/span><\/li>\n<\/ul>\n","protected":false},"featured_media":153355,"comment_status":"closed","ping_status":"closed","template":"","meta":[],"product_cat":[465,305],"product_tag":[],"aioseo_notices":[],"_links":{"self":[{"href":"https:\/\/spinlama.com\/sk\/wp-json\/wp\/v2\/product\/153340"}],"collection":[{"href":"https:\/\/spinlama.com\/sk\/wp-json\/wp\/v2\/product"}],"about":[{"href":"https:\/\/spinlama.com\/sk\/wp-json\/wp\/v2\/types\/product"}],"replies":[{"embeddable":true,"href":"https:\/\/spinlama.com\/sk\/wp-json\/wp\/v2\/comments?post=153340"}],"version-history":[{"count":1,"href":"https:\/\/spinlama.com\/sk\/wp-json\/wp\/v2\/product\/153340\/revisions"}],"predecessor-version":[{"id":178191,"href":"https:\/\/spinlama.com\/sk\/wp-json\/wp\/v2\/product\/153340\/revisions\/178191"}],"wp:featuredmedia":[{"embeddable":true,"href":"https:\/\/spinlama.com\/sk\/wp-json\/wp\/v2\/media\/153355"}],"wp:attachment":[{"href":"https:\/\/spinlama.com\/sk\/wp-json\/wp\/v2\/media?parent=153340"}],"wp:term":[{"taxonomy":"product_cat","embeddable":true,"href":"https:\/\/spinlama.com\/sk\/wp-json\/wp\/v2\/product_cat?post=153340"},{"taxonomy":"product_tag","embeddable":true,"href":"https:\/\/spinlama.com\/sk\/wp-json\/wp\/v2\/product_tag?post=153340"}],"curies":[{"name":"wp","href":"https:\/\/api.w.org\/{rel}","templated":true}]}}