{"id":177693,"date":"2021-11-19T11:13:19","date_gmt":"2021-11-19T10:13:19","guid":{"rendered":"https:\/\/vivozebra.sk\/?post_type=product&#038;p=177693"},"modified":"2023-09-12T09:34:41","modified_gmt":"2023-09-12T07:34:41","slug":"magicwipe","status":"publish","type":"product","link":"https:\/\/spinlama.com\/sk\/v\u00fdrobok\/magicwipe\/","title":{"rendered":"MagicWipe \u2013 Univerz\u00e1lne magick\u00e9 utierky [5 + 5 ZDARMA]"},"content":{"rendered":"\t\t<div data-elementor-type=\"product-post\" data-elementor-id=\"177693\" class=\"elementor elementor-177693\" data-elementor-post-type=\"product\">\n\t\t\t\t\t\t<section class=\"elementor-section elementor-top-section elementor-element elementor-element-59fd39ca elementor-section-boxed elementor-section-height-default elementor-section-height-default\" data-id=\"59fd39ca\" data-element_type=\"section\">\n\t\t\t\t\t\t<div class=\"elementor-container elementor-column-gap-default\">\n\t\t\t\t\t<div class=\"elementor-column elementor-col-50 elementor-top-column elementor-element elementor-element-445369ca\" data-id=\"445369ca\" data-element_type=\"column\">\n\t\t\t<div class=\"elementor-widget-wrap elementor-element-populated\">\n\t\t\t\t\t\t<div class=\"elementor-element elementor-element-2b10e08e elementor-widget elementor-widget-text-editor\" data-id=\"2b10e08e\" data-element_type=\"widget\" data-widget_type=\"text-editor.default\">\n\t\t\t\t<div class=\"elementor-widget-container\">\n\t\t\t<style>\/*! elementor - v3.21.0 - 18-04-2024 *\/\n.elementor-widget-text-editor.elementor-drop-cap-view-stacked .elementor-drop-cap{background-color:#69727d;color:#fff}.elementor-widget-text-editor.elementor-drop-cap-view-framed .elementor-drop-cap{color:#69727d;border:3px solid;background-color:transparent}.elementor-widget-text-editor:not(.elementor-drop-cap-view-default) .elementor-drop-cap{margin-top:8px}.elementor-widget-text-editor:not(.elementor-drop-cap-view-default) .elementor-drop-cap-letter{width:1em;height:1em}.elementor-widget-text-editor .elementor-drop-cap{float:left;text-align:center;line-height:1;font-size:50px}.elementor-widget-text-editor .elementor-drop-cap-letter{display:inline-block}<\/style>\t\t\t\t<h2>Ide\u00e1lne utierky na utieranie v\u0161etk\u00fdch povrchov!<\/h2><p><strong>MagicWipes<\/strong> s\u00fa vysoko \u00fa\u010dinn\u00fdm a revolu\u010dn\u00fdm rie\u0161en\u00edm, ktor\u00e9 ohromuje svet!<\/p><p>Vhodn\u00e9 na utieranie mokr\u00fdch \u0161kv\u0155n a such\u00fdch povrchov (prach).\u00a0<\/p><p>Na dosiahnutie najlep\u0161\u00edch v\u00fdsledkov pou\u017eite vlhk\u00fa handri\u010dku a potom pretrite suchou handri\u010dkou. M\u00f4\u017eete pou\u017e\u00edva\u0165 iba vodu, nepotrebujete \u017eiadne \u010distiace prostriedky.\u00a0<\/p>\t\t\t\t\t\t<\/div>\n\t\t\t\t<\/div>\n\t\t\t\t\t<\/div>\n\t\t<\/div>\n\t\t\t\t<div class=\"elementor-column elementor-col-50 elementor-top-column elementor-element elementor-element-21bda2c3\" data-id=\"21bda2c3\" data-element_type=\"column\">\n\t\t\t<div class=\"elementor-widget-wrap elementor-element-populated\">\n\t\t\t\t\t\t<div class=\"elementor-element elementor-element-709c6055 elementor-widget elementor-widget-image\" data-id=\"709c6055\" data-element_type=\"widget\" data-widget_type=\"image.default\">\n\t\t\t\t<div class=\"elementor-widget-container\">\n\t\t\t<style>\/*! elementor - v3.21.0 - 18-04-2024 *\/\n.elementor-widget-image{text-align:center}.elementor-widget-image a{display:inline-block}.elementor-widget-image a img[src$=\".svg\"]{width:48px}.elementor-widget-image img{vertical-align:middle;display:inline-block}<\/style>\t\t\t\t\t\t\t\t\t\t<img fetchpriority=\"high\" decoding=\"async\" width=\"400\" height=\"400\" src=\"https:\/\/spinlama.com\/sk\/wp-content\/uploads\/sites\/30\/2021\/11\/IMG_4553-copy-1-400x400.jpg\" class=\"attachment-medium size-medium wp-image-177697\" alt=\"\" srcset=\"https:\/\/spinlama.com\/sk\/wp-content\/uploads\/sites\/30\/2021\/11\/IMG_4553-copy-1-400x400.jpg 400w, https:\/\/spinlama.com\/sk\/wp-content\/uploads\/sites\/30\/2021\/11\/IMG_4553-copy-1-100x100.jpg 100w, https:\/\/spinlama.com\/sk\/wp-content\/uploads\/sites\/30\/2021\/11\/IMG_4553-copy-1-510x510.jpg 510w, https:\/\/spinlama.com\/sk\/wp-content\/uploads\/sites\/30\/2021\/11\/IMG_4553-copy-1-800x800.jpg 800w, https:\/\/spinlama.com\/sk\/wp-content\/uploads\/sites\/30\/2021\/11\/IMG_4553-copy-1-280x280.jpg 280w, https:\/\/spinlama.com\/sk\/wp-content\/uploads\/sites\/30\/2021\/11\/IMG_4553-copy-1-768x768.jpg 768w, https:\/\/spinlama.com\/sk\/wp-content\/uploads\/sites\/30\/2021\/11\/IMG_4553-copy-1.jpg 1000w\" sizes=\"(max-width: 400px) 100vw, 400px\" \/>\t\t\t\t\t\t\t\t\t\t\t\t\t<\/div>\n\t\t\t\t<\/div>\n\t\t\t\t\t<\/div>\n\t\t<\/div>\n\t\t\t\t\t<\/div>\n\t\t<\/section>\n\t\t\t\t<section class=\"elementor-section elementor-top-section elementor-element elementor-element-2e086388 elementor-reverse-mobile elementor-section-boxed elementor-section-height-default elementor-section-height-default\" data-id=\"2e086388\" data-element_type=\"section\">\n\t\t\t\t\t\t<div class=\"elementor-container elementor-column-gap-default\">\n\t\t\t\t\t<div class=\"elementor-column elementor-col-50 elementor-top-column elementor-element elementor-element-2e89fa38\" data-id=\"2e89fa38\" data-element_type=\"column\">\n\t\t\t<div class=\"elementor-widget-wrap elementor-element-populated\">\n\t\t\t\t\t\t<div class=\"elementor-element elementor-element-5c8bb023 elementor-arrows-position-inside elementor-pagination-position-outside elementor-widget elementor-widget-image-carousel\" data-id=\"5c8bb023\" data-element_type=\"widget\" data-settings=\"{&quot;slides_to_show&quot;:&quot;1&quot;,&quot;navigation&quot;:&quot;both&quot;,&quot;autoplay&quot;:&quot;yes&quot;,&quot;pause_on_hover&quot;:&quot;yes&quot;,&quot;pause_on_interaction&quot;:&quot;yes&quot;,&quot;autoplay_speed&quot;:5000,&quot;infinite&quot;:&quot;yes&quot;,&quot;effect&quot;:&quot;slide&quot;,&quot;speed&quot;:500}\" data-widget_type=\"image-carousel.default\">\n\t\t\t\t<div class=\"elementor-widget-container\">\n\t\t\t<style>\/*! elementor - v3.21.0 - 18-04-2024 *\/\n.elementor-widget-image-carousel .swiper,.elementor-widget-image-carousel .swiper-container{position:static}.elementor-widget-image-carousel .swiper-container .swiper-slide figure,.elementor-widget-image-carousel .swiper .swiper-slide figure{line-height:inherit}.elementor-widget-image-carousel .swiper-slide{text-align:center}.elementor-image-carousel-wrapper:not(.swiper-container-initialized):not(.swiper-initialized) .swiper-slide{max-width:calc(100% \/ var(--e-image-carousel-slides-to-show, 3))}<\/style>\t\t<div class=\"elementor-image-carousel-wrapper swiper\" dir=\"ltr\">\n\t\t\t<div class=\"elementor-image-carousel swiper-wrapper\" aria-live=\"off\">\n\t\t\t\t\t\t\t\t<div class=\"swiper-slide\" role=\"group\" aria-roledescription=\"slide\" aria-label=\"1 of 4\"><figure class=\"swiper-slide-inner\"><img decoding=\"async\" class=\"swiper-slide-image\" src=\"https:\/\/spinlama.com\/sk\/wp-content\/uploads\/sites\/30\/2021\/11\/EW-img-11-400x400.jpg\" alt=\"EW-img-11.jpg\" \/><\/figure><\/div><div class=\"swiper-slide\" role=\"group\" aria-roledescription=\"slide\" aria-label=\"2 of 4\"><figure class=\"swiper-slide-inner\"><img decoding=\"async\" class=\"swiper-slide-image\" src=\"https:\/\/spinlama.com\/sk\/wp-content\/uploads\/sites\/30\/2021\/11\/IMG_4554-1-400x400.jpg\" alt=\"IMG_4554-1.jpg\" \/><\/figure><\/div><div class=\"swiper-slide\" role=\"group\" aria-roledescription=\"slide\" aria-label=\"3 of 4\"><figure class=\"swiper-slide-inner\"><img decoding=\"async\" class=\"swiper-slide-image\" src=\"https:\/\/spinlama.com\/sk\/wp-content\/uploads\/sites\/30\/2021\/11\/EW-img-12-copy-1-400x400.jpg\" alt=\"EW-img-12-copy-1.jpg\" \/><\/figure><\/div><div class=\"swiper-slide\" role=\"group\" aria-roledescription=\"slide\" aria-label=\"4 of 4\"><figure class=\"swiper-slide-inner\"><img decoding=\"async\" class=\"swiper-slide-image\" src=\"https:\/\/spinlama.com\/sk\/wp-content\/uploads\/sites\/30\/2021\/11\/IMG_4394-removebg-preview-copy-400x400.png\" alt=\"IMG_4394-removebg-preview-copy.png\" \/><\/figure><\/div>\t\t\t<\/div>\n\t\t\t\t\t\t\t\t\t\t\t\t<div class=\"elementor-swiper-button elementor-swiper-button-prev\" role=\"button\" tabindex=\"0\">\n\t\t\t\t\t\t<i aria-hidden=\"true\" class=\"eicon-chevron-left\"><\/i>\t\t\t\t\t<\/div>\n\t\t\t\t\t<div class=\"elementor-swiper-button elementor-swiper-button-next\" role=\"button\" tabindex=\"0\">\n\t\t\t\t\t\t<i aria-hidden=\"true\" class=\"eicon-chevron-right\"><\/i>\t\t\t\t\t<\/div>\n\t\t\t\t\n\t\t\t\t\t\t\t\t\t<div class=\"swiper-pagination\"><\/div>\n\t\t\t\t\t\t\t\t\t<\/div>\n\t\t\t\t<\/div>\n\t\t\t\t<\/div>\n\t\t\t\t\t<\/div>\n\t\t<\/div>\n\t\t\t\t<div class=\"elementor-column elementor-col-50 elementor-top-column elementor-element elementor-element-edf3071\" data-id=\"edf3071\" data-element_type=\"column\">\n\t\t\t<div class=\"elementor-widget-wrap elementor-element-populated\">\n\t\t\t\t\t\t<div class=\"elementor-element elementor-element-741df1fc elementor-widget elementor-widget-text-editor\" data-id=\"741df1fc\" data-element_type=\"widget\" data-widget_type=\"text-editor.default\">\n\t\t\t\t<div class=\"elementor-widget-container\">\n\t\t\t\t\t\t\t<p>\u2705 Utierky s\u00fa vynikaj\u00face na utieranie a le\u0161tenie sklenen\u00fdch povrchov.<\/p><p>\u2705 Materi\u00e1l je m\u00e4kk\u00fd, odoln\u00fd a \u0161etrn\u00fd k poko\u017eke.<\/p><p>\u2705 \u00da\u010dinne odstra\u0148uje aj prach z hladk\u00fdch povrchov.<\/p><p>\u2705 M\u00f4\u017eete ich pou\u017ei\u0165 aj na vy\u010distenie obrazoviek va\u0161ich zariaden\u00ed bez akejko\u013evek n\u00e1mahy.<\/p>\t\t\t\t\t\t<\/div>\n\t\t\t\t<\/div>\n\t\t\t\t\t<\/div>\n\t\t<\/div>\n\t\t\t\t\t<\/div>\n\t\t<\/section>\n\t\t\t\t<section class=\"elementor-section elementor-top-section elementor-element elementor-element-209d1a97 elementor-section-boxed elementor-section-height-default elementor-section-height-default\" data-id=\"209d1a97\" data-element_type=\"section\">\n\t\t\t\t\t\t<div class=\"elementor-container elementor-column-gap-default\">\n\t\t\t\t\t<div class=\"elementor-column elementor-col-50 elementor-top-column elementor-element elementor-element-19ceb40b\" data-id=\"19ceb40b\" data-element_type=\"column\">\n\t\t\t<div class=\"elementor-widget-wrap elementor-element-populated\">\n\t\t\t\t\t\t<div class=\"elementor-element elementor-element-53f2b elementor-widget elementor-widget-text-editor\" data-id=\"53f2b\" data-element_type=\"widget\" data-widget_type=\"text-editor.default\">\n\t\t\t\t<div class=\"elementor-widget-container\">\n\t\t\t\t\t\t\t<p>XL utierky, ktor\u00e9 skr\u00e1tka mus\u00edte ma\u0165! Le\u0161tia, utieraj\u00fa a \u010distia bez zanech\u00e1vania st\u00f4p po vl\u00e1knach \ud83d\ude0a<\/p>\t\t\t\t\t\t<\/div>\n\t\t\t\t<\/div>\n\t\t\t\t\t<\/div>\n\t\t<\/div>\n\t\t\t\t<div class=\"elementor-column elementor-col-50 elementor-top-column elementor-element elementor-element-7dd235f2\" data-id=\"7dd235f2\" data-element_type=\"column\">\n\t\t\t<div class=\"elementor-widget-wrap elementor-element-populated\">\n\t\t\t\t\t\t<div class=\"elementor-element elementor-element-168b95f0 elementor-widget elementor-widget-image\" data-id=\"168b95f0\" data-element_type=\"widget\" data-widget_type=\"image.default\">\n\t\t\t\t<div class=\"elementor-widget-container\">\n\t\t\t\t\t\t\t\t\t\t\t\t\t<img decoding=\"async\" width=\"400\" height=\"400\" src=\"https:\/\/spinlama.com\/sk\/wp-content\/uploads\/sites\/30\/2021\/11\/MW-PROD-5-SK-400x400.jpg\" class=\"attachment-medium size-medium wp-image-177706\" alt=\"\" srcset=\"https:\/\/spinlama.com\/sk\/wp-content\/uploads\/sites\/30\/2021\/11\/MW-PROD-5-SK-400x400.jpg 400w, https:\/\/spinlama.com\/sk\/wp-content\/uploads\/sites\/30\/2021\/11\/MW-PROD-5-SK-100x100.jpg 100w, https:\/\/spinlama.com\/sk\/wp-content\/uploads\/sites\/30\/2021\/11\/MW-PROD-5-SK-510x510.jpg 510w, https:\/\/spinlama.com\/sk\/wp-content\/uploads\/sites\/30\/2021\/11\/MW-PROD-5-SK-800x800.jpg 800w, https:\/\/spinlama.com\/sk\/wp-content\/uploads\/sites\/30\/2021\/11\/MW-PROD-5-SK-280x280.jpg 280w, https:\/\/spinlama.com\/sk\/wp-content\/uploads\/sites\/30\/2021\/11\/MW-PROD-5-SK-768x768.jpg 768w, https:\/\/spinlama.com\/sk\/wp-content\/uploads\/sites\/30\/2021\/11\/MW-PROD-5-SK.jpg 1080w\" sizes=\"(max-width: 400px) 100vw, 400px\" \/>\t\t\t\t\t\t\t\t\t\t\t\t\t<\/div>\n\t\t\t\t<\/div>\n\t\t\t\t\t<\/div>\n\t\t<\/div>\n\t\t\t\t\t<\/div>\n\t\t<\/section>\n\t\t\t\t<section class=\"elementor-section elementor-top-section elementor-element elementor-element-222bc9c7 elementor-section-boxed elementor-section-height-default elementor-section-height-default\" data-id=\"222bc9c7\" data-element_type=\"section\">\n\t\t\t\t\t\t<div class=\"elementor-container elementor-column-gap-default\">\n\t\t\t\t\t<div class=\"elementor-column elementor-col-100 elementor-top-column elementor-element elementor-element-38c74990\" data-id=\"38c74990\" data-element_type=\"column\">\n\t\t\t<div class=\"elementor-widget-wrap elementor-element-populated\">\n\t\t\t\t\t\t<div class=\"elementor-element elementor-element-25e92151 elementor-widget elementor-widget-accordion\" data-id=\"25e92151\" data-element_type=\"widget\" data-widget_type=\"accordion.default\">\n\t\t\t\t<div class=\"elementor-widget-container\">\n\t\t\t<style>\/*! elementor - v3.21.0 - 18-04-2024 *\/\n.elementor-accordion{text-align:start}.elementor-accordion .elementor-accordion-item{border:1px solid #d5d8dc}.elementor-accordion .elementor-accordion-item+.elementor-accordion-item{border-top:none}.elementor-accordion .elementor-tab-title{margin:0;padding:15px 20px;font-weight:700;line-height:1;cursor:pointer;outline:none}.elementor-accordion .elementor-tab-title .elementor-accordion-icon{display:inline-block;width:1.5em}.elementor-accordion .elementor-tab-title .elementor-accordion-icon svg{width:1em;height:1em}.elementor-accordion .elementor-tab-title .elementor-accordion-icon.elementor-accordion-icon-right{float:right;text-align:right}.elementor-accordion .elementor-tab-title .elementor-accordion-icon.elementor-accordion-icon-left{float:left;text-align:left}.elementor-accordion .elementor-tab-title .elementor-accordion-icon .elementor-accordion-icon-closed{display:block}.elementor-accordion .elementor-tab-title .elementor-accordion-icon .elementor-accordion-icon-opened,.elementor-accordion .elementor-tab-title.elementor-active .elementor-accordion-icon-closed{display:none}.elementor-accordion .elementor-tab-title.elementor-active .elementor-accordion-icon-opened{display:block}.elementor-accordion .elementor-tab-content{display:none;padding:15px 20px;border-top:1px solid #d5d8dc}@media (max-width:767px){.elementor-accordion .elementor-tab-title{padding:12px 15px}.elementor-accordion .elementor-tab-title .elementor-accordion-icon{width:1.2em}.elementor-accordion .elementor-tab-content{padding:7px 15px}}.e-con-inner>.elementor-widget-accordion,.e-con>.elementor-widget-accordion{width:var(--container-widget-width);--flex-grow:var(--container-widget-flex-grow)}<\/style>\t\t<div class=\"elementor-accordion\">\n\t\t\t\t\t\t\t<div class=\"elementor-accordion-item\">\n\t\t\t\t\t<div id=\"elementor-tab-title-6361\" class=\"elementor-tab-title\" data-tab=\"1\" role=\"button\" aria-controls=\"elementor-tab-content-6361\" aria-expanded=\"false\">\n\t\t\t\t\t\t\t\t\t\t\t\t\t<span class=\"elementor-accordion-icon elementor-accordion-icon-left\" aria-hidden=\"true\">\n\t\t\t\t\t\t\t\t\t\t\t\t\t\t\t<span class=\"elementor-accordion-icon-closed\"><i class=\"fas fa-plus\"><\/i><\/span>\n\t\t\t\t\t\t\t\t<span class=\"elementor-accordion-icon-opened\"><i class=\"fas fa-minus\"><\/i><\/span>\n\t\t\t\t\t\t\t\t\t\t\t\t\t\t<\/span>\n\t\t\t\t\t\t\t\t\t\t\t\t<a class=\"elementor-accordion-title\" tabindex=\"0\">\t Vlastnosti<\/a>\n\t\t\t\t\t<\/div>\n\t\t\t\t\t<div id=\"elementor-tab-content-6361\" class=\"elementor-tab-content elementor-clearfix\" data-tab=\"1\" role=\"region\" aria-labelledby=\"elementor-tab-title-6361\"><p><strong>Rozmery<\/strong>: 30 cm x 40 cm<br \/>Balenie obsahuje sadu 5 utierok<br \/><strong>Farby v sade: <\/strong>Classic (zelen\u00e1, biela, fialov\u00e1, siv\u00e1 a modr\u00e1) \/ Pastel (b\u00e9\u017eov\u00e1, biela, ru\u017eov\u00e1, siv\u00e1 a modr\u00e1)<\/p><ul><li>V balen\u00ed dostanete 5 utierok <strong>+ 5 utierok zadarmo <\/strong><\/li><li>Antibakteri\u00e1lne absorp\u010dn\u00e9 utierky<\/li><li>Hygienick\u00e9<\/li><li>M\u00e4kk\u00fd, odoln\u00fd a trv\u00e1cny materi\u00e1l<\/li><li>Opakovane pou\u017eite\u013en\u00e9\u00a0<\/li><li>Utierky s\u00fa prate\u013en\u00e9<\/li><li>Udr\u017eia a\u017e 7-n\u00e1sobok svojej hmotnosti<\/li><li>\u0160etrn\u00e9 k \u017eivotn\u00e9mu prostrediu<\/li><li>Na \u010distenie s nimi sta\u010d\u00ed voda, nepotrebujete chemik\u00e1lie ani \u010distiace prostriedky<\/li><li>Nezanech\u00e1vaj\u00fa stopy\u00a0<\/li><\/ul><p>P\u00f4vod: \u010c\u00edna<\/p><\/div>\n\t\t\t\t<\/div>\n\t\t\t\t\t\t\t<div class=\"elementor-accordion-item\">\n\t\t\t\t\t<div id=\"elementor-tab-title-6362\" class=\"elementor-tab-title\" data-tab=\"2\" role=\"button\" aria-controls=\"elementor-tab-content-6362\" aria-expanded=\"false\">\n\t\t\t\t\t\t\t\t\t\t\t\t\t<span class=\"elementor-accordion-icon elementor-accordion-icon-left\" aria-hidden=\"true\">\n\t\t\t\t\t\t\t\t\t\t\t\t\t\t\t<span class=\"elementor-accordion-icon-closed\"><i class=\"fas fa-plus\"><\/i><\/span>\n\t\t\t\t\t\t\t\t<span class=\"elementor-accordion-icon-opened\"><i class=\"fas fa-minus\"><\/i><\/span>\n\t\t\t\t\t\t\t\t\t\t\t\t\t\t<\/span>\n\t\t\t\t\t\t\t\t\t\t\t\t<a class=\"elementor-accordion-title\" tabindex=\"0\">Materi\u00e1l<\/a>\n\t\t\t\t\t<\/div>\n\t\t\t\t\t<div id=\"elementor-tab-content-6362\" class=\"elementor-tab-content elementor-clearfix\" data-tab=\"2\" role=\"region\" aria-labelledby=\"elementor-tab-title-6362\"><p>Mikrovl\u00e1kna<\/p><p><strong>Zlo\u017eenie:\u00a0<\/strong>Zmes kompozitn\u00fdch vl\u00e1kien polyester\/nyl\u00f3n.<\/p><\/div>\n\t\t\t\t<\/div>\n\t\t\t\t\t\t\t<div class=\"elementor-accordion-item\">\n\t\t\t\t\t<div id=\"elementor-tab-title-6363\" class=\"elementor-tab-title\" data-tab=\"3\" role=\"button\" aria-controls=\"elementor-tab-content-6363\" aria-expanded=\"false\">\n\t\t\t\t\t\t\t\t\t\t\t\t\t<span class=\"elementor-accordion-icon elementor-accordion-icon-left\" aria-hidden=\"true\">\n\t\t\t\t\t\t\t\t\t\t\t\t\t\t\t<span class=\"elementor-accordion-icon-closed\"><i class=\"fas fa-plus\"><\/i><\/span>\n\t\t\t\t\t\t\t\t<span class=\"elementor-accordion-icon-opened\"><i class=\"fas fa-minus\"><\/i><\/span>\n\t\t\t\t\t\t\t\t\t\t\t\t\t\t<\/span>\n\t\t\t\t\t\t\t\t\t\t\t\t<a class=\"elementor-accordion-title\" tabindex=\"0\">Starostlivos\u0165<\/a>\n\t\t\t\t\t<\/div>\n\t\t\t\t\t<div id=\"elementor-tab-content-6363\" class=\"elementor-tab-content elementor-clearfix\" data-tab=\"3\" role=\"region\" aria-labelledby=\"elementor-tab-title-6363\"><p>Utierky mo\u017eno pra\u0165 ru\u010dne alebo v pr\u00e1\u010dke.\u00a0<\/p><\/div>\n\t\t\t\t<\/div>\n\t\t\t\t\t\t\t\t<\/div>\n\t\t\t\t<\/div>\n\t\t\t\t<\/div>\n\t\t\t\t\t<\/div>\n\t\t<\/div>\n\t\t\t\t\t<\/div>\n\t\t<\/section>\n\t\t\t\t<\/div>\n\t\t","protected":false},"excerpt":{"rendered":"<p>Sada <strong>5 + 5<\/strong> utierok na \u010distenie v\u0161etk\u00fdch hladk\u00fdch povrchov bez zanech\u00e1vania zvy\u0161kov.<\/p>\n<p>Nikde tak lacn\u00e9! Absorp\u010dn\u00e9, viac\u00fa\u010delov\u00e9 <strong>XL utierky 5 + 5 GR\u00c1TIS<\/strong> len do vypredania z\u00e1sob.<br \/>\nLe\u0161tia, utieraj\u00fa a \u010distia bez zanechania st\u00f4p po vl\u00e1knach \ud83d\ude0a Utierky, ktor\u00e9 jednoducho mus\u00edte ma\u0165!<\/p>\n<p><strong>VE\u013dKOS\u0164 XL:\u00a0<\/strong>30 x 40 CM<strong><br \/>\nFarby v sade: Classic (zelen\u00e1, biela, fialov\u00e1, siv\u00e1 a modr\u00e1) \/ Pastel (b\u00e9\u017eov\u00e1, biela, ru\u017eov\u00e1, siv\u00e1 a modr\u00e1)<br \/>\n<\/strong><\/p>\n","protected":false},"featured_media":218385,"comment_status":"closed","ping_status":"closed","template":"","meta":[],"product_cat":[503,465,468,502,492],"product_tag":[],"aioseo_notices":[],"_links":{"self":[{"href":"https:\/\/spinlama.com\/sk\/wp-json\/wp\/v2\/product\/177693"}],"collection":[{"href":"https:\/\/spinlama.com\/sk\/wp-json\/wp\/v2\/product"}],"about":[{"href":"https:\/\/spinlama.com\/sk\/wp-json\/wp\/v2\/types\/product"}],"replies":[{"embeddable":true,"href":"https:\/\/spinlama.com\/sk\/wp-json\/wp\/v2\/comments?post=177693"}],"version-history":[{"count":18,"href":"https:\/\/spinlama.com\/sk\/wp-json\/wp\/v2\/product\/177693\/revisions"}],"predecessor-version":[{"id":220757,"href":"https:\/\/spinlama.com\/sk\/wp-json\/wp\/v2\/product\/177693\/revisions\/220757"}],"wp:featuredmedia":[{"embeddable":true,"href":"https:\/\/spinlama.com\/sk\/wp-json\/wp\/v2\/media\/218385"}],"wp:attachment":[{"href":"https:\/\/spinlama.com\/sk\/wp-json\/wp\/v2\/media?parent=177693"}],"wp:term":[{"taxonomy":"product_cat","embeddable":true,"href":"https:\/\/spinlama.com\/sk\/wp-json\/wp\/v2\/product_cat?post=177693"},{"taxonomy":"product_tag","embeddable":true,"href":"https:\/\/spinlama.com\/sk\/wp-json\/wp\/v2\/product_tag?post=177693"}],"curies":[{"name":"wp","href":"https:\/\/api.w.org\/{rel}","templated":true}]}}