{"id":196008,"date":"2022-07-08T08:35:07","date_gmt":"2022-07-08T06:35:07","guid":{"rendered":"https:\/\/vivozebra.sk\/?post_type=product&#038;p=196008"},"modified":"2025-06-30T09:12:09","modified_gmt":"2025-06-30T07:12:09","slug":"shaveup","status":"publish","type":"product","link":"https:\/\/spinlama.com\/sk\/v\u00fdrobok\/shaveup\/","title":{"rendered":"ShaveUp &#8211; nanokry\u0161talick\u00e1 pom\u00f4cka na odstra\u0148ovanie ch\u013apkov"},"content":{"rendered":"\t\t<div data-elementor-type=\"product-post\" data-elementor-id=\"196008\" class=\"elementor elementor-196008\" data-elementor-post-type=\"product\">\n\t\t\t\t\t\t<section class=\"elementor-section elementor-top-section elementor-element elementor-element-20825e25 elementor-section-boxed elementor-section-height-default elementor-section-height-default\" data-id=\"20825e25\" data-element_type=\"section\" data-settings=\"{&quot;shape_divider_top&quot;:&quot;waves&quot;}\">\n\t\t\t\t\t<div class=\"elementor-shape elementor-shape-top\" data-negative=\"false\">\n\t\t\t<svg xmlns=\"http:\/\/www.w3.org\/2000\/svg\" viewBox=\"0 0 1000 100\" preserveAspectRatio=\"none\">\n\t<path class=\"elementor-shape-fill\" d=\"M421.9,6.5c22.6-2.5,51.5,0.4,75.5,5.3c23.6,4.9,70.9,23.5,100.5,35.7c75.8,32.2,133.7,44.5,192.6,49.7\n\tc23.6,2.1,48.7,3.5,103.4-2.5c54.7-6,106.2-25.6,106.2-25.6V0H0v30.3c0,0,72,32.6,158.4,30.5c39.2-0.7,92.8-6.7,134-22.4\n\tc21.2-8.1,52.2-18.2,79.7-24.2C399.3,7.9,411.6,7.5,421.9,6.5z\"\/>\n<\/svg>\t\t<\/div>\n\t\t\t\t\t<div class=\"elementor-container elementor-column-gap-default\">\n\t\t\t\t\t<div class=\"elementor-column elementor-col-50 elementor-top-column elementor-element elementor-element-b99d2b8\" data-id=\"b99d2b8\" data-element_type=\"column\">\n\t\t\t<div class=\"elementor-widget-wrap elementor-element-populated\">\n\t\t\t\t\t\t<div class=\"elementor-element elementor-element-3075eb87 elementor-widget elementor-widget-text-editor\" data-id=\"3075eb87\" data-element_type=\"widget\" data-widget_type=\"text-editor.default\">\n\t\t\t\t<div class=\"elementor-widget-container\">\n\t\t\t<style>\/*! elementor - v3.21.0 - 18-04-2024 *\/\n.elementor-widget-text-editor.elementor-drop-cap-view-stacked .elementor-drop-cap{background-color:#69727d;color:#fff}.elementor-widget-text-editor.elementor-drop-cap-view-framed .elementor-drop-cap{color:#69727d;border:3px solid;background-color:transparent}.elementor-widget-text-editor:not(.elementor-drop-cap-view-default) .elementor-drop-cap{margin-top:8px}.elementor-widget-text-editor:not(.elementor-drop-cap-view-default) .elementor-drop-cap-letter{width:1em;height:1em}.elementor-widget-text-editor .elementor-drop-cap{float:left;text-align:center;line-height:1;font-size:50px}.elementor-widget-text-editor .elementor-drop-cap-letter{display:inline-block}<\/style>\t\t\t\t<p style=\"text-align: center\"><span style=\"font-size: 110%\">\u013dahko <strong>odstr\u00e1\u0148te ne\u017eiaduce ch\u013apky<\/strong> na tele a doprajte si <strong>poko\u017eku hladk\u00fa a jemn\u00fa<\/strong> ako po epil\u00e1cii.<\/span><\/p><p style=\"text-align: center\"><span style=\"font-size: 110%\">Okrem odstra\u0148ovania ch\u013apkov <strong>ShaveUp<\/strong>poskytuje aj pr\u00edjemn\u00fd <strong>peeling poko\u017eky<\/strong>.<\/span><\/p>\t\t\t\t\t\t<\/div>\n\t\t\t\t<\/div>\n\t\t\t\t\t<\/div>\n\t\t<\/div>\n\t\t\t\t<div class=\"elementor-column elementor-col-50 elementor-top-column elementor-element elementor-element-1bd52a12\" data-id=\"1bd52a12\" data-element_type=\"column\">\n\t\t\t<div class=\"elementor-widget-wrap elementor-element-populated\">\n\t\t\t\t\t\t<div class=\"elementor-element elementor-element-7b7ceb66 elementor-widget elementor-widget-image\" data-id=\"7b7ceb66\" data-element_type=\"widget\" data-widget_type=\"image.default\">\n\t\t\t\t<div class=\"elementor-widget-container\">\n\t\t\t<style>\/*! elementor - v3.21.0 - 18-04-2024 *\/\n.elementor-widget-image{text-align:center}.elementor-widget-image a{display:inline-block}.elementor-widget-image a img[src$=\".svg\"]{width:48px}.elementor-widget-image img{vertical-align:middle;display:inline-block}<\/style>\t\t\t\t\t\t\t\t\t\t<img fetchpriority=\"high\" decoding=\"async\" width=\"800\" height=\"800\" src=\"https:\/\/spinlama.com\/sk\/wp-content\/uploads\/sites\/30\/2022\/07\/7-800x800.jpg\" class=\"attachment-large size-large wp-image-195975\" alt=\"\" srcset=\"https:\/\/spinlama.com\/sk\/wp-content\/uploads\/sites\/30\/2022\/07\/7-800x800.jpg 800w, https:\/\/spinlama.com\/sk\/wp-content\/uploads\/sites\/30\/2022\/07\/7-100x100.jpg 100w, https:\/\/spinlama.com\/sk\/wp-content\/uploads\/sites\/30\/2022\/07\/7-510x510.jpg 510w, https:\/\/spinlama.com\/sk\/wp-content\/uploads\/sites\/30\/2022\/07\/7-400x400.jpg 400w, https:\/\/spinlama.com\/sk\/wp-content\/uploads\/sites\/30\/2022\/07\/7-280x280.jpg 280w, https:\/\/spinlama.com\/sk\/wp-content\/uploads\/sites\/30\/2022\/07\/7-768x768.jpg 768w, https:\/\/spinlama.com\/sk\/wp-content\/uploads\/sites\/30\/2022\/07\/7.jpg 1000w\" sizes=\"(max-width: 800px) 100vw, 800px\" \/>\t\t\t\t\t\t\t\t\t\t\t\t\t<\/div>\n\t\t\t\t<\/div>\n\t\t\t\t\t<\/div>\n\t\t<\/div>\n\t\t\t\t\t<\/div>\n\t\t<\/section>\n\t\t\t\t<section class=\"elementor-section elementor-top-section elementor-element elementor-element-6e75159e elementor-reverse-mobile elementor-section-boxed elementor-section-height-default elementor-section-height-default\" data-id=\"6e75159e\" data-element_type=\"section\">\n\t\t\t\t\t\t<div class=\"elementor-container elementor-column-gap-default\">\n\t\t\t\t\t<div class=\"elementor-column elementor-col-50 elementor-top-column elementor-element elementor-element-27aac6f4\" data-id=\"27aac6f4\" data-element_type=\"column\">\n\t\t\t<div class=\"elementor-widget-wrap elementor-element-populated\">\n\t\t\t\t\t\t<div class=\"elementor-element elementor-element-2267c20b elementor-widget elementor-widget-html\" data-id=\"2267c20b\" data-element_type=\"widget\" data-widget_type=\"html.default\">\n\t\t\t\t<div class=\"elementor-widget-container\">\n\t\t\t<div style=\"position: relative; padding-top: 100%;\"><iframe src=\"https:\/\/iframe.mediadelivery.net\/embed\/53604\/4bf45765-ebdc-45df-be7b-dbe9cd7d4ae4?autoplay=true&loop=true&muted=true\" loading=\"lazy\" style=\"border: none; position: absolute; top: 0; height: 100%; width: 100%;\" allow=\"accelerometer; gyroscope; autoplay; encrypted-media; picture-in-picture;\" allowfullscreen=\"true\"><\/iframe><\/div>\t\t<\/div>\n\t\t\t\t<\/div>\n\t\t\t\t\t<\/div>\n\t\t<\/div>\n\t\t\t\t<div class=\"elementor-column elementor-col-50 elementor-top-column elementor-element elementor-element-48ccce2d\" data-id=\"48ccce2d\" data-element_type=\"column\">\n\t\t\t<div class=\"elementor-widget-wrap elementor-element-populated\">\n\t\t\t\t\t\t<div class=\"elementor-element elementor-element-3b9303fa elementor-widget elementor-widget-text-editor\" data-id=\"3b9303fa\" data-element_type=\"widget\" data-widget_type=\"text-editor.default\">\n\t\t\t\t<div class=\"elementor-widget-container\">\n\t\t\t\t\t\t\t<p style=\"text-align: center\"><span style=\"font-size: 110%\">Podr\u00e1\u017eden\u00e1 poko\u017eka, zarastaj\u00face ch\u013apky a hrbol\u010deky s\u00fa u\u017e minulos\u0165ou. Odstra\u0148ovanie ch\u013apkov pomocou ShaveUp je pr\u00edjemnej\u0161ie, zdrav\u0161ie pre va\u0161u poko\u017eku a mimoriadne \u00fa\u010dinn\u00e9.\u00a0<\/span><\/p>\t\t\t\t\t\t<\/div>\n\t\t\t\t<\/div>\n\t\t\t\t\t<\/div>\n\t\t<\/div>\n\t\t\t\t\t<\/div>\n\t\t<\/section>\n\t\t\t\t<section class=\"elementor-section elementor-top-section elementor-element elementor-element-38cca05f elementor-section-boxed elementor-section-height-default elementor-section-height-default\" data-id=\"38cca05f\" data-element_type=\"section\" data-settings=\"{&quot;shape_divider_top&quot;:&quot;opacity-fan&quot;}\">\n\t\t\t\t\t<div class=\"elementor-shape elementor-shape-top\" data-negative=\"false\">\n\t\t\t<svg xmlns=\"http:\/\/www.w3.org\/2000\/svg\" viewBox=\"0 0 283.5 19.6\" preserveAspectRatio=\"none\">\n\t<path class=\"elementor-shape-fill\" style=\"opacity:0.33\" d=\"M0 0L0 18.8 141.8 4.1 283.5 18.8 283.5 0z\"\/>\n\t<path class=\"elementor-shape-fill\" style=\"opacity:0.33\" d=\"M0 0L0 12.6 141.8 4 283.5 12.6 283.5 0z\"\/>\n\t<path class=\"elementor-shape-fill\" style=\"opacity:0.33\" d=\"M0 0L0 6.4 141.8 4 283.5 6.4 283.5 0z\"\/>\n\t<path class=\"elementor-shape-fill\" d=\"M0 0L0 1.2 141.8 4 283.5 1.2 283.5 0z\"\/>\n<\/svg>\t\t<\/div>\n\t\t\t\t\t<div class=\"elementor-container elementor-column-gap-default\">\n\t\t\t\t\t<div class=\"elementor-column elementor-col-50 elementor-top-column elementor-element elementor-element-38dd1b6f\" data-id=\"38dd1b6f\" data-element_type=\"column\">\n\t\t\t<div class=\"elementor-widget-wrap elementor-element-populated\">\n\t\t\t\t\t\t<div class=\"elementor-element elementor-element-1dafd307 elementor-widget elementor-widget-text-editor\" data-id=\"1dafd307\" data-element_type=\"widget\" data-widget_type=\"text-editor.default\">\n\t\t\t\t<div class=\"elementor-widget-container\">\n\t\t\t\t\t\t\t<h3 style=\"text-align: center\"><span style=\"font-size: 110%\"><strong>\u0160etrn\u00e9 k poko\u017eke a ur\u010den\u00e9 na opakovan\u00e9 pou\u017eitie<\/strong><\/span><\/h3><p style=\"text-align: center\"><span style=\"font-size: 110%\">V\u010faka technol\u00f3gii s nanokry\u0161t\u00e1lov\u00fdm povrchom ShaveUp zaist\u00ed, \u017ee ch\u013apky sa pri jemnom tren\u00ed o poko\u017eku prilepia a odpadn\u00fa. Je ur\u010den\u00fd na <strong>viacn\u00e1sobn\u00e9 pou\u017eitie<\/strong>.<strong>\u00a0<\/strong>\u0160etr\u00ed to va\u0161e peniaze a chr\u00e1ni na\u0161e \u017eivotn\u00e9 prostredie.<\/span><\/p>\t\t\t\t\t\t<\/div>\n\t\t\t\t<\/div>\n\t\t\t\t\t<\/div>\n\t\t<\/div>\n\t\t\t\t<div class=\"elementor-column elementor-col-50 elementor-top-column elementor-element elementor-element-6912c6d4\" data-id=\"6912c6d4\" data-element_type=\"column\">\n\t\t\t<div class=\"elementor-widget-wrap elementor-element-populated\">\n\t\t\t\t\t\t<div class=\"elementor-element elementor-element-dc66251 elementor-widget elementor-widget-image\" data-id=\"dc66251\" data-element_type=\"widget\" data-widget_type=\"image.default\">\n\t\t\t\t<div class=\"elementor-widget-container\">\n\t\t\t\t\t\t\t\t\t\t\t\t\t<img decoding=\"async\" width=\"800\" height=\"800\" src=\"https:\/\/spinlama.com\/sk\/wp-content\/uploads\/sites\/30\/2022\/07\/10-800x800.jpg\" class=\"attachment-large size-large wp-image-195976\" alt=\"\" srcset=\"https:\/\/spinlama.com\/sk\/wp-content\/uploads\/sites\/30\/2022\/07\/10-800x800.jpg 800w, https:\/\/spinlama.com\/sk\/wp-content\/uploads\/sites\/30\/2022\/07\/10-100x100.jpg 100w, https:\/\/spinlama.com\/sk\/wp-content\/uploads\/sites\/30\/2022\/07\/10-510x510.jpg 510w, https:\/\/spinlama.com\/sk\/wp-content\/uploads\/sites\/30\/2022\/07\/10-400x400.jpg 400w, https:\/\/spinlama.com\/sk\/wp-content\/uploads\/sites\/30\/2022\/07\/10-280x280.jpg 280w, https:\/\/spinlama.com\/sk\/wp-content\/uploads\/sites\/30\/2022\/07\/10-768x768.jpg 768w, https:\/\/spinlama.com\/sk\/wp-content\/uploads\/sites\/30\/2022\/07\/10.jpg 1000w\" sizes=\"(max-width: 800px) 100vw, 800px\" \/>\t\t\t\t\t\t\t\t\t\t\t\t\t<\/div>\n\t\t\t\t<\/div>\n\t\t\t\t\t<\/div>\n\t\t<\/div>\n\t\t\t\t\t<\/div>\n\t\t<\/section>\n\t\t\t\t<section class=\"elementor-section elementor-top-section elementor-element elementor-element-35e30f24 elementor-reverse-mobile elementor-section-boxed elementor-section-height-default elementor-section-height-default\" data-id=\"35e30f24\" data-element_type=\"section\">\n\t\t\t\t\t\t<div class=\"elementor-container elementor-column-gap-default\">\n\t\t\t\t\t<div class=\"elementor-column elementor-col-50 elementor-top-column elementor-element elementor-element-a7f5933\" data-id=\"a7f5933\" data-element_type=\"column\">\n\t\t\t<div class=\"elementor-widget-wrap elementor-element-populated\">\n\t\t\t\t\t\t<div class=\"elementor-element elementor-element-ac6bd7a elementor-widget elementor-widget-image\" data-id=\"ac6bd7a\" data-element_type=\"widget\" data-widget_type=\"image.default\">\n\t\t\t\t<div class=\"elementor-widget-container\">\n\t\t\t\t\t\t\t\t\t\t\t\t\t<img decoding=\"async\" width=\"800\" height=\"800\" src=\"https:\/\/spinlama.com\/sk\/wp-content\/uploads\/sites\/30\/2022\/07\/11-800x800.png\" class=\"attachment-large size-large wp-image-195990\" alt=\"\" srcset=\"https:\/\/spinlama.com\/sk\/wp-content\/uploads\/sites\/30\/2022\/07\/11-800x800.png 800w, https:\/\/spinlama.com\/sk\/wp-content\/uploads\/sites\/30\/2022\/07\/11-100x100.png 100w, https:\/\/spinlama.com\/sk\/wp-content\/uploads\/sites\/30\/2022\/07\/11-510x510.png 510w, https:\/\/spinlama.com\/sk\/wp-content\/uploads\/sites\/30\/2022\/07\/11-400x400.png 400w, https:\/\/spinlama.com\/sk\/wp-content\/uploads\/sites\/30\/2022\/07\/11-280x280.png 280w, https:\/\/spinlama.com\/sk\/wp-content\/uploads\/sites\/30\/2022\/07\/11-768x768.png 768w, https:\/\/spinlama.com\/sk\/wp-content\/uploads\/sites\/30\/2022\/07\/11.png 1000w\" sizes=\"(max-width: 800px) 100vw, 800px\" \/>\t\t\t\t\t\t\t\t\t\t\t\t\t<\/div>\n\t\t\t\t<\/div>\n\t\t\t\t\t<\/div>\n\t\t<\/div>\n\t\t\t\t<div class=\"elementor-column elementor-col-50 elementor-top-column elementor-element elementor-element-274147bf\" data-id=\"274147bf\" data-element_type=\"column\">\n\t\t\t<div class=\"elementor-widget-wrap elementor-element-populated\">\n\t\t\t\t\t\t<div class=\"elementor-element elementor-element-72019203 elementor-widget elementor-widget-text-editor\" data-id=\"72019203\" data-element_type=\"widget\" data-widget_type=\"text-editor.default\">\n\t\t\t\t<div class=\"elementor-widget-container\">\n\t\t\t\t\t\t\t<h3 style=\"text-align: center\"><span style=\"font-size: 110%\"><strong>100% bez chemik\u00e1li\u00ed<\/strong>.<\/span><\/h3><p style=\"text-align: center\"><span style=\"font-size: 110%\">Ide\u00e1lna vo\u013eba pre citliv\u00fa poko\u017eku. 100% bez chemik\u00e1li\u00ed. M\u00f4\u017ee sa pou\u017e\u00edva\u0165 bez \u010fal\u0161ieho kr\u00e9mu alebo peny na holenie.<\/span><\/p>\t\t\t\t\t\t<\/div>\n\t\t\t\t<\/div>\n\t\t\t\t\t<\/div>\n\t\t<\/div>\n\t\t\t\t\t<\/div>\n\t\t<\/section>\n\t\t\t\t<section class=\"elementor-section elementor-top-section elementor-element elementor-element-53f1b188 elementor-section-boxed elementor-section-height-default elementor-section-height-default\" data-id=\"53f1b188\" data-element_type=\"section\">\n\t\t\t\t\t\t<div class=\"elementor-container elementor-column-gap-default\">\n\t\t\t\t\t<div class=\"elementor-column elementor-col-50 elementor-top-column elementor-element elementor-element-38c058c2\" data-id=\"38c058c2\" data-element_type=\"column\">\n\t\t\t<div class=\"elementor-widget-wrap elementor-element-populated\">\n\t\t\t\t\t\t<div class=\"elementor-element elementor-element-24523797 elementor-widget elementor-widget-text-editor\" data-id=\"24523797\" data-element_type=\"widget\" data-widget_type=\"text-editor.default\">\n\t\t\t\t<div class=\"elementor-widget-container\">\n\t\t\t\t\t\t\t<h3 style=\"text-align: center\"><span style=\"font-size: 110%\"><strong>\u00dadr\u017eba<\/strong><\/span><\/h3><p style=\"text-align: center\"><span style=\"font-size: 110%\">ShaveUp \u013eahko umyjete pod te\u010d\u00facou vodou.\u00a0<\/span><\/p>\t\t\t\t\t\t<\/div>\n\t\t\t\t<\/div>\n\t\t\t\t\t<\/div>\n\t\t<\/div>\n\t\t\t\t<div class=\"elementor-column elementor-col-50 elementor-top-column elementor-element elementor-element-3740afd1\" data-id=\"3740afd1\" data-element_type=\"column\">\n\t\t\t<div class=\"elementor-widget-wrap elementor-element-populated\">\n\t\t\t\t\t\t<div class=\"elementor-element elementor-element-53e66d59 elementor-widget elementor-widget-image\" data-id=\"53e66d59\" data-element_type=\"widget\" data-widget_type=\"image.default\">\n\t\t\t\t<div class=\"elementor-widget-container\">\n\t\t\t\t\t\t\t\t\t\t\t\t\t<img loading=\"lazy\" decoding=\"async\" width=\"800\" height=\"800\" src=\"https:\/\/spinlama.com\/sk\/wp-content\/uploads\/sites\/30\/2022\/07\/11-800x800.jpg\" class=\"attachment-large size-large wp-image-195978\" alt=\"\" srcset=\"https:\/\/spinlama.com\/sk\/wp-content\/uploads\/sites\/30\/2022\/07\/11-800x800.jpg 800w, https:\/\/spinlama.com\/sk\/wp-content\/uploads\/sites\/30\/2022\/07\/11-100x100.jpg 100w, https:\/\/spinlama.com\/sk\/wp-content\/uploads\/sites\/30\/2022\/07\/11-510x510.jpg 510w, https:\/\/spinlama.com\/sk\/wp-content\/uploads\/sites\/30\/2022\/07\/11-400x400.jpg 400w, https:\/\/spinlama.com\/sk\/wp-content\/uploads\/sites\/30\/2022\/07\/11-280x280.jpg 280w, https:\/\/spinlama.com\/sk\/wp-content\/uploads\/sites\/30\/2022\/07\/11-768x768.jpg 768w, https:\/\/spinlama.com\/sk\/wp-content\/uploads\/sites\/30\/2022\/07\/11.jpg 1000w\" sizes=\"(max-width: 800px) 100vw, 800px\" \/>\t\t\t\t\t\t\t\t\t\t\t\t\t<\/div>\n\t\t\t\t<\/div>\n\t\t\t\t\t<\/div>\n\t\t<\/div>\n\t\t\t\t\t<\/div>\n\t\t<\/section>\n\t\t\t\t<section class=\"elementor-section elementor-top-section elementor-element elementor-element-4ab61aeb elementor-section-boxed elementor-section-height-default elementor-section-height-default\" data-id=\"4ab61aeb\" data-element_type=\"section\" data-settings=\"{&quot;background_background&quot;:&quot;classic&quot;}\">\n\t\t\t\t\t\t<div class=\"elementor-container elementor-column-gap-default\">\n\t\t\t\t\t<div class=\"elementor-column elementor-col-100 elementor-top-column elementor-element elementor-element-4b3b336e\" data-id=\"4b3b336e\" data-element_type=\"column\">\n\t\t\t<div class=\"elementor-widget-wrap elementor-element-populated\">\n\t\t\t\t\t\t<div class=\"elementor-element elementor-element-2913c1dc elementor-widget elementor-widget-accordion\" data-id=\"2913c1dc\" data-element_type=\"widget\" data-widget_type=\"accordion.default\">\n\t\t\t\t<div class=\"elementor-widget-container\">\n\t\t\t<style>\/*! elementor - v3.21.0 - 18-04-2024 *\/\n.elementor-accordion{text-align:start}.elementor-accordion .elementor-accordion-item{border:1px solid #d5d8dc}.elementor-accordion .elementor-accordion-item+.elementor-accordion-item{border-top:none}.elementor-accordion .elementor-tab-title{margin:0;padding:15px 20px;font-weight:700;line-height:1;cursor:pointer;outline:none}.elementor-accordion .elementor-tab-title .elementor-accordion-icon{display:inline-block;width:1.5em}.elementor-accordion .elementor-tab-title .elementor-accordion-icon svg{width:1em;height:1em}.elementor-accordion .elementor-tab-title .elementor-accordion-icon.elementor-accordion-icon-right{float:right;text-align:right}.elementor-accordion .elementor-tab-title .elementor-accordion-icon.elementor-accordion-icon-left{float:left;text-align:left}.elementor-accordion .elementor-tab-title .elementor-accordion-icon .elementor-accordion-icon-closed{display:block}.elementor-accordion .elementor-tab-title .elementor-accordion-icon .elementor-accordion-icon-opened,.elementor-accordion .elementor-tab-title.elementor-active .elementor-accordion-icon-closed{display:none}.elementor-accordion .elementor-tab-title.elementor-active .elementor-accordion-icon-opened{display:block}.elementor-accordion .elementor-tab-content{display:none;padding:15px 20px;border-top:1px solid #d5d8dc}@media (max-width:767px){.elementor-accordion .elementor-tab-title{padding:12px 15px}.elementor-accordion .elementor-tab-title .elementor-accordion-icon{width:1.2em}.elementor-accordion .elementor-tab-content{padding:7px 15px}}.e-con-inner>.elementor-widget-accordion,.e-con>.elementor-widget-accordion{width:var(--container-widget-width);--flex-grow:var(--container-widget-flex-grow)}<\/style>\t\t<div class=\"elementor-accordion\">\n\t\t\t\t\t\t\t<div class=\"elementor-accordion-item\">\n\t\t\t\t\t<div id=\"elementor-tab-title-6891\" class=\"elementor-tab-title\" data-tab=\"1\" role=\"button\" aria-controls=\"elementor-tab-content-6891\" aria-expanded=\"false\">\n\t\t\t\t\t\t\t\t\t\t\t\t\t<span class=\"elementor-accordion-icon elementor-accordion-icon-left\" aria-hidden=\"true\">\n\t\t\t\t\t\t\t\t\t\t\t\t\t\t\t<span class=\"elementor-accordion-icon-closed\"><i class=\"fas fa-chevron-down\"><\/i><\/span>\n\t\t\t\t\t\t\t\t<span class=\"elementor-accordion-icon-opened\"><i class=\"fas fa-chevron-up\"><\/i><\/span>\n\t\t\t\t\t\t\t\t\t\t\t\t\t\t<\/span>\n\t\t\t\t\t\t\t\t\t\t\t\t<a class=\"elementor-accordion-title\" tabindex=\"0\">Vlastnosti<\/a>\n\t\t\t\t\t<\/div>\n\t\t\t\t\t<div id=\"elementor-tab-content-6891\" class=\"elementor-tab-content elementor-clearfix\" data-tab=\"1\" role=\"region\" aria-labelledby=\"elementor-tab-title-6891\"><div class=\"ql-block\" data-block-id=\"block-2fab4c49-20f4-4252-a05a-4eaf87c34eba\"><p><strong>Materi\u00e1l:<\/strong>\u00a0ABS plast + povrch z nano skla<\/p><p><strong>Ve\u013ekos\u0165:<\/strong>\u00a0110 x 70 x 25 mm<\/p><p><strong>Hmotnos\u0165:<\/strong>\u00a075 g<\/p><p><strong>Farba:<\/strong>\u00a0Oran\u017eovo-zlat\u00e1 farba<\/p><p><strong>Balenie obsahuje:<\/strong>\u00a01 x n\u00e1stroj na odstra\u0148ovanie ch\u013apkov ShaveUp<\/p><p>Opakovane pou\u017eite\u013en\u00e9.<\/p><\/div><\/div>\n\t\t\t\t<\/div>\n\t\t\t\t\t\t\t<div class=\"elementor-accordion-item\">\n\t\t\t\t\t<div id=\"elementor-tab-title-6892\" class=\"elementor-tab-title\" data-tab=\"2\" role=\"button\" aria-controls=\"elementor-tab-content-6892\" aria-expanded=\"false\">\n\t\t\t\t\t\t\t\t\t\t\t\t\t<span class=\"elementor-accordion-icon elementor-accordion-icon-left\" aria-hidden=\"true\">\n\t\t\t\t\t\t\t\t\t\t\t\t\t\t\t<span class=\"elementor-accordion-icon-closed\"><i class=\"fas fa-chevron-down\"><\/i><\/span>\n\t\t\t\t\t\t\t\t<span class=\"elementor-accordion-icon-opened\"><i class=\"fas fa-chevron-up\"><\/i><\/span>\n\t\t\t\t\t\t\t\t\t\t\t\t\t\t<\/span>\n\t\t\t\t\t\t\t\t\t\t\t\t<a class=\"elementor-accordion-title\" tabindex=\"0\">ODPOR\u00da\u010cANIA A TIPY NA POU\u017d\u00cdVANIE<\/a>\n\t\t\t\t\t<\/div>\n\t\t\t\t\t<div id=\"elementor-tab-content-6892\" class=\"elementor-tab-content elementor-clearfix\" data-tab=\"2\" role=\"region\" aria-labelledby=\"elementor-tab-title-6892\"><p>Odstra\u0148ova\u010d ch\u013apkov ShaveUp sa najlep\u0161ie pou\u017e\u00edva na such\u00fa a vy\u010disten\u00fa poko\u017eku.\u00a0<\/p><p>Na jeho pou\u017e\u00edvanie nepotrebujete \u017eiadne \u010fal\u0161ie holiace kr\u00e9my, g\u00e9ly ani ple\u0165ov\u00e9 vody.\u00a0<\/p><p><strong>*Varovanie<\/strong><br \/>Nepou\u017e\u00edvajte na extr\u00e9mne citliv\u00fa a podr\u00e1\u017eden\u00fa poko\u017eku!<\/p><p>* Nepou\u017e\u00edvajte ho na poko\u017eke pr\u00edli\u0161 silno<\/p><p>* Odpor\u00fa\u010dan\u00e9 pou\u017eitie: raz za 2-3 t\u00fd\u017edne<\/p><p>*Ak m\u00e1te citliv\u00fa poko\u017eku, vysk\u00fa\u0161ajte ho najsk\u00f4r na ruk\u00e1ch alebo noh\u00e1ch<\/p><p>* Neodpor\u00fa\u010dame kry\u0161t\u00e1l pou\u017e\u00edva\u0165 na citlivej poko\u017eke, ako s\u00fa<\/p><p>tv\u00e1r a podpazu\u0161ie, preto\u017ee m\u00f4\u017ee sp\u00f4sobi\u0165 podr\u00e1\u017edenie poko\u017eky<\/p><\/div>\n\t\t\t\t<\/div>\n\t\t\t\t\t\t\t\t<\/div>\n\t\t\t\t<\/div>\n\t\t\t\t<\/div>\n\t\t\t\t\t<\/div>\n\t\t<\/div>\n\t\t\t\t\t<\/div>\n\t\t<\/section>\n\t\t\t\t<\/div>\n\t\t","protected":false},"excerpt":{"rendered":"<p><span style=\"font-size: 110%\">C\u00ed\u0165te sa sebaisto vo svojej ko\u017ei. \u013dahko a \u00fa\u010dinne odstra\u0148uje ch\u013apky.\u00a0<strong>Kdeko\u013evek. Kedyko\u013evek.<br \/>\n<\/strong><\/span><\/p>\n<ul>\n<li><span style=\"font-size: 110%\"><strong>Bezpe\u010dn\u00e9 a k poko\u017eke \u0161etrn\u00e9 zariadenie<\/strong><\/span><\/li>\n<li><span style=\"font-size: 110%\"><strong>Vhodn\u00e9 pre v\u0161etky \u010dasti tela<\/strong><\/span><\/li>\n<li><span style=\"font-size: 110%\"><strong>Zariadenie \u0161etrn\u00e9 k citlivej poko\u017eke<\/strong><\/span><\/li>\n<li><span style=\"font-size: 110%\"><strong>Opakovane pou\u017eite\u013en\u00e9<\/strong><\/span><\/li>\n<li><span style=\"font-size: 110%\"><strong>\u013dahko sa \u010dist\u00ed<\/strong><\/span><\/li>\n<li><span style=\"font-size: 110%\"><strong>Z\u00e1rove\u0148 jemne \u010dist\u00ed poko\u017eku a odumret\u00e9 ko\u017en\u00e9 bunky<\/strong><\/span><\/li>\n<li><span style=\"font-size: 110%\"><strong>Nie je to bolestiv\u00e9<\/strong><\/span><\/li>\n<\/ul>\n","protected":false},"featured_media":195995,"comment_status":"closed","ping_status":"closed","template":"","meta":[],"product_cat":[499,466,492,467],"product_tag":[],"aioseo_notices":[],"_links":{"self":[{"href":"https:\/\/spinlama.com\/sk\/wp-json\/wp\/v2\/product\/196008"}],"collection":[{"href":"https:\/\/spinlama.com\/sk\/wp-json\/wp\/v2\/product"}],"about":[{"href":"https:\/\/spinlama.com\/sk\/wp-json\/wp\/v2\/types\/product"}],"replies":[{"embeddable":true,"href":"https:\/\/spinlama.com\/sk\/wp-json\/wp\/v2\/comments?post=196008"}],"version-history":[{"count":15,"href":"https:\/\/spinlama.com\/sk\/wp-json\/wp\/v2\/product\/196008\/revisions"}],"predecessor-version":[{"id":226258,"href":"https:\/\/spinlama.com\/sk\/wp-json\/wp\/v2\/product\/196008\/revisions\/226258"}],"wp:featuredmedia":[{"embeddable":true,"href":"https:\/\/spinlama.com\/sk\/wp-json\/wp\/v2\/media\/195995"}],"wp:attachment":[{"href":"https:\/\/spinlama.com\/sk\/wp-json\/wp\/v2\/media?parent=196008"}],"wp:term":[{"taxonomy":"product_cat","embeddable":true,"href":"https:\/\/spinlama.com\/sk\/wp-json\/wp\/v2\/product_cat?post=196008"},{"taxonomy":"product_tag","embeddable":true,"href":"https:\/\/spinlama.com\/sk\/wp-json\/wp\/v2\/product_tag?post=196008"}],"curies":[{"name":"wp","href":"https:\/\/api.w.org\/{rel}","templated":true}]}}