{"id":213567,"date":"2023-01-19T09:57:42","date_gmt":"2023-01-19T08:57:42","guid":{"rendered":"https:\/\/vivozebra.sk\/?post_type=product&#038;p=213567"},"modified":"2023-01-26T09:11:25","modified_gmt":"2023-01-26T08:11:25","slug":"hadi-gel-na-masaz-600-ml","status":"publish","type":"product","link":"https:\/\/spinlama.com\/sk\/v\u00fdrobok\/hadi-gel-na-masaz-600-ml\/","title":{"rendered":"HAD\u00cd G\u00c9L na mas\u00e1\u017e \u2013 600 ml"},"content":{"rendered":"\t\t<div data-elementor-type=\"product-post\" data-elementor-id=\"213567\" class=\"elementor elementor-213567\" data-elementor-post-type=\"product\">\n\t\t\t\t\t\t<section class=\"elementor-section elementor-top-section elementor-element elementor-element-102d03a2 elementor-section-boxed elementor-section-height-default elementor-section-height-default\" data-id=\"102d03a2\" data-element_type=\"section\">\n\t\t\t\t\t\t<div class=\"elementor-container elementor-column-gap-default\">\n\t\t\t\t\t<div class=\"elementor-column elementor-col-100 elementor-top-column elementor-element elementor-element-7976e90b\" data-id=\"7976e90b\" data-element_type=\"column\">\n\t\t\t<div class=\"elementor-widget-wrap elementor-element-populated\">\n\t\t\t\t\t\t<div class=\"elementor-element elementor-element-e64cf0a elementor-widget elementor-widget-text-editor\" data-id=\"e64cf0a\" data-element_type=\"widget\" data-widget_type=\"text-editor.default\">\n\t\t\t\t<div class=\"elementor-widget-container\">\n\t\t\t<style>\/*! elementor - v3.21.0 - 18-04-2024 *\/\n.elementor-widget-text-editor.elementor-drop-cap-view-stacked .elementor-drop-cap{background-color:#69727d;color:#fff}.elementor-widget-text-editor.elementor-drop-cap-view-framed .elementor-drop-cap{color:#69727d;border:3px solid;background-color:transparent}.elementor-widget-text-editor:not(.elementor-drop-cap-view-default) .elementor-drop-cap{margin-top:8px}.elementor-widget-text-editor:not(.elementor-drop-cap-view-default) .elementor-drop-cap-letter{width:1em;height:1em}.elementor-widget-text-editor .elementor-drop-cap{float:left;text-align:center;line-height:1;font-size:50px}.elementor-widget-text-editor .elementor-drop-cap-letter{display:inline-block}<\/style>\t\t\t\t<p>Okrem syntetizovan\u00e9ho hadieho jedu SYN-AKE obsahuje had\u00ed mas\u00e1\u017eny g\u00e9l aj bylinn\u00e9 v\u00fd\u0165a\u017eky.<\/p><p><strong>Pou\u017eitie:<\/strong><\/p><p>Stla\u010dte g\u00e9l na po\u017eadovan\u00fa oblas\u0165. V pr\u00edpade potreby postup opakujte.<\/p><p><strong>Varovanie:<\/strong><\/p><p>Dbajte na to, aby ste sa vyhli kontaktu s o\u010dami alebo int\u00edmnymi partiami. Uchov\u00e1vajte mimo dosahu det\u00ed. Nevhodn\u00e9 pre deti do 3 rokov.<\/p><p>Skladujte pri teplote 5 \u2013 20 \u00b0C<\/p><p><strong>\u00da\u010dinn\u00e1 l\u00e1tka:<\/strong>\u00a0SYN-AKE na b\u00e1ze syntetizovan\u00e9ho hadieho jedu (Tropidolaemus wagleri)<\/p><p><strong>Mno\u017estvo:\u00a0<\/strong>600 ml<\/p><p>\u010c\u00edslo \u0161ar\u017ee a d\u00e1tum exspir\u00e1cie s\u00fa vyzna\u010den\u00e9 na obale v\u00fdrobku.<\/p><p><span style=\"font-size: 75%\"><strong>Zlo\u017eenie<\/strong>: 1% SYN-AKE, voda, glycer\u00edn, alkohol denat, extrakt zo slezovca, extrakt z divok\u00e9ho ga\u0161tana, extrakt z necht\u00edka lek\u00e1rskeho, parfum, hydrogenovan\u00fd ric\u00ednov\u00fd olej peg-40, eukalyptov\u00fd olej, v\u00fd\u0165a\u017eky z ihli\u010dia borievky, mentol, g\u00e1for, bylinn\u00fd olej z menthy pipperity, bylinn\u00fd olej z menthy arvensis, fenoxyetanol, etylhexylglycer\u00edn CI 16.185, hydroxid sodn\u00fd, dipeptid diaminobutyroyl, benzylamid diacet\u00e1t, karbomer, propyl\u00e9n<\/span><\/p><p><span style=\"font-size: 75%\"><strong>Vyroben\u00e9 v E\u00da.<\/strong><\/span><\/p><p><span style=\"font-size: 75%\">Distrib\u00fator: VivoVita d.o.o., Litijska cesta 259, 1261 Ljubljana &#8211; Dobrunje<\/span><\/p>\t\t\t\t\t\t<\/div>\n\t\t\t\t<\/div>\n\t\t\t\t\t<\/div>\n\t\t<\/div>\n\t\t\t\t\t<\/div>\n\t\t<\/section>\n\t\t\t\t<\/div>\n\t\t","protected":false},"excerpt":{"rendered":"<p>Mas\u00e1\u017e had\u00edm g\u00e9lom pom\u00e1ha uvo\u013eni\u0165 a regenerova\u0165 svaly.<\/p>\n<p><strong>G\u00e9l obsahuje rastlinn\u00e9 v\u00fd\u0165a\u017eky, ktor\u00e9 osvie\u017euj\u00fa a revitalizuj\u00fa unaven\u00e9 svaly, k\u013aby a chrb\u00e1t. Mas\u00e1\u017e pred alebo po\u010das cvi\u010denia pom\u00e1ha predch\u00e1dza\u0165 svalov\u00fdm k\u0155\u010dom a zvy\u0161uje potenci\u00e1lny v\u00fdkon svalov.<\/strong><\/p>\n","protected":false},"featured_media":213569,"comment_status":"closed","ping_status":"closed","template":"","meta":[],"product_cat":[466,492],"product_tag":[],"aioseo_notices":[],"_links":{"self":[{"href":"https:\/\/spinlama.com\/sk\/wp-json\/wp\/v2\/product\/213567"}],"collection":[{"href":"https:\/\/spinlama.com\/sk\/wp-json\/wp\/v2\/product"}],"about":[{"href":"https:\/\/spinlama.com\/sk\/wp-json\/wp\/v2\/types\/product"}],"replies":[{"embeddable":true,"href":"https:\/\/spinlama.com\/sk\/wp-json\/wp\/v2\/comments?post=213567"}],"version-history":[{"count":9,"href":"https:\/\/spinlama.com\/sk\/wp-json\/wp\/v2\/product\/213567\/revisions"}],"predecessor-version":[{"id":213594,"href":"https:\/\/spinlama.com\/sk\/wp-json\/wp\/v2\/product\/213567\/revisions\/213594"}],"wp:featuredmedia":[{"embeddable":true,"href":"https:\/\/spinlama.com\/sk\/wp-json\/wp\/v2\/media\/213569"}],"wp:attachment":[{"href":"https:\/\/spinlama.com\/sk\/wp-json\/wp\/v2\/media?parent=213567"}],"wp:term":[{"taxonomy":"product_cat","embeddable":true,"href":"https:\/\/spinlama.com\/sk\/wp-json\/wp\/v2\/product_cat?post=213567"},{"taxonomy":"product_tag","embeddable":true,"href":"https:\/\/spinlama.com\/sk\/wp-json\/wp\/v2\/product_tag?post=213567"}],"curies":[{"name":"wp","href":"https:\/\/api.w.org\/{rel}","templated":true}]}}