{"id":221346,"date":"2023-11-17T10:52:25","date_gmt":"2023-11-17T09:52:25","guid":{"rendered":"https:\/\/spinlama.com\/sk\/?post_type=product&#038;p=221346"},"modified":"2025-04-25T10:46:52","modified_gmt":"2025-04-25T08:46:52","slug":"baking-pot","status":"publish","type":"product","link":"https:\/\/spinlama.com\/sk\/v\u00fdrobok\/baking-pot\/","title":{"rendered":"Baking Pot &#8211; silik\u00f3nov\u00e1 n\u00e1doba na pe\u010denie"},"content":{"rendered":"\t\t<div data-elementor-type=\"product-post\" data-elementor-id=\"221346\" class=\"elementor elementor-221346\" data-elementor-post-type=\"product\">\n\t\t\t\t\t\t<section class=\"elementor-section elementor-top-section elementor-element elementor-element-d7cf433 elementor-section-boxed elementor-section-height-default elementor-section-height-default\" data-id=\"d7cf433\" data-element_type=\"section\">\n\t\t\t\t\t\t<div class=\"elementor-container elementor-column-gap-default\">\n\t\t\t\t\t<div class=\"elementor-column elementor-col-50 elementor-top-column elementor-element elementor-element-eb5ce56\" data-id=\"eb5ce56\" data-element_type=\"column\">\n\t\t\t<div class=\"elementor-widget-wrap elementor-element-populated\">\n\t\t\t\t\t\t<div class=\"elementor-element elementor-element-25f32c3 elementor-widget elementor-widget-text-editor\" data-id=\"25f32c3\" data-element_type=\"widget\" data-widget_type=\"text-editor.default\">\n\t\t\t\t<div class=\"elementor-widget-container\">\n\t\t\t<style>\/*! elementor - v3.21.0 - 18-04-2024 *\/\n.elementor-widget-text-editor.elementor-drop-cap-view-stacked .elementor-drop-cap{background-color:#69727d;color:#fff}.elementor-widget-text-editor.elementor-drop-cap-view-framed .elementor-drop-cap{color:#69727d;border:3px solid;background-color:transparent}.elementor-widget-text-editor:not(.elementor-drop-cap-view-default) .elementor-drop-cap{margin-top:8px}.elementor-widget-text-editor:not(.elementor-drop-cap-view-default) .elementor-drop-cap-letter{width:1em;height:1em}.elementor-widget-text-editor .elementor-drop-cap{float:left;text-align:center;line-height:1;font-size:50px}.elementor-widget-text-editor .elementor-drop-cap-letter{display:inline-block}<\/style>\t\t\t\t<p>Jedlo sa <strong>u\u017e nebude lepi\u0165 na dno<\/strong> a vyv\u00fd\u0161en\u00e9 okraje zabezpe\u010dia mimoriadne bezstarostn\u00e9 skladovanie.<\/p>\t\t\t\t\t\t<\/div>\n\t\t\t\t<\/div>\n\t\t\t\t\t<\/div>\n\t\t<\/div>\n\t\t\t\t<div class=\"elementor-column elementor-col-50 elementor-top-column elementor-element elementor-element-3bdde5e\" data-id=\"3bdde5e\" data-element_type=\"column\">\n\t\t\t<div class=\"elementor-widget-wrap elementor-element-populated\">\n\t\t\t\t\t\t<div class=\"elementor-element elementor-element-ee2495e elementor-widget elementor-widget-image\" data-id=\"ee2495e\" data-element_type=\"widget\" data-widget_type=\"image.default\">\n\t\t\t\t<div class=\"elementor-widget-container\">\n\t\t\t<style>\/*! elementor - v3.21.0 - 18-04-2024 *\/\n.elementor-widget-image{text-align:center}.elementor-widget-image a{display:inline-block}.elementor-widget-image a img[src$=\".svg\"]{width:48px}.elementor-widget-image img{vertical-align:middle;display:inline-block}<\/style>\t\t\t\t\t\t\t\t\t\t<img fetchpriority=\"high\" decoding=\"async\" width=\"800\" height=\"800\" src=\"https:\/\/spinlama.com\/sk\/wp-content\/uploads\/sites\/30\/2023\/11\/bakingpot_2-800x800.jpg\" class=\"attachment-large size-large wp-image-221336\" alt=\"\" srcset=\"https:\/\/spinlama.com\/sk\/wp-content\/uploads\/sites\/30\/2023\/11\/bakingpot_2-800x800.jpg 800w, https:\/\/spinlama.com\/sk\/wp-content\/uploads\/sites\/30\/2023\/11\/bakingpot_2-280x280.jpg 280w, https:\/\/spinlama.com\/sk\/wp-content\/uploads\/sites\/30\/2023\/11\/bakingpot_2-768x768.jpg 768w, https:\/\/spinlama.com\/sk\/wp-content\/uploads\/sites\/30\/2023\/11\/bakingpot_2-600x600.jpg 600w, https:\/\/spinlama.com\/sk\/wp-content\/uploads\/sites\/30\/2023\/11\/bakingpot_2-100x100.jpg 100w, https:\/\/spinlama.com\/sk\/wp-content\/uploads\/sites\/30\/2023\/11\/bakingpot_2.jpg 1080w\" sizes=\"(max-width: 800px) 100vw, 800px\" \/>\t\t\t\t\t\t\t\t\t\t\t\t\t<\/div>\n\t\t\t\t<\/div>\n\t\t\t\t\t<\/div>\n\t\t<\/div>\n\t\t\t\t\t<\/div>\n\t\t<\/section>\n\t\t\t\t<section class=\"elementor-section elementor-top-section elementor-element elementor-element-d61c121 elementor-reverse-mobile elementor-section-boxed elementor-section-height-default elementor-section-height-default\" data-id=\"d61c121\" data-element_type=\"section\">\n\t\t\t\t\t\t<div class=\"elementor-container elementor-column-gap-default\">\n\t\t\t\t\t<div class=\"elementor-column elementor-col-50 elementor-top-column elementor-element elementor-element-ba5312b\" data-id=\"ba5312b\" data-element_type=\"column\">\n\t\t\t<div class=\"elementor-widget-wrap elementor-element-populated\">\n\t\t\t\t\t\t<div class=\"elementor-element elementor-element-974327f elementor-widget elementor-widget-image\" data-id=\"974327f\" data-element_type=\"widget\" data-widget_type=\"image.default\">\n\t\t\t\t<div class=\"elementor-widget-container\">\n\t\t\t\t\t\t\t\t\t\t\t\t\t<img decoding=\"async\" width=\"800\" height=\"800\" src=\"https:\/\/spinlama.com\/sk\/wp-content\/uploads\/sites\/30\/2023\/11\/bakingpot_18-800x800.jpg\" class=\"attachment-large size-large wp-image-221337\" alt=\"\" srcset=\"https:\/\/spinlama.com\/sk\/wp-content\/uploads\/sites\/30\/2023\/11\/bakingpot_18-800x800.jpg 800w, https:\/\/spinlama.com\/sk\/wp-content\/uploads\/sites\/30\/2023\/11\/bakingpot_18-280x280.jpg 280w, https:\/\/spinlama.com\/sk\/wp-content\/uploads\/sites\/30\/2023\/11\/bakingpot_18-768x768.jpg 768w, https:\/\/spinlama.com\/sk\/wp-content\/uploads\/sites\/30\/2023\/11\/bakingpot_18-600x600.jpg 600w, https:\/\/spinlama.com\/sk\/wp-content\/uploads\/sites\/30\/2023\/11\/bakingpot_18-100x100.jpg 100w, https:\/\/spinlama.com\/sk\/wp-content\/uploads\/sites\/30\/2023\/11\/bakingpot_18.jpg 1080w\" sizes=\"(max-width: 800px) 100vw, 800px\" \/>\t\t\t\t\t\t\t\t\t\t\t\t\t<\/div>\n\t\t\t\t<\/div>\n\t\t\t\t\t<\/div>\n\t\t<\/div>\n\t\t\t\t<div class=\"elementor-column elementor-col-50 elementor-top-column elementor-element elementor-element-4c84bec\" data-id=\"4c84bec\" data-element_type=\"column\">\n\t\t\t<div class=\"elementor-widget-wrap elementor-element-populated\">\n\t\t\t\t\t\t<div class=\"elementor-element elementor-element-d1405e1 elementor-widget elementor-widget-text-editor\" data-id=\"d1405e1\" data-element_type=\"widget\" data-widget_type=\"text-editor.default\">\n\t\t\t\t<div class=\"elementor-widget-container\">\n\t\t\t\t\t\t\t<p>M\u00f4\u017ee sa pochv\u00e1li\u0165 jedine\u010dn\u00fdm dizajnom, ktor\u00fd odv\u00e1dza prebyto\u010dn\u00fd olej a tekutiny do stredu, aby boli<strong> v\u00fdsledky e\u0161te chrumkavej\u0161ie!<\/strong><\/p>\t\t\t\t\t\t<\/div>\n\t\t\t\t<\/div>\n\t\t\t\t\t<\/div>\n\t\t<\/div>\n\t\t\t\t\t<\/div>\n\t\t<\/section>\n\t\t\t\t<section class=\"elementor-section elementor-top-section elementor-element elementor-element-7bf4989 elementor-section-boxed elementor-section-height-default elementor-section-height-default\" data-id=\"7bf4989\" data-element_type=\"section\">\n\t\t\t\t\t\t<div class=\"elementor-container elementor-column-gap-default\">\n\t\t\t\t\t<div class=\"elementor-column elementor-col-50 elementor-top-column elementor-element elementor-element-6cbe33a\" data-id=\"6cbe33a\" data-element_type=\"column\">\n\t\t\t<div class=\"elementor-widget-wrap elementor-element-populated\">\n\t\t\t\t\t\t<div class=\"elementor-element elementor-element-5b18f69 elementor-widget elementor-widget-text-editor\" data-id=\"5b18f69\" data-element_type=\"widget\" data-widget_type=\"text-editor.default\">\n\t\t\t\t<div class=\"elementor-widget-container\">\n\t\t\t\t\t\t\t<p>N\u00e1dobu umyjete v um\u00fdva\u010dke riadu a je pripraven\u00e1 na \u010fal\u0161ie pou\u017eitie!<\/p>\t\t\t\t\t\t<\/div>\n\t\t\t\t<\/div>\n\t\t\t\t\t<\/div>\n\t\t<\/div>\n\t\t\t\t<div class=\"elementor-column elementor-col-50 elementor-top-column elementor-element elementor-element-7200628\" data-id=\"7200628\" data-element_type=\"column\">\n\t\t\t<div class=\"elementor-widget-wrap elementor-element-populated\">\n\t\t\t\t\t\t<div class=\"elementor-element elementor-element-14e6c67 elementor-widget elementor-widget-image\" data-id=\"14e6c67\" data-element_type=\"widget\" data-widget_type=\"image.default\">\n\t\t\t\t<div class=\"elementor-widget-container\">\n\t\t\t\t\t\t\t\t\t\t\t\t\t<img decoding=\"async\" width=\"800\" height=\"800\" src=\"https:\/\/spinlama.com\/sk\/wp-content\/uploads\/sites\/30\/2023\/11\/bakingpot_11-800x800.jpg\" class=\"attachment-large size-large wp-image-221338\" alt=\"\" srcset=\"https:\/\/spinlama.com\/sk\/wp-content\/uploads\/sites\/30\/2023\/11\/bakingpot_11-800x800.jpg 800w, https:\/\/spinlama.com\/sk\/wp-content\/uploads\/sites\/30\/2023\/11\/bakingpot_11-280x280.jpg 280w, https:\/\/spinlama.com\/sk\/wp-content\/uploads\/sites\/30\/2023\/11\/bakingpot_11-768x768.jpg 768w, https:\/\/spinlama.com\/sk\/wp-content\/uploads\/sites\/30\/2023\/11\/bakingpot_11-600x600.jpg 600w, https:\/\/spinlama.com\/sk\/wp-content\/uploads\/sites\/30\/2023\/11\/bakingpot_11-100x100.jpg 100w, https:\/\/spinlama.com\/sk\/wp-content\/uploads\/sites\/30\/2023\/11\/bakingpot_11.jpg 1080w\" sizes=\"(max-width: 800px) 100vw, 800px\" \/>\t\t\t\t\t\t\t\t\t\t\t\t\t<\/div>\n\t\t\t\t<\/div>\n\t\t\t\t\t<\/div>\n\t\t<\/div>\n\t\t\t\t\t<\/div>\n\t\t<\/section>\n\t\t\t\t<section class=\"elementor-section elementor-top-section elementor-element elementor-element-6db565c elementor-reverse-mobile elementor-section-boxed elementor-section-height-default elementor-section-height-default\" data-id=\"6db565c\" data-element_type=\"section\">\n\t\t\t\t\t\t<div class=\"elementor-container elementor-column-gap-default\">\n\t\t\t\t\t<div class=\"elementor-column elementor-col-50 elementor-top-column elementor-element elementor-element-6247b71\" data-id=\"6247b71\" data-element_type=\"column\">\n\t\t\t<div class=\"elementor-widget-wrap elementor-element-populated\">\n\t\t\t\t\t\t<div class=\"elementor-element elementor-element-5de9c0a elementor-widget elementor-widget-image\" data-id=\"5de9c0a\" data-element_type=\"widget\" data-widget_type=\"image.default\">\n\t\t\t\t<div class=\"elementor-widget-container\">\n\t\t\t\t\t\t\t\t\t\t\t\t\t<img loading=\"lazy\" decoding=\"async\" width=\"800\" height=\"800\" src=\"https:\/\/spinlama.com\/sk\/wp-content\/uploads\/sites\/30\/2023\/11\/bakingpot_17-800x800.jpg\" class=\"attachment-large size-large wp-image-221339\" alt=\"\" srcset=\"https:\/\/spinlama.com\/sk\/wp-content\/uploads\/sites\/30\/2023\/11\/bakingpot_17-800x800.jpg 800w, https:\/\/spinlama.com\/sk\/wp-content\/uploads\/sites\/30\/2023\/11\/bakingpot_17-280x280.jpg 280w, https:\/\/spinlama.com\/sk\/wp-content\/uploads\/sites\/30\/2023\/11\/bakingpot_17-768x768.jpg 768w, https:\/\/spinlama.com\/sk\/wp-content\/uploads\/sites\/30\/2023\/11\/bakingpot_17-600x600.jpg 600w, https:\/\/spinlama.com\/sk\/wp-content\/uploads\/sites\/30\/2023\/11\/bakingpot_17-100x100.jpg 100w, https:\/\/spinlama.com\/sk\/wp-content\/uploads\/sites\/30\/2023\/11\/bakingpot_17.jpg 1080w\" sizes=\"(max-width: 800px) 100vw, 800px\" \/>\t\t\t\t\t\t\t\t\t\t\t\t\t<\/div>\n\t\t\t\t<\/div>\n\t\t\t\t\t<\/div>\n\t\t<\/div>\n\t\t\t\t<div class=\"elementor-column elementor-col-50 elementor-top-column elementor-element elementor-element-8810c96\" data-id=\"8810c96\" data-element_type=\"column\">\n\t\t\t<div class=\"elementor-widget-wrap elementor-element-populated\">\n\t\t\t\t\t\t<div class=\"elementor-element elementor-element-37d70bc elementor-widget elementor-widget-text-editor\" data-id=\"37d70bc\" data-element_type=\"widget\" data-widget_type=\"text-editor.default\">\n\t\t\t\t<div class=\"elementor-widget-container\">\n\t\t\t\t\t\t\t<p>Okrem frit\u00e9zy je n\u00e1doba vhodn\u00e1 aj na pou\u017eitie v r\u00fare, parnom hrnci \u010di v mikrovlnnej r\u00fare.<\/p>\t\t\t\t\t\t<\/div>\n\t\t\t\t<\/div>\n\t\t\t\t\t<\/div>\n\t\t<\/div>\n\t\t\t\t\t<\/div>\n\t\t<\/section>\n\t\t\t\t<section class=\"elementor-section elementor-top-section elementor-element elementor-element-3a5309a elementor-section-boxed elementor-section-height-default elementor-section-height-default\" data-id=\"3a5309a\" data-element_type=\"section\">\n\t\t\t\t\t\t<div class=\"elementor-container elementor-column-gap-default\">\n\t\t\t\t\t<div class=\"elementor-column elementor-col-100 elementor-top-column elementor-element elementor-element-6f12c5c\" data-id=\"6f12c5c\" data-element_type=\"column\">\n\t\t\t<div class=\"elementor-widget-wrap elementor-element-populated\">\n\t\t\t\t\t\t<div class=\"elementor-element elementor-element-d932411 elementor-widget elementor-widget-accordion\" data-id=\"d932411\" data-element_type=\"widget\" data-widget_type=\"accordion.default\">\n\t\t\t\t<div class=\"elementor-widget-container\">\n\t\t\t<style>\/*! elementor - v3.21.0 - 18-04-2024 *\/\n.elementor-accordion{text-align:start}.elementor-accordion .elementor-accordion-item{border:1px solid #d5d8dc}.elementor-accordion .elementor-accordion-item+.elementor-accordion-item{border-top:none}.elementor-accordion .elementor-tab-title{margin:0;padding:15px 20px;font-weight:700;line-height:1;cursor:pointer;outline:none}.elementor-accordion .elementor-tab-title .elementor-accordion-icon{display:inline-block;width:1.5em}.elementor-accordion .elementor-tab-title .elementor-accordion-icon svg{width:1em;height:1em}.elementor-accordion .elementor-tab-title .elementor-accordion-icon.elementor-accordion-icon-right{float:right;text-align:right}.elementor-accordion .elementor-tab-title .elementor-accordion-icon.elementor-accordion-icon-left{float:left;text-align:left}.elementor-accordion .elementor-tab-title .elementor-accordion-icon .elementor-accordion-icon-closed{display:block}.elementor-accordion .elementor-tab-title .elementor-accordion-icon .elementor-accordion-icon-opened,.elementor-accordion .elementor-tab-title.elementor-active .elementor-accordion-icon-closed{display:none}.elementor-accordion .elementor-tab-title.elementor-active .elementor-accordion-icon-opened{display:block}.elementor-accordion .elementor-tab-content{display:none;padding:15px 20px;border-top:1px solid #d5d8dc}@media (max-width:767px){.elementor-accordion .elementor-tab-title{padding:12px 15px}.elementor-accordion .elementor-tab-title .elementor-accordion-icon{width:1.2em}.elementor-accordion .elementor-tab-content{padding:7px 15px}}.e-con-inner>.elementor-widget-accordion,.e-con>.elementor-widget-accordion{width:var(--container-widget-width);--flex-grow:var(--container-widget-flex-grow)}<\/style>\t\t<div class=\"elementor-accordion\">\n\t\t\t\t\t\t\t<div class=\"elementor-accordion-item\">\n\t\t\t\t\t<div id=\"elementor-tab-title-2271\" class=\"elementor-tab-title\" data-tab=\"1\" role=\"button\" aria-controls=\"elementor-tab-content-2271\" aria-expanded=\"false\">\n\t\t\t\t\t\t\t\t\t\t\t\t\t<span class=\"elementor-accordion-icon elementor-accordion-icon-left\" aria-hidden=\"true\">\n\t\t\t\t\t\t\t\t\t\t\t\t\t\t\t<span class=\"elementor-accordion-icon-closed\"><i class=\"fas fa-chevron-down\"><\/i><\/span>\n\t\t\t\t\t\t\t\t<span class=\"elementor-accordion-icon-opened\"><i class=\"fas fa-chevron-up\"><\/i><\/span>\n\t\t\t\t\t\t\t\t\t\t\t\t\t\t<\/span>\n\t\t\t\t\t\t\t\t\t\t\t\t<a class=\"elementor-accordion-title\" tabindex=\"0\">Vlastnosti<\/a>\n\t\t\t\t\t<\/div>\n\t\t\t\t\t<div id=\"elementor-tab-content-2271\" class=\"elementor-tab-content elementor-clearfix\" data-tab=\"1\" role=\"region\" aria-labelledby=\"elementor-tab-title-2271\"><p><strong>Rozmery:<\/strong> 24 cm x 19 cm x 6 cm<\/p><p><strong>Hmotnos\u0165:<\/strong> 110g<\/p><p><strong>Materi\u00e1l:<\/strong> silik\u00f3n<\/p><p><strong>Farba:<\/strong> \u010derven\u00e1, siv\u00e1<\/p><p><strong>\u010cistenie:<\/strong> N\u00e1dobu m\u00f4\u017eete um\u00fdva\u0165 v um\u00fdva\u010dke riadu.<\/p><p><img loading=\"lazy\" decoding=\"async\" class=\"alignnone wp-image-334427\" src=\"https:\/\/vivozebra.si\/wp-content\/uploads\/sites\/11\/2023\/11\/dimenzije-800x450.jpg\" alt=\"\" width=\"400\" height=\"225\" \/><\/p><\/div>\n\t\t\t\t<\/div>\n\t\t\t\t\t\t\t\t<\/div>\n\t\t\t\t<\/div>\n\t\t\t\t<\/div>\n\t\t\t\t\t<\/div>\n\t\t<\/div>\n\t\t\t\t\t<\/div>\n\t\t<\/section>\n\t\t\t\t<\/div>\n\t\t","protected":false},"excerpt":{"rendered":"<p>Zabudnite na to, \u017ee sa jedlo bude priliepa\u0165!<\/p>\n<ul>\n<li>19 cm x 6 cm<\/li>\n<li>v \u010dervenej a \u0161edej farbe<\/li>\n<\/ul>\n","protected":false},"featured_media":221327,"comment_status":"closed","ping_status":"closed","template":"","meta":[],"product_cat":[465,492],"product_tag":[638,639,640,641,642],"aioseo_notices":[],"_links":{"self":[{"href":"https:\/\/spinlama.com\/sk\/wp-json\/wp\/v2\/product\/221346"}],"collection":[{"href":"https:\/\/spinlama.com\/sk\/wp-json\/wp\/v2\/product"}],"about":[{"href":"https:\/\/spinlama.com\/sk\/wp-json\/wp\/v2\/types\/product"}],"replies":[{"embeddable":true,"href":"https:\/\/spinlama.com\/sk\/wp-json\/wp\/v2\/comments?post=221346"}],"version-history":[{"count":6,"href":"https:\/\/spinlama.com\/sk\/wp-json\/wp\/v2\/product\/221346\/revisions"}],"predecessor-version":[{"id":221354,"href":"https:\/\/spinlama.com\/sk\/wp-json\/wp\/v2\/product\/221346\/revisions\/221354"}],"wp:featuredmedia":[{"embeddable":true,"href":"https:\/\/spinlama.com\/sk\/wp-json\/wp\/v2\/media\/221327"}],"wp:attachment":[{"href":"https:\/\/spinlama.com\/sk\/wp-json\/wp\/v2\/media?parent=221346"}],"wp:term":[{"taxonomy":"product_cat","embeddable":true,"href":"https:\/\/spinlama.com\/sk\/wp-json\/wp\/v2\/product_cat?post=221346"},{"taxonomy":"product_tag","embeddable":true,"href":"https:\/\/spinlama.com\/sk\/wp-json\/wp\/v2\/product_tag?post=221346"}],"curies":[{"name":"wp","href":"https:\/\/api.w.org\/{rel}","templated":true}]}}