{"id":221385,"date":"2023-11-20T07:49:40","date_gmt":"2023-11-20T06:49:40","guid":{"rendered":"https:\/\/spinlama.com\/sk\/?post_type=product&#038;p=221385"},"modified":"2025-04-25T10:46:42","modified_gmt":"2025-04-25T08:46:42","slug":"winter-lace-top","status":"publish","type":"product","link":"https:\/\/spinlama.com\/sk\/v\u00fdrobok\/winter-lace-top\/","title":{"rendered":"Winter Lace Top &#8211; Termotri\u010dko s \u010dipkou"},"content":{"rendered":"\t\t<div data-elementor-type=\"product-post\" data-elementor-id=\"221385\" class=\"elementor elementor-221385\" data-elementor-post-type=\"product\">\n\t\t\t\t\t\t<section class=\"elementor-section elementor-top-section elementor-element elementor-element-930ecdb elementor-section-boxed elementor-section-height-default elementor-section-height-default\" data-id=\"930ecdb\" data-element_type=\"section\">\n\t\t\t\t\t\t<div class=\"elementor-container elementor-column-gap-default\">\n\t\t\t\t\t<div class=\"elementor-column elementor-col-50 elementor-top-column elementor-element elementor-element-a9e68f6\" data-id=\"a9e68f6\" data-element_type=\"column\">\n\t\t\t<div class=\"elementor-widget-wrap elementor-element-populated\">\n\t\t\t\t\t\t<div class=\"elementor-element elementor-element-7d64348 elementor-align-left elementor-icon-list--layout-traditional elementor-list-item-link-full_width elementor-widget elementor-widget-icon-list\" data-id=\"7d64348\" data-element_type=\"widget\" data-widget_type=\"icon-list.default\">\n\t\t\t\t<div class=\"elementor-widget-container\">\n\t\t\t<link rel=\"stylesheet\" href=\"https:\/\/spinlama.com\/sk\/wp-content\/plugins\/elementor\/assets\/css\/widget-icon-list.min.css\">\t\t<ul class=\"elementor-icon-list-items\">\n\t\t\t\t\t\t\t<li class=\"elementor-icon-list-item\">\n\t\t\t\t\t\t\t\t\t\t\t<span class=\"elementor-icon-list-icon\">\n\t\t\t\t\t\t\t<i aria-hidden=\"true\" class=\"fas fa-arrow-right\"><\/i>\t\t\t\t\t\t<\/span>\n\t\t\t\t\t\t\t\t\t\t<span class=\"elementor-icon-list-text\">Vyroben\u00e9 z materi\u00e1lu s vynikaj\u00facim zachov\u00e1van\u00edm tepla<\/span>\n\t\t\t\t\t\t\t\t\t<\/li>\n\t\t\t\t\t\t\t\t<li class=\"elementor-icon-list-item\">\n\t\t\t\t\t\t\t\t\t\t\t<span class=\"elementor-icon-list-icon\">\n\t\t\t\t\t\t\t<i aria-hidden=\"true\" class=\"fas fa-arrow-right\"><\/i>\t\t\t\t\t\t<\/span>\n\t\t\t\t\t\t\t\t\t\t<span class=\"elementor-icon-list-text\">Jemn\u00e1 \u010dipka dod\u00e1va eleganciu<\/span>\n\t\t\t\t\t\t\t\t\t<\/li>\n\t\t\t\t\t\t\t\t<li class=\"elementor-icon-list-item\">\n\t\t\t\t\t\t\t\t\t\t\t<span class=\"elementor-icon-list-icon\">\n\t\t\t\t\t\t\t<i aria-hidden=\"true\" class=\"fas fa-arrow-right\"><\/i>\t\t\t\t\t\t<\/span>\n\t\t\t\t\t\t\t\t\t\t<span class=\"elementor-icon-list-text\">Odn\u00edmate\u013en\u00e9 vypch\u00e1vky<\/span>\n\t\t\t\t\t\t\t\t\t<\/li>\n\t\t\t\t\t\t\t\t<li class=\"elementor-icon-list-item\">\n\t\t\t\t\t\t\t\t\t\t\t<span class=\"elementor-icon-list-icon\">\n\t\t\t\t\t\t\t<i aria-hidden=\"true\" class=\"fas fa-arrow-right\"><\/i>\t\t\t\t\t\t<\/span>\n\t\t\t\t\t\t\t\t\t\t<span class=\"elementor-icon-list-text\">Schovajte ho pod oble\u010denie alebo ho noste ako samostatn\u00fd k\u00fasok<\/span>\n\t\t\t\t\t\t\t\t\t<\/li>\n\t\t\t\t\t\t\t\t<li class=\"elementor-icon-list-item\">\n\t\t\t\t\t\t\t\t\t\t\t<span class=\"elementor-icon-list-icon\">\n\t\t\t\t\t\t\t<i aria-hidden=\"true\" class=\"fas fa-arrow-right\"><\/i>\t\t\t\t\t\t<\/span>\n\t\t\t\t\t\t\t\t\t\t<span class=\"elementor-icon-list-text\">Vhodn\u00e9 na be\u017en\u00e9 aj form\u00e1lne pr\u00edle\u017eitosti<\/span>\n\t\t\t\t\t\t\t\t\t<\/li>\n\t\t\t\t\t\t\t\t<li class=\"elementor-icon-list-item\">\n\t\t\t\t\t\t\t\t\t\t\t<span class=\"elementor-icon-list-icon\">\n\t\t\t\t\t\t\t<i aria-hidden=\"true\" class=\"fas fa-arrow-right\"><\/i>\t\t\t\t\t\t<\/span>\n\t\t\t\t\t\t\t\t\t\t<span class=\"elementor-icon-list-text\">Pod\u0161it\u00e9 fl\u00edsom<\/span>\n\t\t\t\t\t\t\t\t\t<\/li>\n\t\t\t\t\t\t<\/ul>\n\t\t\t\t<\/div>\n\t\t\t\t<\/div>\n\t\t\t\t\t<\/div>\n\t\t<\/div>\n\t\t\t\t<div class=\"elementor-column elementor-col-50 elementor-top-column elementor-element elementor-element-bd934ad\" data-id=\"bd934ad\" data-element_type=\"column\">\n\t\t\t<div class=\"elementor-widget-wrap elementor-element-populated\">\n\t\t\t\t\t\t<div class=\"elementor-element elementor-element-640e454 elementor-widget elementor-widget-image\" data-id=\"640e454\" data-element_type=\"widget\" data-widget_type=\"image.default\">\n\t\t\t\t<div class=\"elementor-widget-container\">\n\t\t\t<style>\/*! elementor - v3.21.0 - 18-04-2024 *\/\n.elementor-widget-image{text-align:center}.elementor-widget-image a{display:inline-block}.elementor-widget-image a img[src$=\".svg\"]{width:48px}.elementor-widget-image img{vertical-align:middle;display:inline-block}<\/style>\t\t\t\t\t\t\t\t\t\t<img fetchpriority=\"high\" decoding=\"async\" width=\"800\" height=\"800\" src=\"https:\/\/spinlama.com\/sk\/wp-content\/uploads\/sites\/30\/2023\/11\/winterlace_2_nov-800x800.jpg\" class=\"attachment-large size-large wp-image-221666\" alt=\"\" srcset=\"https:\/\/spinlama.com\/sk\/wp-content\/uploads\/sites\/30\/2023\/11\/winterlace_2_nov-800x800.jpg 800w, https:\/\/spinlama.com\/sk\/wp-content\/uploads\/sites\/30\/2023\/11\/winterlace_2_nov-280x280.jpg 280w, https:\/\/spinlama.com\/sk\/wp-content\/uploads\/sites\/30\/2023\/11\/winterlace_2_nov-768x768.jpg 768w, https:\/\/spinlama.com\/sk\/wp-content\/uploads\/sites\/30\/2023\/11\/winterlace_2_nov-600x600.jpg 600w, https:\/\/spinlama.com\/sk\/wp-content\/uploads\/sites\/30\/2023\/11\/winterlace_2_nov-100x100.jpg 100w, https:\/\/spinlama.com\/sk\/wp-content\/uploads\/sites\/30\/2023\/11\/winterlace_2_nov.jpg 1080w\" sizes=\"(max-width: 800px) 100vw, 800px\" \/>\t\t\t\t\t\t\t\t\t\t\t\t\t<\/div>\n\t\t\t\t<\/div>\n\t\t\t\t\t<\/div>\n\t\t<\/div>\n\t\t\t\t\t<\/div>\n\t\t<\/section>\n\t\t\t\t<section class=\"elementor-section elementor-top-section elementor-element elementor-element-1ed0b7d elementor-reverse-mobile elementor-section-boxed elementor-section-height-default elementor-section-height-default\" data-id=\"1ed0b7d\" data-element_type=\"section\">\n\t\t\t\t\t\t<div class=\"elementor-container elementor-column-gap-default\">\n\t\t\t\t\t<div class=\"elementor-column elementor-col-50 elementor-top-column elementor-element elementor-element-797d91b\" data-id=\"797d91b\" data-element_type=\"column\">\n\t\t\t<div class=\"elementor-widget-wrap elementor-element-populated\">\n\t\t\t\t\t\t<div class=\"elementor-element elementor-element-c13b174 elementor-widget elementor-widget-image\" data-id=\"c13b174\" data-element_type=\"widget\" data-widget_type=\"image.default\">\n\t\t\t\t<div class=\"elementor-widget-container\">\n\t\t\t\t\t\t\t\t\t\t\t\t\t<img decoding=\"async\" width=\"800\" height=\"800\" src=\"https:\/\/spinlama.com\/sk\/wp-content\/uploads\/sites\/30\/2023\/11\/winterlace_7_nov-800x800.jpg\" class=\"attachment-large size-large wp-image-221663\" alt=\"\" srcset=\"https:\/\/spinlama.com\/sk\/wp-content\/uploads\/sites\/30\/2023\/11\/winterlace_7_nov-800x800.jpg 800w, https:\/\/spinlama.com\/sk\/wp-content\/uploads\/sites\/30\/2023\/11\/winterlace_7_nov-280x280.jpg 280w, https:\/\/spinlama.com\/sk\/wp-content\/uploads\/sites\/30\/2023\/11\/winterlace_7_nov-768x768.jpg 768w, https:\/\/spinlama.com\/sk\/wp-content\/uploads\/sites\/30\/2023\/11\/winterlace_7_nov-600x600.jpg 600w, https:\/\/spinlama.com\/sk\/wp-content\/uploads\/sites\/30\/2023\/11\/winterlace_7_nov-100x100.jpg 100w, https:\/\/spinlama.com\/sk\/wp-content\/uploads\/sites\/30\/2023\/11\/winterlace_7_nov.jpg 1080w\" sizes=\"(max-width: 800px) 100vw, 800px\" \/>\t\t\t\t\t\t\t\t\t\t\t\t\t<\/div>\n\t\t\t\t<\/div>\n\t\t\t\t\t<\/div>\n\t\t<\/div>\n\t\t\t\t<div class=\"elementor-column elementor-col-50 elementor-top-column elementor-element elementor-element-ab3fa62\" data-id=\"ab3fa62\" data-element_type=\"column\">\n\t\t\t<div class=\"elementor-widget-wrap elementor-element-populated\">\n\t\t\t\t\t\t<div class=\"elementor-element elementor-element-52829e7 elementor-widget elementor-widget-image\" data-id=\"52829e7\" data-element_type=\"widget\" data-widget_type=\"image.default\">\n\t\t\t\t<div class=\"elementor-widget-container\">\n\t\t\t\t\t\t\t\t\t\t\t\t\t<img decoding=\"async\" width=\"800\" height=\"800\" src=\"https:\/\/spinlama.com\/sk\/wp-content\/uploads\/sites\/30\/2023\/11\/winterlace_18-800x800.jpg\" class=\"attachment-large size-large wp-image-221380\" alt=\"\" srcset=\"https:\/\/spinlama.com\/sk\/wp-content\/uploads\/sites\/30\/2023\/11\/winterlace_18-800x800.jpg 800w, https:\/\/spinlama.com\/sk\/wp-content\/uploads\/sites\/30\/2023\/11\/winterlace_18-280x280.jpg 280w, https:\/\/spinlama.com\/sk\/wp-content\/uploads\/sites\/30\/2023\/11\/winterlace_18-768x768.jpg 768w, https:\/\/spinlama.com\/sk\/wp-content\/uploads\/sites\/30\/2023\/11\/winterlace_18-600x600.jpg 600w, https:\/\/spinlama.com\/sk\/wp-content\/uploads\/sites\/30\/2023\/11\/winterlace_18-100x100.jpg 100w, https:\/\/spinlama.com\/sk\/wp-content\/uploads\/sites\/30\/2023\/11\/winterlace_18.jpg 1080w\" sizes=\"(max-width: 800px) 100vw, 800px\" \/>\t\t\t\t\t\t\t\t\t\t\t\t\t<\/div>\n\t\t\t\t<\/div>\n\t\t\t\t\t<\/div>\n\t\t<\/div>\n\t\t\t\t\t<\/div>\n\t\t<\/section>\n\t\t\t\t<section class=\"elementor-section elementor-top-section elementor-element elementor-element-b5eef1a elementor-reverse-mobile elementor-section-boxed elementor-section-height-default elementor-section-height-default\" data-id=\"b5eef1a\" data-element_type=\"section\">\n\t\t\t\t\t\t<div class=\"elementor-container elementor-column-gap-default\">\n\t\t\t\t\t<div class=\"elementor-column elementor-col-50 elementor-top-column elementor-element elementor-element-90fe9cf\" data-id=\"90fe9cf\" data-element_type=\"column\">\n\t\t\t<div class=\"elementor-widget-wrap elementor-element-populated\">\n\t\t\t\t\t\t<div class=\"elementor-element elementor-element-37669c2 elementor-widget elementor-widget-image\" data-id=\"37669c2\" data-element_type=\"widget\" data-widget_type=\"image.default\">\n\t\t\t\t<div class=\"elementor-widget-container\">\n\t\t\t\t\t\t\t\t\t\t\t\t\t<img loading=\"lazy\" decoding=\"async\" width=\"800\" height=\"800\" src=\"https:\/\/spinlama.com\/sk\/wp-content\/uploads\/sites\/30\/2023\/11\/winterlace_16-800x800.jpg\" class=\"attachment-large size-large wp-image-221381\" alt=\"\" srcset=\"https:\/\/spinlama.com\/sk\/wp-content\/uploads\/sites\/30\/2023\/11\/winterlace_16-800x800.jpg 800w, https:\/\/spinlama.com\/sk\/wp-content\/uploads\/sites\/30\/2023\/11\/winterlace_16-280x280.jpg 280w, https:\/\/spinlama.com\/sk\/wp-content\/uploads\/sites\/30\/2023\/11\/winterlace_16-768x768.jpg 768w, https:\/\/spinlama.com\/sk\/wp-content\/uploads\/sites\/30\/2023\/11\/winterlace_16-600x600.jpg 600w, https:\/\/spinlama.com\/sk\/wp-content\/uploads\/sites\/30\/2023\/11\/winterlace_16-100x100.jpg 100w, https:\/\/spinlama.com\/sk\/wp-content\/uploads\/sites\/30\/2023\/11\/winterlace_16.jpg 1080w\" sizes=\"(max-width: 800px) 100vw, 800px\" \/>\t\t\t\t\t\t\t\t\t\t\t\t\t<\/div>\n\t\t\t\t<\/div>\n\t\t\t\t\t<\/div>\n\t\t<\/div>\n\t\t\t\t<div class=\"elementor-column elementor-col-50 elementor-top-column elementor-element elementor-element-c459d6c\" data-id=\"c459d6c\" data-element_type=\"column\">\n\t\t\t<div class=\"elementor-widget-wrap elementor-element-populated\">\n\t\t\t\t\t\t<div class=\"elementor-element elementor-element-812dfce elementor-widget elementor-widget-shortcode\" data-id=\"812dfce\" data-element_type=\"widget\" data-widget_type=\"shortcode.default\">\n\t\t\t\t<div class=\"elementor-widget-container\">\n\t\t\t\t\t<div class=\"elementor-shortcode\"><div style=\"position: relative; padding-top: 100%;\"><iframe src=\"https:\/\/iframe.mediadelivery.net\/embed\/53604\/0cf73659-44d1-4eed-8c35-c3d47328f325?autoplay=true&loop=true&muted=true\" loading=\"lazy\" style=\"border: none; position: absolute; top: 0; height: 100%; width: 100%;\" allow=\"accelerometer; gyroscope; autoplay; encrypted-media; picture-in-picture;\" allowfullscreen=\"true\"><\/iframe><\/div><\/div>\n\t\t\t\t<\/div>\n\t\t\t\t<\/div>\n\t\t\t\t\t<\/div>\n\t\t<\/div>\n\t\t\t\t\t<\/div>\n\t\t<\/section>\n\t\t\t\t<section class=\"elementor-section elementor-top-section elementor-element elementor-element-8ae9d32 elementor-section-boxed elementor-section-height-default elementor-section-height-default\" data-id=\"8ae9d32\" data-element_type=\"section\">\n\t\t\t\t\t\t<div class=\"elementor-container elementor-column-gap-default\">\n\t\t\t\t\t<div class=\"elementor-column elementor-col-100 elementor-top-column elementor-element elementor-element-52c9691\" data-id=\"52c9691\" data-element_type=\"column\">\n\t\t\t<div class=\"elementor-widget-wrap elementor-element-populated\">\n\t\t\t\t\t\t<div class=\"elementor-element elementor-element-058f92c elementor-widget elementor-widget-accordion\" data-id=\"058f92c\" data-element_type=\"widget\" data-widget_type=\"accordion.default\">\n\t\t\t\t<div class=\"elementor-widget-container\">\n\t\t\t<style>\/*! elementor - v3.21.0 - 18-04-2024 *\/\n.elementor-accordion{text-align:start}.elementor-accordion .elementor-accordion-item{border:1px solid #d5d8dc}.elementor-accordion .elementor-accordion-item+.elementor-accordion-item{border-top:none}.elementor-accordion .elementor-tab-title{margin:0;padding:15px 20px;font-weight:700;line-height:1;cursor:pointer;outline:none}.elementor-accordion .elementor-tab-title .elementor-accordion-icon{display:inline-block;width:1.5em}.elementor-accordion .elementor-tab-title .elementor-accordion-icon svg{width:1em;height:1em}.elementor-accordion .elementor-tab-title .elementor-accordion-icon.elementor-accordion-icon-right{float:right;text-align:right}.elementor-accordion .elementor-tab-title .elementor-accordion-icon.elementor-accordion-icon-left{float:left;text-align:left}.elementor-accordion .elementor-tab-title .elementor-accordion-icon .elementor-accordion-icon-closed{display:block}.elementor-accordion .elementor-tab-title .elementor-accordion-icon .elementor-accordion-icon-opened,.elementor-accordion .elementor-tab-title.elementor-active .elementor-accordion-icon-closed{display:none}.elementor-accordion .elementor-tab-title.elementor-active .elementor-accordion-icon-opened{display:block}.elementor-accordion .elementor-tab-content{display:none;padding:15px 20px;border-top:1px solid #d5d8dc}@media (max-width:767px){.elementor-accordion .elementor-tab-title{padding:12px 15px}.elementor-accordion .elementor-tab-title .elementor-accordion-icon{width:1.2em}.elementor-accordion .elementor-tab-content{padding:7px 15px}}.e-con-inner>.elementor-widget-accordion,.e-con>.elementor-widget-accordion{width:var(--container-widget-width);--flex-grow:var(--container-widget-flex-grow)}<\/style>\t\t<div class=\"elementor-accordion\">\n\t\t\t\t\t\t\t<div class=\"elementor-accordion-item\">\n\t\t\t\t\t<div id=\"elementor-tab-title-5831\" class=\"elementor-tab-title\" data-tab=\"1\" role=\"button\" aria-controls=\"elementor-tab-content-5831\" aria-expanded=\"false\">\n\t\t\t\t\t\t\t\t\t\t\t\t\t<span class=\"elementor-accordion-icon elementor-accordion-icon-left\" aria-hidden=\"true\">\n\t\t\t\t\t\t\t\t\t\t\t\t\t\t\t<span class=\"elementor-accordion-icon-closed\"><i class=\"fas fa-chevron-down\"><\/i><\/span>\n\t\t\t\t\t\t\t\t<span class=\"elementor-accordion-icon-opened\"><i class=\"fas fa-chevron-up\"><\/i><\/span>\n\t\t\t\t\t\t\t\t\t\t\t\t\t\t<\/span>\n\t\t\t\t\t\t\t\t\t\t\t\t<a class=\"elementor-accordion-title\" tabindex=\"0\">Vlastnosti<\/a>\n\t\t\t\t\t<\/div>\n\t\t\t\t\t<div id=\"elementor-tab-content-5831\" class=\"elementor-tab-content elementor-clearfix\" data-tab=\"1\" role=\"region\" aria-labelledby=\"elementor-tab-title-5831\"><p><strong>Materi\u00e1l:<\/strong>\u00a092 % nyl\u00f3n, 8 % spandex<\/p><p><strong>Farby:<\/strong> \u010dierna, modr\u00e1, b\u00e9\u017eov\u00e1<\/p><p><strong>Ve\u013ekos\u0165:<\/strong>\u00a0S, M, L, XL<\/p><p>S: 40 \u2013 52,5 kg<\/p><p>M: 52,5 \u2013 65 kg<\/p><p>L: 65 \u2013 77,5 kg<\/p><p>XL: 77,5 \u2013 105 kg<\/p><p><strong>\u00dadr\u017eba:<\/strong>\u00a0Perte pri 30 \u00b0C, su\u0161te na vzduchu.<\/p><\/div>\n\t\t\t\t<\/div>\n\t\t\t\t\t\t\t\t<\/div>\n\t\t\t\t<\/div>\n\t\t\t\t<\/div>\n\t\t\t\t\t<\/div>\n\t\t<\/div>\n\t\t\t\t\t<\/div>\n\t\t<\/section>\n\t\t\t\t<\/div>\n\t\t","protected":false},"excerpt":{"rendered":"<p>Dokonal\u00e1 kombin\u00e1cia m\u00f3dy a funk\u010dnosti!<\/p>\n<ul>\n<li>K dispoz\u00edcii v 3 farb\u00e1ch<\/li>\n<li>S \u2013 XL<\/li>\n<\/ul>\n","protected":false},"featured_media":221661,"comment_status":"closed","ping_status":"closed","template":"","meta":[],"product_cat":[492,464],"product_tag":[634,635,636,637],"aioseo_notices":[],"_links":{"self":[{"href":"https:\/\/spinlama.com\/sk\/wp-json\/wp\/v2\/product\/221385"}],"collection":[{"href":"https:\/\/spinlama.com\/sk\/wp-json\/wp\/v2\/product"}],"about":[{"href":"https:\/\/spinlama.com\/sk\/wp-json\/wp\/v2\/types\/product"}],"replies":[{"embeddable":true,"href":"https:\/\/spinlama.com\/sk\/wp-json\/wp\/v2\/comments?post=221385"}],"version-history":[{"count":12,"href":"https:\/\/spinlama.com\/sk\/wp-json\/wp\/v2\/product\/221385\/revisions"}],"predecessor-version":[{"id":221675,"href":"https:\/\/spinlama.com\/sk\/wp-json\/wp\/v2\/product\/221385\/revisions\/221675"}],"wp:featuredmedia":[{"embeddable":true,"href":"https:\/\/spinlama.com\/sk\/wp-json\/wp\/v2\/media\/221661"}],"wp:attachment":[{"href":"https:\/\/spinlama.com\/sk\/wp-json\/wp\/v2\/media?parent=221385"}],"wp:term":[{"taxonomy":"product_cat","embeddable":true,"href":"https:\/\/spinlama.com\/sk\/wp-json\/wp\/v2\/product_cat?post=221385"},{"taxonomy":"product_tag","embeddable":true,"href":"https:\/\/spinlama.com\/sk\/wp-json\/wp\/v2\/product_tag?post=221385"}],"curies":[{"name":"wp","href":"https:\/\/api.w.org\/{rel}","templated":true}]}}