{"id":222599,"date":"2023-01-26T13:23:03","date_gmt":"2023-01-26T12:23:03","guid":{"rendered":"https:\/\/spinlama.com\/sk\/?post_type=product&#038;p=222599"},"modified":"2025-04-25T10:51:33","modified_gmt":"2025-04-25T08:51:33","slug":"hoodie-toy","status":"publish","type":"product","link":"https:\/\/spinlama.com\/sk\/v\u00fdrobok\/hoodie-toy\/","title":{"rendered":"Hoodie Toy 2-in-1 \u2013 Detsk\u00e1 mikina s kapuc\u0148ou"},"content":{"rendered":"\t\t<div data-elementor-type=\"product-post\" data-elementor-id=\"222599\" class=\"elementor elementor-222599\" data-elementor-post-type=\"product\">\n\t\t\t\t\t\t<section class=\"elementor-section elementor-top-section elementor-element elementor-element-9f7f664 elementor-section-boxed elementor-section-height-default elementor-section-height-default\" data-id=\"9f7f664\" data-element_type=\"section\">\n\t\t\t\t\t\t<div class=\"elementor-container elementor-column-gap-default\">\n\t\t\t\t\t<div class=\"elementor-column elementor-col-50 elementor-top-column elementor-element elementor-element-0bc792f\" data-id=\"0bc792f\" data-element_type=\"column\">\n\t\t\t<div class=\"elementor-widget-wrap elementor-element-populated\">\n\t\t\t\t\t\t<div class=\"elementor-element elementor-element-a9ad587 elementor-align-left elementor-icon-list--layout-traditional elementor-list-item-link-full_width elementor-widget elementor-widget-icon-list\" data-id=\"a9ad587\" data-element_type=\"widget\" data-widget_type=\"icon-list.default\">\n\t\t\t\t<div class=\"elementor-widget-container\">\n\t\t\t<link rel=\"stylesheet\" href=\"https:\/\/spinlama.com\/sk\/wp-content\/plugins\/elementor\/assets\/css\/widget-icon-list.min.css\">\t\t<ul class=\"elementor-icon-list-items\">\n\t\t\t\t\t\t\t<li class=\"elementor-icon-list-item\">\n\t\t\t\t\t\t\t\t\t\t\t<span class=\"elementor-icon-list-icon\">\n\t\t\t\t\t\t\t<i aria-hidden=\"true\" class=\"fas fa-arrow-right\"><\/i>\t\t\t\t\t\t<\/span>\n\t\t\t\t\t\t\t\t\t\t<span class=\"elementor-icon-list-text\">Mikina s kapuc\u0148ou, ktor\u00e1 je z\u00e1rove\u0148 hra\u010dkou<\/span>\n\t\t\t\t\t\t\t\t\t<\/li>\n\t\t\t\t\t\t\t\t<li class=\"elementor-icon-list-item\">\n\t\t\t\t\t\t\t\t\t\t\t<span class=\"elementor-icon-list-icon\">\n\t\t\t\t\t\t\t<i aria-hidden=\"true\" class=\"fas fa-arrow-right\"><\/i>\t\t\t\t\t\t<\/span>\n\t\t\t\t\t\t\t\t\t\t<span class=\"elementor-icon-list-text\">Univerz\u00e1lna ve\u013ekos\u0165<\/span>\n\t\t\t\t\t\t\t\t\t<\/li>\n\t\t\t\t\t\t\t\t<li class=\"elementor-icon-list-item\">\n\t\t\t\t\t\t\t\t\t\t\t<span class=\"elementor-icon-list-icon\">\n\t\t\t\t\t\t\t<i aria-hidden=\"true\" class=\"fas fa-arrow-right\"><\/i>\t\t\t\t\t\t<\/span>\n\t\t\t\t\t\t\t\t\t\t<span class=\"elementor-icon-list-text\">4 r\u00f4zne zvieracie postavi\u010dky<\/span>\n\t\t\t\t\t\t\t\t\t<\/li>\n\t\t\t\t\t\t\t\t<li class=\"elementor-icon-list-item\">\n\t\t\t\t\t\t\t\t\t\t\t<span class=\"elementor-icon-list-icon\">\n\t\t\t\t\t\t\t<i aria-hidden=\"true\" class=\"fas fa-arrow-right\"><\/i>\t\t\t\t\t\t<\/span>\n\t\t\t\t\t\t\t\t\t\t<span class=\"elementor-icon-list-text\">Ve\u013ek\u00e9 predn\u00e9 vrecko<\/span>\n\t\t\t\t\t\t\t\t\t<\/li>\n\t\t\t\t\t\t\t\t<li class=\"elementor-icon-list-item\">\n\t\t\t\t\t\t\t\t\t\t\t<span class=\"elementor-icon-list-icon\">\n\t\t\t\t\t\t\t<i aria-hidden=\"true\" class=\"fas fa-arrow-right\"><\/i>\t\t\t\t\t\t<\/span>\n\t\t\t\t\t\t\t\t\t\t<span class=\"elementor-icon-list-text\">Mimoriadne m\u00e4kk\u00e1 a tepl\u00e1 tkanina<\/span>\n\t\t\t\t\t\t\t\t\t<\/li>\n\t\t\t\t\t\t\t\t<li class=\"elementor-icon-list-item\">\n\t\t\t\t\t\t\t\t\t\t\t<span class=\"elementor-icon-list-icon\">\n\t\t\t\t\t\t\t<i aria-hidden=\"true\" class=\"fas fa-arrow-right\"><\/i>\t\t\t\t\t\t<\/span>\n\t\t\t\t\t\t\t\t\t\t<span class=\"elementor-icon-list-text\">Skvel\u00fd n\u00e1pad na dar\u010dek<\/span>\n\t\t\t\t\t\t\t\t\t<\/li>\n\t\t\t\t\t\t<\/ul>\n\t\t\t\t<\/div>\n\t\t\t\t<\/div>\n\t\t\t\t\t<\/div>\n\t\t<\/div>\n\t\t\t\t<div class=\"elementor-column elementor-col-50 elementor-top-column elementor-element elementor-element-67600b8\" data-id=\"67600b8\" data-element_type=\"column\">\n\t\t\t<div class=\"elementor-widget-wrap elementor-element-populated\">\n\t\t\t\t\t\t<div class=\"elementor-element elementor-element-9a83e0a elementor-widget elementor-widget-image\" data-id=\"9a83e0a\" data-element_type=\"widget\" data-widget_type=\"image.default\">\n\t\t\t\t<div class=\"elementor-widget-container\">\n\t\t\t<style>\/*! elementor - v3.21.0 - 18-04-2024 *\/\n.elementor-widget-image{text-align:center}.elementor-widget-image a{display:inline-block}.elementor-widget-image a img[src$=\".svg\"]{width:48px}.elementor-widget-image img{vertical-align:middle;display:inline-block}<\/style>\t\t\t\t\t\t\t\t\t\t<img fetchpriority=\"high\" decoding=\"async\" width=\"800\" height=\"800\" src=\"https:\/\/spinlama.com\/sk\/wp-content\/uploads\/sites\/30\/2024\/01\/hoodie_toy_12-800x800.jpg\" class=\"attachment-large size-large wp-image-222588\" alt=\"\" srcset=\"https:\/\/spinlama.com\/sk\/wp-content\/uploads\/sites\/30\/2024\/01\/hoodie_toy_12-800x800.jpg 800w, https:\/\/spinlama.com\/sk\/wp-content\/uploads\/sites\/30\/2024\/01\/hoodie_toy_12-280x280.jpg 280w, https:\/\/spinlama.com\/sk\/wp-content\/uploads\/sites\/30\/2024\/01\/hoodie_toy_12-768x768.jpg 768w, https:\/\/spinlama.com\/sk\/wp-content\/uploads\/sites\/30\/2024\/01\/hoodie_toy_12-600x600.jpg 600w, https:\/\/spinlama.com\/sk\/wp-content\/uploads\/sites\/30\/2024\/01\/hoodie_toy_12-100x100.jpg 100w, https:\/\/spinlama.com\/sk\/wp-content\/uploads\/sites\/30\/2024\/01\/hoodie_toy_12.jpg 1080w\" sizes=\"(max-width: 800px) 100vw, 800px\" \/>\t\t\t\t\t\t\t\t\t\t\t\t\t<\/div>\n\t\t\t\t<\/div>\n\t\t\t\t\t<\/div>\n\t\t<\/div>\n\t\t\t\t\t<\/div>\n\t\t<\/section>\n\t\t\t\t<section class=\"elementor-section elementor-top-section elementor-element elementor-element-4e9b47d elementor-reverse-mobile elementor-section-boxed elementor-section-height-default elementor-section-height-default\" data-id=\"4e9b47d\" data-element_type=\"section\">\n\t\t\t\t\t\t<div class=\"elementor-container elementor-column-gap-default\">\n\t\t\t\t\t<div class=\"elementor-column elementor-col-50 elementor-top-column elementor-element elementor-element-f7db9ea\" data-id=\"f7db9ea\" data-element_type=\"column\">\n\t\t\t<div class=\"elementor-widget-wrap elementor-element-populated\">\n\t\t\t\t\t\t<div class=\"elementor-element elementor-element-6462afb elementor-widget elementor-widget-image\" data-id=\"6462afb\" data-element_type=\"widget\" data-widget_type=\"image.default\">\n\t\t\t\t<div class=\"elementor-widget-container\">\n\t\t\t\t\t\t\t\t\t\t\t\t\t<img decoding=\"async\" width=\"800\" height=\"800\" src=\"https:\/\/spinlama.com\/sk\/wp-content\/uploads\/sites\/30\/2024\/01\/hoodie_toy_1-800x800.jpg\" class=\"attachment-large size-large wp-image-222589\" alt=\"\" srcset=\"https:\/\/spinlama.com\/sk\/wp-content\/uploads\/sites\/30\/2024\/01\/hoodie_toy_1-800x800.jpg 800w, https:\/\/spinlama.com\/sk\/wp-content\/uploads\/sites\/30\/2024\/01\/hoodie_toy_1-280x280.jpg 280w, https:\/\/spinlama.com\/sk\/wp-content\/uploads\/sites\/30\/2024\/01\/hoodie_toy_1-768x768.jpg 768w, https:\/\/spinlama.com\/sk\/wp-content\/uploads\/sites\/30\/2024\/01\/hoodie_toy_1-600x600.jpg 600w, https:\/\/spinlama.com\/sk\/wp-content\/uploads\/sites\/30\/2024\/01\/hoodie_toy_1-100x100.jpg 100w, https:\/\/spinlama.com\/sk\/wp-content\/uploads\/sites\/30\/2024\/01\/hoodie_toy_1.jpg 1080w\" sizes=\"(max-width: 800px) 100vw, 800px\" \/>\t\t\t\t\t\t\t\t\t\t\t\t\t<\/div>\n\t\t\t\t<\/div>\n\t\t\t\t\t<\/div>\n\t\t<\/div>\n\t\t\t\t<div class=\"elementor-column elementor-col-50 elementor-top-column elementor-element elementor-element-69e1e5f\" data-id=\"69e1e5f\" data-element_type=\"column\">\n\t\t\t<div class=\"elementor-widget-wrap elementor-element-populated\">\n\t\t\t\t\t\t<div class=\"elementor-element elementor-element-04a5e21 elementor-widget elementor-widget-image\" data-id=\"04a5e21\" data-element_type=\"widget\" data-widget_type=\"image.default\">\n\t\t\t\t<div class=\"elementor-widget-container\">\n\t\t\t\t\t\t\t\t\t\t\t\t\t<img decoding=\"async\" width=\"800\" height=\"800\" src=\"https:\/\/spinlama.com\/sk\/wp-content\/uploads\/sites\/30\/2024\/01\/hoodie_toy_8-800x800.jpg\" class=\"attachment-large size-large wp-image-222590\" alt=\"\" srcset=\"https:\/\/spinlama.com\/sk\/wp-content\/uploads\/sites\/30\/2024\/01\/hoodie_toy_8-800x800.jpg 800w, https:\/\/spinlama.com\/sk\/wp-content\/uploads\/sites\/30\/2024\/01\/hoodie_toy_8-280x280.jpg 280w, https:\/\/spinlama.com\/sk\/wp-content\/uploads\/sites\/30\/2024\/01\/hoodie_toy_8-768x768.jpg 768w, https:\/\/spinlama.com\/sk\/wp-content\/uploads\/sites\/30\/2024\/01\/hoodie_toy_8-600x600.jpg 600w, https:\/\/spinlama.com\/sk\/wp-content\/uploads\/sites\/30\/2024\/01\/hoodie_toy_8-100x100.jpg 100w, https:\/\/spinlama.com\/sk\/wp-content\/uploads\/sites\/30\/2024\/01\/hoodie_toy_8.jpg 1080w\" sizes=\"(max-width: 800px) 100vw, 800px\" \/>\t\t\t\t\t\t\t\t\t\t\t\t\t<\/div>\n\t\t\t\t<\/div>\n\t\t\t\t\t<\/div>\n\t\t<\/div>\n\t\t\t\t\t<\/div>\n\t\t<\/section>\n\t\t\t\t<section class=\"elementor-section elementor-top-section elementor-element elementor-element-7f9bb5f elementor-reverse-mobile elementor-section-boxed elementor-section-height-default elementor-section-height-default\" data-id=\"7f9bb5f\" data-element_type=\"section\">\n\t\t\t\t\t\t<div class=\"elementor-container elementor-column-gap-default\">\n\t\t\t\t\t<div class=\"elementor-column elementor-col-50 elementor-top-column elementor-element elementor-element-6206f93\" data-id=\"6206f93\" data-element_type=\"column\">\n\t\t\t<div class=\"elementor-widget-wrap elementor-element-populated\">\n\t\t\t\t\t\t<div class=\"elementor-element elementor-element-a818bd6 elementor-arrows-position-inside elementor-pagination-position-outside elementor-widget elementor-widget-image-carousel\" data-id=\"a818bd6\" data-element_type=\"widget\" data-settings=\"{&quot;slides_to_show&quot;:&quot;1&quot;,&quot;navigation&quot;:&quot;both&quot;,&quot;autoplay&quot;:&quot;yes&quot;,&quot;pause_on_hover&quot;:&quot;yes&quot;,&quot;pause_on_interaction&quot;:&quot;yes&quot;,&quot;autoplay_speed&quot;:5000,&quot;infinite&quot;:&quot;yes&quot;,&quot;effect&quot;:&quot;slide&quot;,&quot;speed&quot;:500}\" data-widget_type=\"image-carousel.default\">\n\t\t\t\t<div class=\"elementor-widget-container\">\n\t\t\t<style>\/*! elementor - v3.21.0 - 18-04-2024 *\/\n.elementor-widget-image-carousel .swiper,.elementor-widget-image-carousel .swiper-container{position:static}.elementor-widget-image-carousel .swiper-container .swiper-slide figure,.elementor-widget-image-carousel .swiper .swiper-slide figure{line-height:inherit}.elementor-widget-image-carousel .swiper-slide{text-align:center}.elementor-image-carousel-wrapper:not(.swiper-container-initialized):not(.swiper-initialized) .swiper-slide{max-width:calc(100% \/ var(--e-image-carousel-slides-to-show, 3))}<\/style>\t\t<div class=\"elementor-image-carousel-wrapper swiper\" dir=\"ltr\">\n\t\t\t<div class=\"elementor-image-carousel swiper-wrapper\" aria-live=\"off\">\n\t\t\t\t\t\t\t\t<div class=\"swiper-slide\" role=\"group\" aria-roledescription=\"slide\" aria-label=\"1 of 4\"><figure class=\"swiper-slide-inner\"><img decoding=\"async\" class=\"swiper-slide-image\" src=\"https:\/\/spinlama.com\/sk\/wp-content\/uploads\/sites\/30\/2023\/01\/panda-800x800.jpg\" alt=\"panda\" \/><\/figure><\/div><div class=\"swiper-slide\" role=\"group\" aria-roledescription=\"slide\" aria-label=\"2 of 4\"><figure class=\"swiper-slide-inner\"><img decoding=\"async\" class=\"swiper-slide-image\" src=\"https:\/\/spinlama.com\/sk\/wp-content\/uploads\/sites\/30\/2024\/01\/blu-1-800x800.jpg\" alt=\"blu-1.jpg\" \/><\/figure><\/div><div class=\"swiper-slide\" role=\"group\" aria-roledescription=\"slide\" aria-label=\"3 of 4\"><figure class=\"swiper-slide-inner\"><img decoding=\"async\" class=\"swiper-slide-image\" src=\"https:\/\/spinlama.com\/sk\/wp-content\/uploads\/sites\/30\/2024\/01\/lila-1-800x800.jpg\" alt=\"lila-1.jpg\" \/><\/figure><\/div><div class=\"swiper-slide\" role=\"group\" aria-roledescription=\"slide\" aria-label=\"4 of 4\"><figure class=\"swiper-slide-inner\"><img decoding=\"async\" class=\"swiper-slide-image\" src=\"https:\/\/spinlama.com\/sk\/wp-content\/uploads\/sites\/30\/2024\/01\/red-1-800x800.jpg\" alt=\"red-1.jpg\" \/><\/figure><\/div>\t\t\t<\/div>\n\t\t\t\t\t\t\t\t\t\t\t\t<div class=\"elementor-swiper-button elementor-swiper-button-prev\" role=\"button\" tabindex=\"0\">\n\t\t\t\t\t\t<i aria-hidden=\"true\" class=\"eicon-chevron-left\"><\/i>\t\t\t\t\t<\/div>\n\t\t\t\t\t<div class=\"elementor-swiper-button elementor-swiper-button-next\" role=\"button\" tabindex=\"0\">\n\t\t\t\t\t\t<i aria-hidden=\"true\" class=\"eicon-chevron-right\"><\/i>\t\t\t\t\t<\/div>\n\t\t\t\t\n\t\t\t\t\t\t\t\t\t<div class=\"swiper-pagination\"><\/div>\n\t\t\t\t\t\t\t\t\t<\/div>\n\t\t\t\t<\/div>\n\t\t\t\t<\/div>\n\t\t\t\t\t<\/div>\n\t\t<\/div>\n\t\t\t\t<div class=\"elementor-column elementor-col-50 elementor-top-column elementor-element elementor-element-d80c882\" data-id=\"d80c882\" data-element_type=\"column\">\n\t\t\t<div class=\"elementor-widget-wrap elementor-element-populated\">\n\t\t\t\t\t\t<div class=\"elementor-element elementor-element-3d9a169 elementor-widget elementor-widget-shortcode\" data-id=\"3d9a169\" data-element_type=\"widget\" data-widget_type=\"shortcode.default\">\n\t\t\t\t<div class=\"elementor-widget-container\">\n\t\t\t\t\t<div class=\"elementor-shortcode\"><div style=\"position: relative; padding-top: 100%;\"><iframe src=\"https:\/\/iframe.mediadelivery.net\/embed\/53604\/c858e231-9b8c-4fe3-95ab-9f6b5f709cb5?autoplay=true&loop=true&muted=true\" loading=\"lazy\" style=\"border: none; position: absolute; top: 0; height: 100%; width: 100%;\" allow=\"accelerometer; gyroscope; autoplay; encrypted-media; picture-in-picture;\" allowfullscreen=\"true\"><\/iframe><\/div><\/div>\n\t\t\t\t<\/div>\n\t\t\t\t<\/div>\n\t\t\t\t\t<\/div>\n\t\t<\/div>\n\t\t\t\t\t<\/div>\n\t\t<\/section>\n\t\t\t\t<section class=\"elementor-section elementor-top-section elementor-element elementor-element-f6fcd5c elementor-section-boxed elementor-section-height-default elementor-section-height-default\" data-id=\"f6fcd5c\" data-element_type=\"section\">\n\t\t\t\t\t\t<div class=\"elementor-container elementor-column-gap-default\">\n\t\t\t\t\t<div class=\"elementor-column elementor-col-100 elementor-top-column elementor-element elementor-element-6624adb\" data-id=\"6624adb\" data-element_type=\"column\">\n\t\t\t<div class=\"elementor-widget-wrap elementor-element-populated\">\n\t\t\t\t\t\t<div class=\"elementor-element elementor-element-70be6cc elementor-widget elementor-widget-accordion\" data-id=\"70be6cc\" data-element_type=\"widget\" data-widget_type=\"accordion.default\">\n\t\t\t\t<div class=\"elementor-widget-container\">\n\t\t\t<style>\/*! elementor - v3.21.0 - 18-04-2024 *\/\n.elementor-accordion{text-align:start}.elementor-accordion .elementor-accordion-item{border:1px solid #d5d8dc}.elementor-accordion .elementor-accordion-item+.elementor-accordion-item{border-top:none}.elementor-accordion .elementor-tab-title{margin:0;padding:15px 20px;font-weight:700;line-height:1;cursor:pointer;outline:none}.elementor-accordion .elementor-tab-title .elementor-accordion-icon{display:inline-block;width:1.5em}.elementor-accordion .elementor-tab-title .elementor-accordion-icon svg{width:1em;height:1em}.elementor-accordion .elementor-tab-title .elementor-accordion-icon.elementor-accordion-icon-right{float:right;text-align:right}.elementor-accordion .elementor-tab-title .elementor-accordion-icon.elementor-accordion-icon-left{float:left;text-align:left}.elementor-accordion .elementor-tab-title .elementor-accordion-icon .elementor-accordion-icon-closed{display:block}.elementor-accordion .elementor-tab-title .elementor-accordion-icon .elementor-accordion-icon-opened,.elementor-accordion .elementor-tab-title.elementor-active .elementor-accordion-icon-closed{display:none}.elementor-accordion .elementor-tab-title.elementor-active .elementor-accordion-icon-opened{display:block}.elementor-accordion .elementor-tab-content{display:none;padding:15px 20px;border-top:1px solid #d5d8dc}@media (max-width:767px){.elementor-accordion .elementor-tab-title{padding:12px 15px}.elementor-accordion .elementor-tab-title .elementor-accordion-icon{width:1.2em}.elementor-accordion .elementor-tab-content{padding:7px 15px}}.e-con-inner>.elementor-widget-accordion,.e-con>.elementor-widget-accordion{width:var(--container-widget-width);--flex-grow:var(--container-widget-flex-grow)}<\/style>\t\t<div class=\"elementor-accordion\">\n\t\t\t\t\t\t\t<div class=\"elementor-accordion-item\">\n\t\t\t\t\t<div id=\"elementor-tab-title-1181\" class=\"elementor-tab-title\" data-tab=\"1\" role=\"button\" aria-controls=\"elementor-tab-content-1181\" aria-expanded=\"false\">\n\t\t\t\t\t\t\t\t\t\t\t\t\t<span class=\"elementor-accordion-icon elementor-accordion-icon-left\" aria-hidden=\"true\">\n\t\t\t\t\t\t\t\t\t\t\t\t\t\t\t<span class=\"elementor-accordion-icon-closed\"><i class=\"fas fa-chevron-down\"><\/i><\/span>\n\t\t\t\t\t\t\t\t<span class=\"elementor-accordion-icon-opened\"><i class=\"fas fa-chevron-up\"><\/i><\/span>\n\t\t\t\t\t\t\t\t\t\t\t\t\t\t<\/span>\n\t\t\t\t\t\t\t\t\t\t\t\t<a class=\"elementor-accordion-title\" tabindex=\"0\">Vlastnosti <\/a>\n\t\t\t\t\t<\/div>\n\t\t\t\t\t<div id=\"elementor-tab-content-1181\" class=\"elementor-tab-content elementor-clearfix\" data-tab=\"1\" role=\"region\" aria-labelledby=\"elementor-tab-title-1181\"><p><strong>Rozmery:<\/strong> 30 cm x 60 cm x 47 cm<\/p><p><img loading=\"lazy\" decoding=\"async\" class=\"alignnone wp-image-341501\" src=\"https:\/\/vivozebra.si\/wp-content\/uploads\/sites\/11\/2024\/01\/dimenzije-800x551.jpg\" alt=\"\" width=\"400\" height=\"276\" \/><\/p><p><strong>Materi\u00e1l:<\/strong> ply\u0161, polyester<\/p><p><strong>Ve\u013ekos\u0165:<\/strong> UNIVERZ\u00c1LNA<\/p><p><strong>Farby:<\/strong> \u010derven\u00e1, fialov\u00e1, modr\u00e1<\/p><p><strong>\u010cistenie:<\/strong> pranie pri 30 \u00b0C<\/p><\/div>\n\t\t\t\t<\/div>\n\t\t\t\t\t\t\t\t<\/div>\n\t\t\t\t<\/div>\n\t\t\t\t<\/div>\n\t\t\t\t\t<\/div>\n\t\t<\/div>\n\t\t\t\t\t<\/div>\n\t\t<\/section>\n\t\t\t\t<\/div>\n\t\t","protected":false},"excerpt":{"rendered":"<p>Ply\u0161ov\u00e1 hra\u010dka a mikina v jednom!<\/p>\n<ul>\n<li>vyberte si zo 4 zvierac\u00edch postavi\u010diek<\/li>\n<li>univerz\u00e1lna ve\u013ekos\u0165<\/li>\n<\/ul>\n","protected":false},"featured_media":223579,"comment_status":"closed","ping_status":"closed","template":"","meta":[],"product_cat":[492,464],"product_tag":[683,612,684,685,686,687,688,689],"aioseo_notices":[],"_links":{"self":[{"href":"https:\/\/spinlama.com\/sk\/wp-json\/wp\/v2\/product\/222599"}],"collection":[{"href":"https:\/\/spinlama.com\/sk\/wp-json\/wp\/v2\/product"}],"about":[{"href":"https:\/\/spinlama.com\/sk\/wp-json\/wp\/v2\/types\/product"}],"replies":[{"embeddable":true,"href":"https:\/\/spinlama.com\/sk\/wp-json\/wp\/v2\/comments?post=222599"}],"version-history":[{"count":10,"href":"https:\/\/spinlama.com\/sk\/wp-json\/wp\/v2\/product\/222599\/revisions"}],"predecessor-version":[{"id":223584,"href":"https:\/\/spinlama.com\/sk\/wp-json\/wp\/v2\/product\/222599\/revisions\/223584"}],"wp:featuredmedia":[{"embeddable":true,"href":"https:\/\/spinlama.com\/sk\/wp-json\/wp\/v2\/media\/223579"}],"wp:attachment":[{"href":"https:\/\/spinlama.com\/sk\/wp-json\/wp\/v2\/media?parent=222599"}],"wp:term":[{"taxonomy":"product_cat","embeddable":true,"href":"https:\/\/spinlama.com\/sk\/wp-json\/wp\/v2\/product_cat?post=222599"},{"taxonomy":"product_tag","embeddable":true,"href":"https:\/\/spinlama.com\/sk\/wp-json\/wp\/v2\/product_tag?post=222599"}],"curies":[{"name":"wp","href":"https:\/\/api.w.org\/{rel}","templated":true}]}}