{"id":53421,"date":"2019-10-16T13:07:17","date_gmt":"2019-10-16T11:07:17","guid":{"rendered":"https:\/\/vivozebra.sk\/?post_type=product&#038;p=53421"},"modified":"2023-07-25T12:41:41","modified_gmt":"2023-07-25T10:41:41","slug":"vivo-gloves","status":"publish","type":"product","link":"https:\/\/spinlama.com\/sk\/v\u00fdrobok\/vivo-gloves\/","title":{"rendered":"Kompresn\u00e9 rukavice Vivo Gloves"},"content":{"rendered":"<p style=\"text-align: center\"><strong><span style=\"font-size: 130%\">Rukavice Vivo s\u00fa vyroben\u00e9 z vysoko elastick\u00e9ho materi\u00e1lu, ktor\u00fd pevne obop\u00edna prsty, ruky a z\u00e1p\u00e4stia a vytv\u00e1ra jemn\u00fa kompresiu.<\/span><\/strong><\/p>\n<p style=\"text-align: center\"><img fetchpriority=\"high\" decoding=\"async\" class=\"alignnone wp-image-231523 size-medium\" src=\"https:\/\/vivozebra.si\/wp-content\/uploads\/sites\/11\/2022\/01\/no-tat-400x400.jpg\" alt=\"\" width=\"400\" height=\"400\" \/><\/p>\n<p style=\"text-align: center\"><strong><span style=\"font-size: 130%\">Poskytuj\u00fa va\u0161im ruk\u00e1m pr\u00edjemn\u00fd pocit a oporu.<\/span><\/strong><\/p>\n<p style=\"text-align: center\"><img decoding=\"async\" class=\"alignnone size-medium wp-image-231520\" src=\"https:\/\/vivozebra.si\/wp-content\/uploads\/sites\/11\/2021\/12\/no-tat-2-400x400.jpg\" alt=\"\" width=\"400\" height=\"400\" \/><\/p>\n<p style=\"text-align: center\"><strong><span style=\"font-size: 130%\">Ergonomicky navrhnut\u00e9 rukavice s diskr\u00e9tnymi \u0161vami zaru\u010duj\u00fa dokonal\u00e9 prisp\u00f4sobenie pri nosen\u00ed. Rukavice v univerz\u00e1lnej tmavosivej farbe s\u00fa vhodn\u00e9 pre mu\u017eov aj \u017eeny.<\/span><\/strong><\/p>\n<p style=\"text-align: center\"><span style=\"font-size: 130%\"><img decoding=\"async\" class=\"alignnone wp-image-53423\" src=\"https:\/\/vivozebra.sk\/wp-content\/uploads\/sites\/5\/2019\/10\/vivogloves-00.jpg\" alt=\"\" width=\"500\" height=\"500\" srcset=\"https:\/\/spinlama.com\/sk\/wp-content\/uploads\/sites\/30\/2019\/10\/vivogloves-00.jpg 1000w, https:\/\/spinlama.com\/sk\/wp-content\/uploads\/sites\/30\/2019\/10\/vivogloves-00-100x100.jpg 100w, https:\/\/spinlama.com\/sk\/wp-content\/uploads\/sites\/30\/2019\/10\/vivogloves-00-510x510.jpg 510w, https:\/\/spinlama.com\/sk\/wp-content\/uploads\/sites\/30\/2019\/10\/vivogloves-00-280x280.jpg 280w, https:\/\/spinlama.com\/sk\/wp-content\/uploads\/sites\/30\/2019\/10\/vivogloves-00-400x400.jpg 400w, https:\/\/spinlama.com\/sk\/wp-content\/uploads\/sites\/30\/2019\/10\/vivogloves-00-768x768.jpg 768w, https:\/\/spinlama.com\/sk\/wp-content\/uploads\/sites\/30\/2019\/10\/vivogloves-00-800x800.jpg 800w\" sizes=\"(max-width: 500px) 100vw, 500px\" \/><\/span><\/p>\n<p style=\"text-align: center\"><span style=\"font-size: 130%\"><strong>\u00a0<\/strong><strong>S\u00fa vzdu\u0161n\u00e9 a z pr\u00edjemn\u00e9ho materi\u00e1lu, tak\u017ee ich m\u00f4\u017eete nosi\u0165 cel\u00fd de\u0148.<br \/>\nVyroben\u00e9 s\u00fa z bavlny a lycry.<\/strong><\/span><\/p>\n<p style=\"text-align: center\"><span style=\"font-size: 130%\"><img loading=\"lazy\" decoding=\"async\" class=\"alignnone wp-image-53446\" src=\"https:\/\/vivozebra.sk\/wp-content\/uploads\/sites\/5\/2019\/10\/vivogloves-02_SK.jpg\" alt=\"\" width=\"601\" height=\"472\" srcset=\"https:\/\/spinlama.com\/sk\/wp-content\/uploads\/sites\/30\/2019\/10\/vivogloves-02_SK.jpg 1018w, https:\/\/spinlama.com\/sk\/wp-content\/uploads\/sites\/30\/2019\/10\/vivogloves-02_SK-510x401.jpg 510w, https:\/\/spinlama.com\/sk\/wp-content\/uploads\/sites\/30\/2019\/10\/vivogloves-02_SK-509x400.jpg 509w, https:\/\/spinlama.com\/sk\/wp-content\/uploads\/sites\/30\/2019\/10\/vivogloves-02_SK-768x604.jpg 768w\" sizes=\"(max-width: 601px) 100vw, 601px\" \/><\/span><\/p>\n<p style=\"text-align: center\"><span style=\"font-size: 130%\"><strong>Vhodn\u00e9 na pou\u017eitie v exteri\u00e9roch aj interi\u00e9roch a vo v\u0161etk\u00fdch ro\u010dn\u00fdch obdobiach.<\/strong><\/span><\/p>\n<p style=\"text-align: center\"><span style=\"font-size: 130%\"><img loading=\"lazy\" decoding=\"async\" class=\"alignnone wp-image-53447\" src=\"https:\/\/vivozebra.sk\/wp-content\/uploads\/sites\/5\/2019\/10\/vivogloves_09.jpg\" alt=\"\" width=\"600\" height=\"600\" srcset=\"https:\/\/spinlama.com\/sk\/wp-content\/uploads\/sites\/30\/2019\/10\/vivogloves_09.jpg 800w, https:\/\/spinlama.com\/sk\/wp-content\/uploads\/sites\/30\/2019\/10\/vivogloves_09-100x100.jpg 100w, https:\/\/spinlama.com\/sk\/wp-content\/uploads\/sites\/30\/2019\/10\/vivogloves_09-510x510.jpg 510w, https:\/\/spinlama.com\/sk\/wp-content\/uploads\/sites\/30\/2019\/10\/vivogloves_09-280x280.jpg 280w, https:\/\/spinlama.com\/sk\/wp-content\/uploads\/sites\/30\/2019\/10\/vivogloves_09-400x400.jpg 400w, https:\/\/spinlama.com\/sk\/wp-content\/uploads\/sites\/30\/2019\/10\/vivogloves_09-768x768.jpg 768w\" sizes=\"(max-width: 600px) 100vw, 600px\" \/><\/span><\/p>\n<p style=\"text-align: center\"><span style=\"font-size: 130%\"><strong>Tvar bez prstov umo\u017e\u0148uje nosenie rukav\u00edc po\u010das v\u0161etk\u00fdch \u010dinnost\u00ed \u2013 po\u010das pou\u017e\u00edvania telef\u00f3nu, po\u010d\u00edta\u010da, po\u010das varenia, posi\u013eovania, behu a v\u00fdkonom in\u00fdch dom\u00e1cich pr\u00e1c a aktiv\u00edt. Veci m\u00f4\u017eete jednoducho chyti\u0165, pren\u00e1\u0161a\u0165 a dot\u00fdka\u0165 sa ich.<\/strong><\/span><\/p>\n<p style=\"text-align: center\"><span style=\"font-size: 130%\"><img loading=\"lazy\" decoding=\"async\" class=\"alignnone wp-image-53444\" src=\"https:\/\/vivozebra.sk\/wp-content\/uploads\/sites\/5\/2019\/10\/vivogloves-10.jpg\" alt=\"\" width=\"600\" height=\"600\" srcset=\"https:\/\/spinlama.com\/sk\/wp-content\/uploads\/sites\/30\/2019\/10\/vivogloves-10.jpg 800w, https:\/\/spinlama.com\/sk\/wp-content\/uploads\/sites\/30\/2019\/10\/vivogloves-10-100x100.jpg 100w, https:\/\/spinlama.com\/sk\/wp-content\/uploads\/sites\/30\/2019\/10\/vivogloves-10-510x510.jpg 510w, https:\/\/spinlama.com\/sk\/wp-content\/uploads\/sites\/30\/2019\/10\/vivogloves-10-280x280.jpg 280w, https:\/\/spinlama.com\/sk\/wp-content\/uploads\/sites\/30\/2019\/10\/vivogloves-10-400x400.jpg 400w, https:\/\/spinlama.com\/sk\/wp-content\/uploads\/sites\/30\/2019\/10\/vivogloves-10-768x768.jpg 768w\" sizes=\"(max-width: 600px) 100vw, 600px\" \/><\/span><\/p>\n<p style=\"text-align: center\"><span style=\"font-size: 130%\"><strong>\u00a0<\/strong><strong>Rukavice s\u00fa vzdu\u0161n\u00e9, tak\u017ee ruky sa po\u010das ich nosenia nepotia.<\/strong><\/span><\/p>\n<p style=\"text-align: center\"><span style=\"font-size: 130%\"><img loading=\"lazy\" decoding=\"async\" class=\"alignnone wp-image-53455\" src=\"https:\/\/vivozebra.sk\/wp-content\/uploads\/sites\/5\/2019\/10\/vivogloves-11.jpg\" alt=\"\" width=\"600\" height=\"600\" srcset=\"https:\/\/spinlama.com\/sk\/wp-content\/uploads\/sites\/30\/2019\/10\/vivogloves-11.jpg 800w, https:\/\/spinlama.com\/sk\/wp-content\/uploads\/sites\/30\/2019\/10\/vivogloves-11-100x100.jpg 100w, https:\/\/spinlama.com\/sk\/wp-content\/uploads\/sites\/30\/2019\/10\/vivogloves-11-510x510.jpg 510w, https:\/\/spinlama.com\/sk\/wp-content\/uploads\/sites\/30\/2019\/10\/vivogloves-11-280x280.jpg 280w, https:\/\/spinlama.com\/sk\/wp-content\/uploads\/sites\/30\/2019\/10\/vivogloves-11-400x400.jpg 400w, https:\/\/spinlama.com\/sk\/wp-content\/uploads\/sites\/30\/2019\/10\/vivogloves-11-768x768.jpg 768w\" sizes=\"(max-width: 600px) 100vw, 600px\" \/><\/span><\/p>\n<p style=\"text-align: center\"><strong><span style=\"font-size: 130%\">Rukavice s\u00fa k dispoz\u00edcii v 3 ve\u013ekostiach v z\u00e1vislosti od priemeru dlane cez k\u013aby.<\/span><\/strong><\/p>\n<p style=\"text-align: center\"><img loading=\"lazy\" decoding=\"async\" class=\"alignnone wp-image-53438\" src=\"https:\/\/vivozebra.sk\/wp-content\/uploads\/sites\/5\/2019\/10\/vivogloves-03-SK.jpg\" alt=\"\" width=\"600\" height=\"564\" srcset=\"https:\/\/spinlama.com\/sk\/wp-content\/uploads\/sites\/30\/2019\/10\/vivogloves-03-SK.jpg 957w, https:\/\/spinlama.com\/sk\/wp-content\/uploads\/sites\/30\/2019\/10\/vivogloves-03-SK-510x480.jpg 510w, https:\/\/spinlama.com\/sk\/wp-content\/uploads\/sites\/30\/2019\/10\/vivogloves-03-SK-425x400.jpg 425w, https:\/\/spinlama.com\/sk\/wp-content\/uploads\/sites\/30\/2019\/10\/vivogloves-03-SK-768x722.jpg 768w, https:\/\/spinlama.com\/sk\/wp-content\/uploads\/sites\/30\/2019\/10\/vivogloves-03-SK-851x800.jpg 851w\" sizes=\"(max-width: 600px) 100vw, 600px\" \/><\/p>\n<p><strong><span style=\"font-size: 105%\">Vlastnosti:<\/span><\/strong><br \/>\n<span style=\"font-size: 105%\">\u2713 Pr\u00edjemn\u00fd pocit a pohodlie pri nosen\u00ed<br \/>\n<\/span><span style=\"font-size: 105%\">\u2713 Vyroben\u00e9 z vysoko elastick\u00e9ho materi\u00e1lu, ktor\u00fd zabezpe\u010duje dokonal\u00e9 prisp\u00f4sobenie<\/span><br \/>\n<span style=\"font-size: 105%\">\u2713 Tvar bez prstov, ktor\u00fd umo\u017e\u0148uje vo\u013en\u00fd pohyb po\u010das \u010dinnosti<\/span><br \/>\n<span style=\"font-size: 105%\">\u2713 Pr\u00edjemn\u00fd materi\u00e1l, ktor\u00fd d\u00fdcha<br \/>\n\u2713 Ur\u010den\u00e9 s\u00fa na ka\u017edodenn\u00e9 pou\u017eitie<\/span><\/p>\n<p><span style=\"font-size: 105%\"><strong>Materi\u00e1l:<\/strong> 85% bavlna, 15% elastan<\/span><br \/>\n<span style=\"font-size: 105%\"><strong>Ve\u013ekos\u0165:<\/strong> k dispoz\u00edcii v troch ve\u013ekostiach (pod\u013ea priemeru dlane)<\/span><br \/>\n<span style=\"font-size: 105%\"><strong>Farba<\/strong>: \u0161ed\u00e1<br \/>\n<\/span><span style=\"font-size: 105%\"><strong>\u00dadr\u017eba<\/strong>: pranie pri n\u00edzkej teplote (do 30\u00b0C). Su\u0161enie na vzduchu.<\/span><\/p>\n<p><strong><span style=\"font-size: 105%\">Balenie obsahuje:<\/span><\/strong><br \/>\n<span style=\"font-size: 105%\">1x p\u00e1r rukav\u00edc Vivo Gloves<\/span><\/p>\n<p><img loading=\"lazy\" decoding=\"async\" class=\"alignnone wp-image-53425\" src=\"https:\/\/vivozebra.sk\/wp-content\/uploads\/sites\/5\/2019\/10\/vivogloves-05.jpg\" alt=\"\" width=\"350\" height=\"350\" srcset=\"https:\/\/spinlama.com\/sk\/wp-content\/uploads\/sites\/30\/2019\/10\/vivogloves-05.jpg 800w, https:\/\/spinlama.com\/sk\/wp-content\/uploads\/sites\/30\/2019\/10\/vivogloves-05-100x100.jpg 100w, https:\/\/spinlama.com\/sk\/wp-content\/uploads\/sites\/30\/2019\/10\/vivogloves-05-510x510.jpg 510w, https:\/\/spinlama.com\/sk\/wp-content\/uploads\/sites\/30\/2019\/10\/vivogloves-05-280x280.jpg 280w, https:\/\/spinlama.com\/sk\/wp-content\/uploads\/sites\/30\/2019\/10\/vivogloves-05-400x400.jpg 400w, https:\/\/spinlama.com\/sk\/wp-content\/uploads\/sites\/30\/2019\/10\/vivogloves-05-768x768.jpg 768w\" sizes=\"(max-width: 350px) 100vw, 350px\" \/><img loading=\"lazy\" decoding=\"async\" class=\"alignnone wp-image-53426\" style=\"font-size: 14.4px\" src=\"https:\/\/vivozebra.sk\/wp-content\/uploads\/sites\/5\/2019\/10\/vivogloves-06.jpg\" alt=\"\" width=\"350\" height=\"350\" srcset=\"https:\/\/spinlama.com\/sk\/wp-content\/uploads\/sites\/30\/2019\/10\/vivogloves-06.jpg 800w, https:\/\/spinlama.com\/sk\/wp-content\/uploads\/sites\/30\/2019\/10\/vivogloves-06-100x100.jpg 100w, https:\/\/spinlama.com\/sk\/wp-content\/uploads\/sites\/30\/2019\/10\/vivogloves-06-510x510.jpg 510w, https:\/\/spinlama.com\/sk\/wp-content\/uploads\/sites\/30\/2019\/10\/vivogloves-06-280x280.jpg 280w, https:\/\/spinlama.com\/sk\/wp-content\/uploads\/sites\/30\/2019\/10\/vivogloves-06-400x400.jpg 400w, https:\/\/spinlama.com\/sk\/wp-content\/uploads\/sites\/30\/2019\/10\/vivogloves-06-768x768.jpg 768w\" sizes=\"(max-width: 350px) 100vw, 350px\" \/><img loading=\"lazy\" decoding=\"async\" class=\"alignnone wp-image-53422\" style=\"font-size: 14.4px\" src=\"https:\/\/vivozebra.sk\/wp-content\/uploads\/sites\/5\/2019\/10\/vivogloves_04.jpg\" alt=\"\" width=\"350\" height=\"350\" srcset=\"https:\/\/spinlama.com\/sk\/wp-content\/uploads\/sites\/30\/2019\/10\/vivogloves_04.jpg 1000w, https:\/\/spinlama.com\/sk\/wp-content\/uploads\/sites\/30\/2019\/10\/vivogloves_04-100x100.jpg 100w, https:\/\/spinlama.com\/sk\/wp-content\/uploads\/sites\/30\/2019\/10\/vivogloves_04-510x510.jpg 510w, https:\/\/spinlama.com\/sk\/wp-content\/uploads\/sites\/30\/2019\/10\/vivogloves_04-280x280.jpg 280w, https:\/\/spinlama.com\/sk\/wp-content\/uploads\/sites\/30\/2019\/10\/vivogloves_04-400x400.jpg 400w, https:\/\/spinlama.com\/sk\/wp-content\/uploads\/sites\/30\/2019\/10\/vivogloves_04-768x768.jpg 768w, https:\/\/spinlama.com\/sk\/wp-content\/uploads\/sites\/30\/2019\/10\/vivogloves_04-800x800.jpg 800w\" sizes=\"(max-width: 350px) 100vw, 350px\" \/><\/p>\n","protected":false},"excerpt":{"rendered":"<p><strong><span style=\"font-size: 140%\">Extr\u00e9mne elastick\u00e9 rukavice jemne stl\u00e1\u010daj\u00fa prsty, ruky a z\u00e1p\u00e4stia, \u010d\u00edm vytv\u00e1raj\u00fa jemn\u00fa kompresiu.<\/span><\/strong><\/p>\n<p><span style=\"font-size: 130%\">Vhodn\u00e9 aj na fitnes, cvi\u010denie alebo in\u00e9 aktivity.<\/span><\/p>\n","protected":false},"featured_media":53423,"comment_status":"closed","ping_status":"closed","template":"","meta":[],"product_cat":[464],"product_tag":[],"aioseo_notices":[],"_links":{"self":[{"href":"https:\/\/spinlama.com\/sk\/wp-json\/wp\/v2\/product\/53421"}],"collection":[{"href":"https:\/\/spinlama.com\/sk\/wp-json\/wp\/v2\/product"}],"about":[{"href":"https:\/\/spinlama.com\/sk\/wp-json\/wp\/v2\/types\/product"}],"replies":[{"embeddable":true,"href":"https:\/\/spinlama.com\/sk\/wp-json\/wp\/v2\/comments?post=53421"}],"version-history":[{"count":5,"href":"https:\/\/spinlama.com\/sk\/wp-json\/wp\/v2\/product\/53421\/revisions"}],"predecessor-version":[{"id":220307,"href":"https:\/\/spinlama.com\/sk\/wp-json\/wp\/v2\/product\/53421\/revisions\/220307"}],"wp:featuredmedia":[{"embeddable":true,"href":"https:\/\/spinlama.com\/sk\/wp-json\/wp\/v2\/media\/53423"}],"wp:attachment":[{"href":"https:\/\/spinlama.com\/sk\/wp-json\/wp\/v2\/media?parent=53421"}],"wp:term":[{"taxonomy":"product_cat","embeddable":true,"href":"https:\/\/spinlama.com\/sk\/wp-json\/wp\/v2\/product_cat?post=53421"},{"taxonomy":"product_tag","embeddable":true,"href":"https:\/\/spinlama.com\/sk\/wp-json\/wp\/v2\/product_tag?post=53421"}],"curies":[{"name":"wp","href":"https:\/\/api.w.org\/{rel}","templated":true}]}}